{"id":986,"date":"2016-08-16T16:07:40","date_gmt":"2016-08-16T16:07:40","guid":{"rendered":"http:\/\/labora.ee\/et\/shop\/happy-new-year-2\/"},"modified":"2020-04-21T12:29:04","modified_gmt":"2020-04-21T09:29:04","slug":"haid-puhi-3","status":"publish","type":"product","link":"https:\/\/labora.ee\/et\/shop\/postcards\/haid-puhi-3\/","title":{"rendered":"H\u00e4id p\u00fchi"},"content":{"rendered":"<p>M\u00f5nusalt nostalgiah\u00f5nguline kaart kus olev t\u00fctarlaps on kujutatud oma lemmikm\u00e4nguasjaga. Vana foto laadne pilt meenutab 20. sajandi alguse v\u00e4rvifotosid. Mida v\u00f5is m\u00f5elda \u00fcks v\u00e4ike t\u00fcdruk oma uue lemmikm\u00e4nguasjaga t\u00f5tt vaadates? Aasta tagasi, sada aastat tagasi, kolmsada aastat tagasi?<\/p>\n<p><span style=\"font-weight: 400;\">Meie postkaardid on valmistatud 100% taaskasutatud paberist ja tr\u00fckitud k\u00f5rgtr\u00fcki tehnikas.<\/span><\/p>\n","protected":false},"excerpt":{"rendered":"<p><strong>Kas postkaardi saatmine tundub vanamoodne? Aga keskaegsetel meetoditel k\u00e4sitsi valmistatud postkaardi saatmine? M\u00f5nikord on tore olla vanamoodne &#8211; eriti tore on aga postkastist kaarti leida! <\/strong><\/p>\n<p><strong>\u00dcllata oma s\u00f5pru ja tuttavaid k\u00f5rgtr\u00fcki tehnikas valminud kaardiga, mis on rikkalik nii faktuurilt kui kujunduselt. Sellist postkaarti juba igalt t\u00e4navanurgalt ei leia!<\/strong><\/p>\n","protected":false},"featured_media":2701,"comment_status":"closed","ping_status":"closed","template":"","meta":{"_et_pb_use_builder":"","_et_pb_old_content":"","_et_gb_content_width":""},"product_brand":[],"product_cat":[24,115],"product_tag":[121,122,126,127],"class_list":{"0":"post-986","1":"product","2":"type-product","3":"status-publish","4":"has-post-thumbnail","6":"product_cat-postcards","7":"product_cat-christmas-cards","8":"product_tag-kasitoo","9":"product_tag-korgtrukk","10":"product_tag-postkaart","11":"product_tag-taaskasutatud-paber","13":"first","14":"instock","15":"taxable","16":"shipping-taxable","17":"purchasable","18":"product-type-simple"},"_links":{"self":[{"href":"https:\/\/labora.ee\/et\/wp-json\/wp\/v2\/product\/986","targetHints":{"allow":["GET"]}}],"collection":[{"href":"https:\/\/labora.ee\/et\/wp-json\/wp\/v2\/product"}],"about":[{"href":"https:\/\/labora.ee\/et\/wp-json\/wp\/v2\/types\/product"}],"replies":[{"embeddable":true,"href":"https:\/\/labora.ee\/et\/wp-json\/wp\/v2\/comments?post=986"}],"wp:featuredmedia":[{"embeddable":true,"href":"https:\/\/labora.ee\/et\/wp-json\/wp\/v2\/media\/2701"}],"wp:attachment":[{"href":"https:\/\/labora.ee\/et\/wp-json\/wp\/v2\/media?parent=986"}],"wp:term":[{"taxonomy":"product_brand","embeddable":true,"href":"https:\/\/labora.ee\/et\/wp-json\/wp\/v2\/product_brand?post=986"},{"taxonomy":"product_cat","embeddable":true,"href":"https:\/\/labora.ee\/et\/wp-json\/wp\/v2\/product_cat?post=986"},{"taxonomy":"product_tag","embeddable":true,"href":"https:\/\/labora.ee\/et\/wp-json\/wp\/v2\/product_tag?post=986"}],"curies":[{"name":"wp","href":"https:\/\/api.w.org\/{rel}","templated":true}]}}