{"id":978,"date":"2016-08-16T15:59:28","date_gmt":"2016-08-16T15:59:28","guid":{"rendered":"http:\/\/labora.ee\/et\/shop\/tallinn-pirita-convent-of-st-birgitta-of-sweden\/"},"modified":"2020-04-21T12:29:04","modified_gmt":"2020-04-21T09:29:04","slug":"tallinn-pirita-convent-of-st-birgitta-of-sweden","status":"publish","type":"product","link":"https:\/\/labora.ee\/et\/shop\/postcards\/tallinn-pirita-convent-of-st-birgitta-of-sweden\/","title":{"rendered":"Pirita klooster"},"content":{"rendered":"<p>Pirita (P\u00fcha Birgitta ordu) kloostri kirik valmis\u00a0 ja p\u00fchitseti\u00a0<a href=\"https:\/\/et.wikipedia.org\/wiki\/1436\">1436<\/a>. aastal. Pirita klooster oli omal ajal suurim\u00a0<a href=\"https:\/\/et.wikipedia.org\/wiki\/Vana-Liivimaa\">Vana-Liivimaal<\/a>\u00a0ja selle kirik suurim\u00a0<a href=\"https:\/\/et.wikipedia.org\/wiki\/Kirik_(p%C3%BChakoda)\">kirikuhoone<\/a>\u00a0keskaegses Eestis. Kloostri j\u00e4rgi on ka Pirita oma nime aanud. \u00a0Birgitta ordu erip\u00e4raks olid\u00a0<a href=\"https:\/\/et.wikipedia.org\/w\/index.php?title=Kaksikklooster&amp;action=edit&amp;redlink=1\">kaksikkloostrid<\/a>, mis t\u00e4hendas, et kloostris v\u00f5isid elada nii\u00a0<a href=\"https:\/\/et.wikipedia.org\/wiki\/Munk\">mungad<\/a>\u00a0kui ka\u00a0<a href=\"https:\/\/et.wikipedia.org\/wiki\/Nunn\">nunnad<\/a>, kuid nad olid \u00fcksteisest rangelt eraldatud ja nad ei kohtunud n\u00e4ost n\u00e4kku ka mitte palvuse ega\u00a0<a href=\"https:\/\/et.wikipedia.org\/wiki\/Jumalateenistus\">jumalateenistuse<\/a>\u00a0ajal.\u00a0Klooster, mis sai oma nime Rootsis emakloostri asutanud P\u00fcha Birgitta j\u00e4rgi, s\u00e4ilis oma algsel kujul 1577. aastani, mil Ivan Julma v\u00e4ed selle h\u00e4vitasid. Peahoone massiivne fassaad, seinad, keldrid ning surnuaed on s\u00e4ilinud t\u00e4nap\u00e4evani.\u00a0Kaasajal korraldatakse kloostri varemetes kontserte ning erinevaid kultuuris\u00fcndmusi. \u00dcheks suuremaks neist on Birgitta festival.<\/p>\n<p><span style=\"font-weight: 400;\">Meie postkaardid on valmistatud 100% taaskasutatud paberist ja tr\u00fckitud k\u00f5rgtr\u00fcki tehnikas.<\/span><\/p>\n","protected":false},"excerpt":{"rendered":"<p><b>Kas postkaardi saatmine tundub vanamoodne? Aga keskaegsetel meetoditel k\u00e4sitsi valmistatud postkaardi saatmine? M\u00f5nikord on tore olla vanamoodne &#8211; eriti tore on aga postkastist kaarti leida! <\/b><\/p>\n<p><b>\u00dcllata oma s\u00f5pru ja tuttavaid k\u00f5rgtr\u00fcki tehnikas valminud kaardiga, millele on iseloomulik nii rikkalik faktuur kui kujundus. Sellist postkaarti juba igalt t\u00e4navanurgalt ei leia!<\/b><\/p>\n","protected":false},"featured_media":3298,"comment_status":"closed","ping_status":"closed","template":"","meta":{"_et_pb_use_builder":"","_et_pb_old_content":"","_et_gb_content_width":""},"product_brand":[],"product_cat":[24],"product_tag":[121,122,126,127],"class_list":{"0":"post-978","1":"product","2":"type-product","3":"status-publish","4":"has-post-thumbnail","6":"product_cat-postcards","7":"product_tag-kasitoo","8":"product_tag-korgtrukk","9":"product_tag-postkaart","10":"product_tag-taaskasutatud-paber","12":"first","13":"instock","14":"taxable","15":"shipping-taxable","16":"purchasable","17":"product-type-simple"},"_links":{"self":[{"href":"https:\/\/labora.ee\/et\/wp-json\/wp\/v2\/product\/978","targetHints":{"allow":["GET"]}}],"collection":[{"href":"https:\/\/labora.ee\/et\/wp-json\/wp\/v2\/product"}],"about":[{"href":"https:\/\/labora.ee\/et\/wp-json\/wp\/v2\/types\/product"}],"replies":[{"embeddable":true,"href":"https:\/\/labora.ee\/et\/wp-json\/wp\/v2\/comments?post=978"}],"wp:featuredmedia":[{"embeddable":true,"href":"https:\/\/labora.ee\/et\/wp-json\/wp\/v2\/media\/3298"}],"wp:attachment":[{"href":"https:\/\/labora.ee\/et\/wp-json\/wp\/v2\/media?parent=978"}],"wp:term":[{"taxonomy":"product_brand","embeddable":true,"href":"https:\/\/labora.ee\/et\/wp-json\/wp\/v2\/product_brand?post=978"},{"taxonomy":"product_cat","embeddable":true,"href":"https:\/\/labora.ee\/et\/wp-json\/wp\/v2\/product_cat?post=978"},{"taxonomy":"product_tag","embeddable":true,"href":"https:\/\/labora.ee\/et\/wp-json\/wp\/v2\/product_tag?post=978"}],"curies":[{"name":"wp","href":"https:\/\/api.w.org\/{rel}","templated":true}]}}