{"id":976,"date":"2016-08-16T15:55:51","date_gmt":"2016-08-16T15:55:51","guid":{"rendered":"http:\/\/labora.ee\/et\/shop\/ukranian-greek-catholic-church\/"},"modified":"2020-04-21T12:29:04","modified_gmt":"2020-04-21T09:29:04","slug":"ukranian-greek-catholic-church","status":"publish","type":"product","link":"https:\/\/labora.ee\/et\/shop\/postcards\/ukranian-greek-catholic-church\/","title":{"rendered":"Ukraina Kreeka-Katoliku Kirik"},"content":{"rendered":"<p><b>Ukraina Kreekakatoliku kiriku\u00a0<\/b>hoone alustas oma elu 14. sajandil tagasihoidlikult \u2013 Oleviste kiriku aidana. Hilisemal ajal t\u00e4itis ka Oleviste leerikabeli funktsioone, seda kuni n\u00f5ukogude okupatsioonini, mil hoone muudeti KGB laoruumiks. 2000. aastal p\u00fchitseti kirik Kolmek\u00e4elise\u00a0Jumalaema \u00a0auks, kes on k\u00f5igi elusolendite, alusetult s\u00fc\u00fcdistatute v\u00f5i eba\u00f5iglaselt tagakiusatute kaitsja.\u00a0<span style=\"font-size: small;\">K\u00f5ik, keda on eba\u00f5iglaselt karistatud v\u00f5i kes on armunud, v\u00f5ivad oma mured paberile kirja panna, selle kiriku v\u00e4lisukse pilust sisse lasta ja loota, et Jumalaema saab neid aidata.<\/span><\/p>\n<p>Kiriku interj\u00f6\u00f6ri ja ikonostaasi on disaininud Ukraina kultuurikeskuse asutaja <a href=\"https:\/\/et.wikipedia.org\/wiki\/Anatoli_Ljutjuk\">Anatoli Ljutjuk<\/a>. <a href=\"https:\/\/et.wikipedia.org\/wiki\/Ikonostaas\">Ikonostaasi<\/a> maalide autor on kunstnik Petro Gumenjuk.<\/p>\n<p><span style=\"font-weight: 400;\">Meie postkaardid on valmistatud 100% taaskasutatud paberist ja tr\u00fckitud k\u00f5rgtr\u00fcki tehnikas.<\/span><\/p>\n","protected":false},"excerpt":{"rendered":"<p><b>Kas postkaardi saatmine tundub vanamoodne? Aga keskaegsetel meetoditel k\u00e4sitsi valmistatud postkaardi saatmine? M\u00f5nikord on tore olla vanamoodne &#8211; eriti tore on aga postkastist kaarti leida! <\/b><\/p>\n<p><b>\u00dcllata oma s\u00f5pru ja tuttavaid k\u00f5rgtr\u00fcki tehnikas valminud kaardiga, millele on iseloomulik nii rikkalik faktuur kui kujundus. Sellist postkaarti juba igalt t\u00e4navanurgalt ei leia!<\/b><\/p>\n","protected":false},"featured_media":3294,"comment_status":"closed","ping_status":"closed","template":"","meta":{"_et_pb_use_builder":"","_et_pb_old_content":"","_et_gb_content_width":""},"product_brand":[],"product_cat":[24],"product_tag":[121,122,126,127],"class_list":{"0":"post-976","1":"product","2":"type-product","3":"status-publish","4":"has-post-thumbnail","6":"product_cat-postcards","7":"product_tag-kasitoo","8":"product_tag-korgtrukk","9":"product_tag-postkaart","10":"product_tag-taaskasutatud-paber","12":"first","13":"instock","14":"taxable","15":"shipping-taxable","16":"purchasable","17":"product-type-simple"},"_links":{"self":[{"href":"https:\/\/labora.ee\/et\/wp-json\/wp\/v2\/product\/976","targetHints":{"allow":["GET"]}}],"collection":[{"href":"https:\/\/labora.ee\/et\/wp-json\/wp\/v2\/product"}],"about":[{"href":"https:\/\/labora.ee\/et\/wp-json\/wp\/v2\/types\/product"}],"replies":[{"embeddable":true,"href":"https:\/\/labora.ee\/et\/wp-json\/wp\/v2\/comments?post=976"}],"wp:featuredmedia":[{"embeddable":true,"href":"https:\/\/labora.ee\/et\/wp-json\/wp\/v2\/media\/3294"}],"wp:attachment":[{"href":"https:\/\/labora.ee\/et\/wp-json\/wp\/v2\/media?parent=976"}],"wp:term":[{"taxonomy":"product_brand","embeddable":true,"href":"https:\/\/labora.ee\/et\/wp-json\/wp\/v2\/product_brand?post=976"},{"taxonomy":"product_cat","embeddable":true,"href":"https:\/\/labora.ee\/et\/wp-json\/wp\/v2\/product_cat?post=976"},{"taxonomy":"product_tag","embeddable":true,"href":"https:\/\/labora.ee\/et\/wp-json\/wp\/v2\/product_tag?post=976"}],"curies":[{"name":"wp","href":"https:\/\/api.w.org\/{rel}","templated":true}]}}