{"id":974,"date":"2016-08-16T15:53:35","date_gmt":"2016-08-16T15:53:35","guid":{"rendered":"http:\/\/labora.ee\/et\/shop\/roman-catholic-church\/"},"modified":"2020-04-21T12:29:04","modified_gmt":"2020-04-21T09:29:04","slug":"roman-catholic-church","status":"publish","type":"product","link":"https:\/\/labora.ee\/et\/shop\/postcards\/roman-catholic-church\/","title":{"rendered":"Peeter-Pauli katedraal"},"content":{"rendered":"<p>Kirik on\u00a0 ehitatud \u00a0keskaegse domiiklaste kloostri s\u00f6\u00f6gisaali vundamendile. Tegemist on muljetavaldava pseudogooti stiilis ja uusklassitsistliku fassaadiga kirikuga mis valmis 1844. aastal, arhitektiks kuulus Carlo Rossi Peterburist. Kui klooster p\u00e4rast reformatsiooni 1524. aastal suleti, anti s\u00f6\u00f6gisaal linnakoolile. Kohalik roomakatoliku kirik omandas ruumid 1799. aastal ja ehitas sinna p\u00fchakoja. Kiriku uusklassitsistlik fassaad ja kaks madalat j\u00e4ssakat torni (arhitektid E. Jacoby ja F. de Vries) lisati 1924. aastal. Kuni p\u00fcha Birgitta ordu taastamiseni 1990ndatel oli p\u00fchade apostlite Peetruse ja Pauluse katedraal ainuke katoliiklik kogudus Tallinnas.<\/p>\n<p><span style=\"font-weight: 400;\">Meie postkaardid on valmistatud 100% taaskasutatud paberist ja tr\u00fckitud k\u00f5rgtr\u00fcki tehnikas.<\/span><\/p>\n","protected":false},"excerpt":{"rendered":"<p><b>Kas postkaardi saatmine tundub vanamoodne? Aga keskaegsetel meetoditel k\u00e4sitsi valmistatud postkaardi saatmine? M\u00f5nikord on tore olla vanamoodne &#8211; eriti tore on aga postkastist kaarti leida! <\/b><\/p>\n<p><b>\u00dcllata oma s\u00f5pru ja tuttavaid k\u00f5rgtr\u00fcki tehnikas valminud kaardiga, millele on iseloomulik nii rikkalik faktuur kui kujundus. Sellist postkaarti juba igalt t\u00e4navanurgalt ei leia!<\/b><\/p>\n","protected":false},"featured_media":3295,"comment_status":"closed","ping_status":"closed","template":"","meta":{"_et_pb_use_builder":"","_et_pb_old_content":"","_et_gb_content_width":""},"product_brand":[],"product_cat":[24],"product_tag":[121,122,126,136],"class_list":{"0":"post-974","1":"product","2":"type-product","3":"status-publish","4":"has-post-thumbnail","6":"product_cat-postcards","7":"product_tag-kasitoo","8":"product_tag-korgtrukk","9":"product_tag-postkaart","10":"product_tag-taaskasutatid-paber","12":"first","13":"instock","14":"taxable","15":"shipping-taxable","16":"purchasable","17":"product-type-simple"},"_links":{"self":[{"href":"https:\/\/labora.ee\/et\/wp-json\/wp\/v2\/product\/974","targetHints":{"allow":["GET"]}}],"collection":[{"href":"https:\/\/labora.ee\/et\/wp-json\/wp\/v2\/product"}],"about":[{"href":"https:\/\/labora.ee\/et\/wp-json\/wp\/v2\/types\/product"}],"replies":[{"embeddable":true,"href":"https:\/\/labora.ee\/et\/wp-json\/wp\/v2\/comments?post=974"}],"wp:featuredmedia":[{"embeddable":true,"href":"https:\/\/labora.ee\/et\/wp-json\/wp\/v2\/media\/3295"}],"wp:attachment":[{"href":"https:\/\/labora.ee\/et\/wp-json\/wp\/v2\/media?parent=974"}],"wp:term":[{"taxonomy":"product_brand","embeddable":true,"href":"https:\/\/labora.ee\/et\/wp-json\/wp\/v2\/product_brand?post=974"},{"taxonomy":"product_cat","embeddable":true,"href":"https:\/\/labora.ee\/et\/wp-json\/wp\/v2\/product_cat?post=974"},{"taxonomy":"product_tag","embeddable":true,"href":"https:\/\/labora.ee\/et\/wp-json\/wp\/v2\/product_tag?post=974"}],"curies":[{"name":"wp","href":"https:\/\/api.w.org\/{rel}","templated":true}]}}