{"id":972,"date":"2016-08-16T15:52:16","date_gmt":"2016-08-16T12:52:16","guid":{"rendered":"http:\/\/labora.ee\/et\/shop\/the-clock-of-the-holy-spirit-church\/"},"modified":"2023-09-18T18:24:40","modified_gmt":"2023-09-18T15:24:40","slug":"the-clock-of-the-holy-spirit-church","status":"publish","type":"product","link":"https:\/\/labora.ee\/et\/shop\/postcards\/the-clock-of-the-holy-spirit-church\/","title":{"rendered":"P\u00fchavaimu kiriku kell"},"content":{"rendered":"<p><strong>P\u00fcha Vaimu kiriku kell<\/strong> on Tallinna vanim avalikus kohas olev ajan\u00e4itaja, mis p\u00e4rineb 17. sajandi l\u00f5pust. Kell asub nelinurkses raidraamistusega ni\u0161is. T\u00f5eliseks kunstiteoseks muudab kella numbrilauda \u00e4\u00e4ristav pahkmik- ornament ning nurkadesse\u00a0 komponeeritud\u00a0 nelja evangelisti figuurid. P\u00e4ikese kujutisega metallist numbrilaud ning a\u017euursed osutid on kullatud.<\/p>\n<p><span style=\"font-weight: 400;\">Meie postkaardid on valmistatud 100% taaskasutatud paberist ja tr\u00fckitud k\u00f5rgtr\u00fcki tehnikas.<\/span><\/p>\n","protected":false},"excerpt":{"rendered":"<p><b>Kas postkaardi saatmine tundub vanamoodne? Aga keskaegsetel meetoditel k\u00e4sitsi valmistatud postkaardi saatmine? M\u00f5nikord on tore olla vanamoodne &#8211; eriti tore on aga postkastist kaarti leida! <\/b><\/p>\n<p><b>\u00dcllata oma s\u00f5pru ja tuttavaid k\u00f5rgtr\u00fcki tehnikas valminud kaardiga, millele on iseloomulik nii rikkalik faktuur kui kujundus. Sellist postkaarti juba igalt t\u00e4navanurgalt ei leia!<\/b><\/p>\n","protected":false},"featured_media":3291,"comment_status":"closed","ping_status":"closed","template":"","meta":{"_et_pb_use_builder":"","_et_pb_old_content":"","_et_gb_content_width":""},"product_brand":[],"product_cat":[24],"product_tag":[121,122,126,127],"class_list":{"0":"post-972","1":"product","2":"type-product","3":"status-publish","4":"has-post-thumbnail","6":"product_cat-postcards","7":"product_tag-kasitoo","8":"product_tag-korgtrukk","9":"product_tag-postkaart","10":"product_tag-taaskasutatud-paber","12":"first","13":"outofstock","14":"taxable","15":"shipping-taxable","16":"purchasable","17":"product-type-simple"},"_links":{"self":[{"href":"https:\/\/labora.ee\/et\/wp-json\/wp\/v2\/product\/972","targetHints":{"allow":["GET"]}}],"collection":[{"href":"https:\/\/labora.ee\/et\/wp-json\/wp\/v2\/product"}],"about":[{"href":"https:\/\/labora.ee\/et\/wp-json\/wp\/v2\/types\/product"}],"replies":[{"embeddable":true,"href":"https:\/\/labora.ee\/et\/wp-json\/wp\/v2\/comments?post=972"}],"wp:featuredmedia":[{"embeddable":true,"href":"https:\/\/labora.ee\/et\/wp-json\/wp\/v2\/media\/3291"}],"wp:attachment":[{"href":"https:\/\/labora.ee\/et\/wp-json\/wp\/v2\/media?parent=972"}],"wp:term":[{"taxonomy":"product_brand","embeddable":true,"href":"https:\/\/labora.ee\/et\/wp-json\/wp\/v2\/product_brand?post=972"},{"taxonomy":"product_cat","embeddable":true,"href":"https:\/\/labora.ee\/et\/wp-json\/wp\/v2\/product_cat?post=972"},{"taxonomy":"product_tag","embeddable":true,"href":"https:\/\/labora.ee\/et\/wp-json\/wp\/v2\/product_tag?post=972"}],"curies":[{"name":"wp","href":"https:\/\/api.w.org\/{rel}","templated":true}]}}