{"id":970,"date":"2016-08-16T15:50:51","date_gmt":"2016-08-16T12:50:51","guid":{"rendered":"http:\/\/labora.ee\/et\/shop\/the-town-hall-1402-estonia\/"},"modified":"2023-09-18T18:24:50","modified_gmt":"2023-09-18T15:24:50","slug":"the-town-hall-1402-estonia","status":"publish","type":"product","link":"https:\/\/labora.ee\/et\/shop\/postcards\/the-town-hall-1402-estonia\/","title":{"rendered":"Tallinna raekoda"},"content":{"rendered":"<p><strong>Tallinna raekoda<\/strong>\u00a0on\u00a0<a href=\"https:\/\/et.wikipedia.org\/wiki\/P%C3%B5hja-Euroopa\">P\u00f5hja-Euroopa<\/a>\u00a0ainus s\u00e4ilinud\u00a0<a href=\"https:\/\/et.wikipedia.org\/wiki\/Gooti_stiil\">gooti stiilis<\/a>\u00a0<a href=\"https:\/\/et.wikipedia.org\/wiki\/Raekoda\">raekoda<\/a>. See on p\u00e4rit\u00a0<a href=\"https:\/\/et.wikipedia.org\/wiki\/13._sajand\">13. sajandist<\/a>\u00a0ning seega vanim raekoda\u00a0<a href=\"https:\/\/et.wikipedia.org\/wiki\/Baltimaad\">Baltimaades<\/a>\u00a0ja\u00a0<a href=\"https:\/\/et.wikipedia.org\/wiki\/Skandinaavia\">Skandinaavias<\/a>. \u00a0Tallinna raekoja torni tipus\u00a0<a href=\"https:\/\/et.wikipedia.org\/wiki\/1530\">1530<\/a>. aastast asuv\u00a0<a href=\"https:\/\/et.wikipedia.org\/wiki\/Tuulelipp\">tuulelipp<\/a>\u00a0<a href=\"https:\/\/et.wikipedia.org\/wiki\/Vana_Toomas\">Vana Toomas<\/a> on kujunenud \u00fcheks Tallinna s\u00fcmboliks. Torni k\u00f5rgus maapinnast on 64 meetrit. . Peafassaad on kaunistatud lohepeakujuliste vees\u00fclititega. Tallinna raekoda oli\u00a0<a href=\"https:\/\/et.wikipedia.org\/wiki\/Keskaeg\">keskaegse<\/a>\u00a0<a href=\"https:\/\/et.wikipedia.org\/wiki\/Tallinna_all-linn\">Tallinna all-linna<\/a>\u00a0omavalitsusorgani\u00a0<a href=\"https:\/\/et.wikipedia.org\/wiki\/Tallinna_raad\">Tallinna rae<\/a>\u00a0ametihoone. Linnav\u00f5im t\u00f6\u00f6tas raekojas\u00a0<a href=\"https:\/\/et.wikipedia.org\/wiki\/1970\">1970<\/a>. aastani, aga raekoda on endiselt linnavalitsuse esindushoone. Tallinna vanalinna koosseisus kuulub Tallinna raekoda alates\u00a0<a href=\"https:\/\/et.wikipedia.org\/wiki\/1997\">1997<\/a>. aastast\u00a0<a href=\"https:\/\/et.wikipedia.org\/wiki\/UNESCO_maailmap%C3%A4rand\">UNESCO maailmap\u00e4randi<\/a>\u00a0nimekirja. \u00a0Raekoja ruume kasutati mitmel otstarbel. Peale raeistungite korraldati seal pidustusi ja teatrietendusi. Keldrikorrusel asusid laoruumid ja veinikelder, esimesel korrusel arkaadk\u00e4igu taga olid kaubasaal ja piinakamber.<\/p>\n<p><span style=\"font-weight: 400;\">Meie postkaardid on valmistatud 100% taaskasutatud paberist ja tr\u00fckitud k\u00f5rgtr\u00fcki tehnikas.<\/span><\/p>\n","protected":false},"excerpt":{"rendered":"<p><b>Kas postkaardi saatmine tundub vanamoodne? Aga keskaegsetel meetoditel k\u00e4sitsi valmistatud postkaardi saatmine? M\u00f5nikord on tore olla vanamoodne &#8211; eriti tore on aga postkastist kaarti leida! <\/b><\/p>\n<p><b>\u00dcllata oma s\u00f5pru ja tuttavaid k\u00f5rgtr\u00fcki tehnikas valminud kaardiga, millele on iseloomulik nii rikkalik faktuur kui kujundus. Sellist postkaarti juba igalt t\u00e4navanurgalt ei leia!<\/b><\/p>\n","protected":false},"featured_media":3292,"comment_status":"closed","ping_status":"closed","template":"","meta":{"_et_pb_use_builder":"","_et_pb_old_content":"","_et_gb_content_width":""},"product_brand":[],"product_cat":[24],"product_tag":[121,122,126,127,75],"class_list":{"0":"post-970","1":"product","2":"type-product","3":"status-publish","4":"has-post-thumbnail","6":"product_cat-postcards","7":"product_tag-kasitoo","8":"product_tag-korgtrukk","9":"product_tag-postkaart","10":"product_tag-taaskasutatud-paber","11":"product_tag-tallinn","13":"first","14":"outofstock","15":"taxable","16":"shipping-taxable","17":"purchasable","18":"product-type-simple"},"_links":{"self":[{"href":"https:\/\/labora.ee\/et\/wp-json\/wp\/v2\/product\/970","targetHints":{"allow":["GET"]}}],"collection":[{"href":"https:\/\/labora.ee\/et\/wp-json\/wp\/v2\/product"}],"about":[{"href":"https:\/\/labora.ee\/et\/wp-json\/wp\/v2\/types\/product"}],"replies":[{"embeddable":true,"href":"https:\/\/labora.ee\/et\/wp-json\/wp\/v2\/comments?post=970"}],"wp:featuredmedia":[{"embeddable":true,"href":"https:\/\/labora.ee\/et\/wp-json\/wp\/v2\/media\/3292"}],"wp:attachment":[{"href":"https:\/\/labora.ee\/et\/wp-json\/wp\/v2\/media?parent=970"}],"wp:term":[{"taxonomy":"product_brand","embeddable":true,"href":"https:\/\/labora.ee\/et\/wp-json\/wp\/v2\/product_brand?post=970"},{"taxonomy":"product_cat","embeddable":true,"href":"https:\/\/labora.ee\/et\/wp-json\/wp\/v2\/product_cat?post=970"},{"taxonomy":"product_tag","embeddable":true,"href":"https:\/\/labora.ee\/et\/wp-json\/wp\/v2\/product_tag?post=970"}],"curies":[{"name":"wp","href":"https:\/\/api.w.org\/{rel}","templated":true}]}}