{"id":968,"date":"2016-08-16T15:49:28","date_gmt":"2016-08-16T15:49:28","guid":{"rendered":"http:\/\/labora.ee\/et\/shop\/great-guild-hall-1410-estonia\/"},"modified":"2020-04-21T12:29:05","modified_gmt":"2020-04-21T09:29:05","slug":"great-guild-hall-1410-estonia","status":"publish","type":"product","link":"https:\/\/labora.ee\/et\/shop\/postcards\/great-guild-hall-1410-estonia\/","title":{"rendered":"Suurgildi hoone"},"content":{"rendered":"<p>Tallinna\u00a0<strong>Suurgildi hoone<\/strong>\u00a0on endine Tallinna linna suurkaupmehi \u00fchendanud\u00a0<a href=\"https:\/\/et.wikipedia.org\/wiki\/Tallinna_Suurgild\">Tallinna Suurgildi<\/a>\u00a0hoone\u00a0<a href=\"https:\/\/et.wikipedia.org\/wiki\/Tallinn\">Tallinnas<\/a>, mis ehitati 15.sajandil. Suurgildi hoonel on olnud v\u00e4ga palju funktsioone: seal on toimunud Suurgildi liikmetest suurkaupmeeste pidustused, see oli rongk\u00e4ikude alg- ja l\u00f5pp-punktiks, seal peeti pulmi, jumalateenistusi, teatrietendusi, kohtuistungeid ja kontserte. Alates\u00a0<a href=\"https:\/\/et.wikipedia.org\/wiki\/1872\">1872<\/a>. aastast oli hoone\u00a0<a href=\"https:\/\/et.wikipedia.org\/wiki\/Tallinna_B%C3%B6rsikomitee\">Tallinna B\u00f6rsikomitee<\/a>\u00a0k\u00e4sutuses ning siis kutsuti hoonet\u00a0<strong>B\u00f6rsihooneks<\/strong>.<\/p>\n<p>Ka esimene filmidemonstratsioon Eestis leidis aset Suurgildi hoones. Alates\u00a0<a href=\"https:\/\/et.wikipedia.org\/wiki\/1952\">1952<\/a>. aastast on Suurgildi hoone olnud\u00a0<a href=\"https:\/\/et.wikipedia.org\/wiki\/Eesti_Ajaloomuuseum\">Eesti Ajaloomuuseumi<\/a>\u00a0p\u00f5hihoone. Suurgildi hoone on\u00a0<a href=\"https:\/\/et.wikipedia.org\/w\/index.php?title=Hilisgooti_stiil&amp;action=edit&amp;redlink=1\">hilisgooti stiilis<\/a>..\u00a0<a href=\"https:\/\/et.wikipedia.org\/wiki\/Fassaad\">Fassaadil<\/a>\u00a0on k\u00f5ige silmatorkavamaks asjaks\u00a0<a href=\"https:\/\/et.wikipedia.org\/wiki\/Portaal_(arhitektuur)\">portaal<\/a>\u00a0ning selles asuvad tammepuidust uksed, millel on suured pronksist\u00a0<a href=\"https:\/\/et.wikipedia.org\/wiki\/Koputi\">koputid<\/a>, mis valmistati 1430. aastal. Neid peetakse keskaegse Tallinna\u00a0<a href=\"https:\/\/et.wikipedia.org\/w\/index.php?title=Pronksivalu&amp;action=edit&amp;redlink=1\">pronksivalu<\/a>\u00a0parimateks n\u00e4ideteks.<\/p>\n<p><span style=\"font-weight: 400;\">Meie postkaardid on valmistatud 100% taaskasutatud paberist ja tr\u00fckitud k\u00f5rgtr\u00fcki tehnikas.<\/span><\/p>\n","protected":false},"excerpt":{"rendered":"<p><b>Kas postkaardi saatmine tundub vanamoodne? Aga keskaegsetel meetoditel k\u00e4sitsi valmistatud postkaardi saatmine? M\u00f5nikord on tore olla vanamoodne &#8211; eriti tore on aga postkastist kaarti leida! <\/b><\/p>\n<p><b>\u00dcllata oma s\u00f5pru ja tuttavaid k\u00f5rgtr\u00fcki tehnikas valminud kaardiga, millele on iseloomulik nii rikkalik faktuur kui kujundus. Sellist postkaarti juba igalt t\u00e4navanurgalt ei leia!<\/b><\/p>\n","protected":false},"featured_media":3293,"comment_status":"closed","ping_status":"closed","template":"","meta":{"_et_pb_use_builder":"","_et_pb_old_content":"","_et_gb_content_width":""},"product_brand":[],"product_cat":[24],"product_tag":[121,122,126,127,75],"class_list":{"0":"post-968","1":"product","2":"type-product","3":"status-publish","4":"has-post-thumbnail","6":"product_cat-postcards","7":"product_tag-kasitoo","8":"product_tag-korgtrukk","9":"product_tag-postkaart","10":"product_tag-taaskasutatud-paber","11":"product_tag-tallinn","13":"first","14":"instock","15":"taxable","16":"shipping-taxable","17":"purchasable","18":"product-type-simple"},"_links":{"self":[{"href":"https:\/\/labora.ee\/et\/wp-json\/wp\/v2\/product\/968","targetHints":{"allow":["GET"]}}],"collection":[{"href":"https:\/\/labora.ee\/et\/wp-json\/wp\/v2\/product"}],"about":[{"href":"https:\/\/labora.ee\/et\/wp-json\/wp\/v2\/types\/product"}],"replies":[{"embeddable":true,"href":"https:\/\/labora.ee\/et\/wp-json\/wp\/v2\/comments?post=968"}],"wp:featuredmedia":[{"embeddable":true,"href":"https:\/\/labora.ee\/et\/wp-json\/wp\/v2\/media\/3293"}],"wp:attachment":[{"href":"https:\/\/labora.ee\/et\/wp-json\/wp\/v2\/media?parent=968"}],"wp:term":[{"taxonomy":"product_brand","embeddable":true,"href":"https:\/\/labora.ee\/et\/wp-json\/wp\/v2\/product_brand?post=968"},{"taxonomy":"product_cat","embeddable":true,"href":"https:\/\/labora.ee\/et\/wp-json\/wp\/v2\/product_cat?post=968"},{"taxonomy":"product_tag","embeddable":true,"href":"https:\/\/labora.ee\/et\/wp-json\/wp\/v2\/product_tag?post=968"}],"curies":[{"name":"wp","href":"https:\/\/api.w.org\/{rel}","templated":true}]}}