{"id":966,"date":"2016-08-16T15:47:53","date_gmt":"2016-08-16T12:47:53","guid":{"rendered":"http:\/\/labora.ee\/et\/shop\/st-olafs-church-1330-estonia\/"},"modified":"2023-09-18T18:25:00","modified_gmt":"2023-09-18T15:25:00","slug":"st-olafs-church-1330-estonia","status":"publish","type":"product","link":"https:\/\/labora.ee\/et\/shop\/postcards\/st-olafs-church-1330-estonia\/","title":{"rendered":"Oleviste kirik"},"content":{"rendered":"<p><b>Oleviste kirik<\/b>\u00a0sai nime Norra kuninga p\u00fcha Olavi j\u00e4rgi. Kiriku eelk\u00e4ija asus sellel kohal juba arvatavasti 12. sajandil kui sinna oli tekkinud skandinaavia kaupmeeste kaubahoov ja asula.\u00a0Pikalt arvati, et Oleviste kirik oli 1549- 1625, enne tornip\u00f5lengut, maailma k\u00f5rgeim hoone. T\u00e4nasel p\u00e4eval on ta igatahes k\u00f5ige k\u00f5rgem kirik Baltimaades \u2013 123,7 meetrit maapinnast.<span style=\"color: #ce181e;\">\u00a0<\/span>K\u00f5rge torni ehitusajendiks oli ilmselt selle kasutamine meres\u00f5idut\u00e4hisena. 60 m k\u00f5rgusel asuvast platvormist avaneb suurep\u00e4rane vaade Vanalinnale ja sadamale. Kirikus asub 1602. a Maarja kabelisse ehitatud Eesti vanim s\u00e4ilinud p\u00e4ikesekell. Rahva seas on levinud linnalegend, et N\u00f5ukogude v\u00f5imu ajal oli tornikiivri tipus asuva muna sees <a href=\"https:\/\/et.wikipedia.org\/wiki\/KGB\">KGB<\/a> j\u00e4lgimisseadmed ning \u2013ruum.<\/p>\n<p><span style=\"font-weight: 400;\">Meie postkaardid on valmistatud 100% taaskasutatud paberist ja tr\u00fckitud k\u00f5rgtr\u00fcki tehnikas.<\/span><\/p>\n","protected":false},"excerpt":{"rendered":"<p><b>Kas postkaardi saatmine tundub vanamoodne? Aga keskaegsetel meetoditel k\u00e4sitsi valmistatud postkaardi saatmine? M\u00f5nikord on tore olla vanamoodne &#8211; eriti tore on aga postkastist kaarti leida! <\/b><\/p>\n<p><b>\u00dcllata oma s\u00f5pru ja tuttavaid k\u00f5rgtr\u00fcki tehnikas valminud kaardiga, millele on iseloomulik nii rikkalik faktuur kui kujundus. Sellist postkaarti juba igalt t\u00e4navanurgalt ei leia!<\/b><\/p>\n","protected":false},"featured_media":3289,"comment_status":"closed","ping_status":"closed","template":"","meta":{"_et_pb_use_builder":"","_et_pb_old_content":"","_et_gb_content_width":""},"product_brand":[],"product_cat":[24],"product_tag":[121,122,126,127,75],"class_list":{"0":"post-966","1":"product","2":"type-product","3":"status-publish","4":"has-post-thumbnail","6":"product_cat-postcards","7":"product_tag-kasitoo","8":"product_tag-korgtrukk","9":"product_tag-postkaart","10":"product_tag-taaskasutatud-paber","11":"product_tag-tallinn","13":"first","14":"outofstock","15":"taxable","16":"shipping-taxable","17":"purchasable","18":"product-type-simple"},"_links":{"self":[{"href":"https:\/\/labora.ee\/et\/wp-json\/wp\/v2\/product\/966","targetHints":{"allow":["GET"]}}],"collection":[{"href":"https:\/\/labora.ee\/et\/wp-json\/wp\/v2\/product"}],"about":[{"href":"https:\/\/labora.ee\/et\/wp-json\/wp\/v2\/types\/product"}],"replies":[{"embeddable":true,"href":"https:\/\/labora.ee\/et\/wp-json\/wp\/v2\/comments?post=966"}],"wp:featuredmedia":[{"embeddable":true,"href":"https:\/\/labora.ee\/et\/wp-json\/wp\/v2\/media\/3289"}],"wp:attachment":[{"href":"https:\/\/labora.ee\/et\/wp-json\/wp\/v2\/media?parent=966"}],"wp:term":[{"taxonomy":"product_brand","embeddable":true,"href":"https:\/\/labora.ee\/et\/wp-json\/wp\/v2\/product_brand?post=966"},{"taxonomy":"product_cat","embeddable":true,"href":"https:\/\/labora.ee\/et\/wp-json\/wp\/v2\/product_cat?post=966"},{"taxonomy":"product_tag","embeddable":true,"href":"https:\/\/labora.ee\/et\/wp-json\/wp\/v2\/product_tag?post=966"}],"curies":[{"name":"wp","href":"https:\/\/api.w.org\/{rel}","templated":true}]}}