{"id":964,"date":"2016-08-16T15:44:11","date_gmt":"2016-08-16T12:44:11","guid":{"rendered":"http:\/\/labora.ee\/et\/shop\/holy-spirit-church-xiii-estonia\/"},"modified":"2023-09-18T18:43:12","modified_gmt":"2023-09-18T15:43:12","slug":"holy-spirit-church-xiii-estonia","status":"publish","type":"product","link":"https:\/\/labora.ee\/et\/shop\/postcards\/holy-spirit-church-xiii-estonia\/","title":{"rendered":"P\u00fchavaimu kirik"},"content":{"rendered":"<p>14. sajandist p\u00e4rit <strong>P\u00fcha Vaimu kirik<\/strong> on Tallinna v\u00e4ikseim keskaegne kirik. Kogu keskaja oli see lihtrahva peamine p\u00fchakoda. Kiriku fassaadi kaunistav maalitud kell on vanim Tallinna avalik ajan\u00e4itaja mis p\u00e4rineb 17. sajandist. T\u00e4helepanuv\u00e4\u00e4rne on P\u00fchavaimu kiriku graveeritud puitinterj\u00f6\u00f6r, n\u00e4iteks ainulaadne 15. sajandist p\u00e4rit altar mille autor on kuulus L\u00fcbecki kunstnik Bernt Notke ja 1597. aastast p\u00e4rinev kantsel mis on vanemaid Eestis.\u00a0\u00a0 Tuntuim kiriku\u00f5petaja oli Balthasar Russow (aastatel 1560- 1607) kes on kirjutanud Liivimaa kroonika mis k\u00e4sitleb p\u00f5hjalikult Liivimaa ajalugu 16. sajandil. P\u00e4rast reformatsiooni peeti just siin esimesed eestikeelsed jutlused (saksakeelsete asemel) ja kiriku pastor Johann Koelli 1535. aastal avaldatud katekismust peetakse esimeseks eestikeelseks raamatuks. P\u00fcha Vaimu kirik on Eesti ainus kus s\u00e4ilinud vaeste piibel- \u201eBiblia pauperum\u201c- 57 piiblilugude teemalist maali.<\/p>\n<p><span style=\"font-weight: 400;\">Meie postkaardid on valmistatud 100% taaskasutatud paberist ja tr\u00fckitud k\u00f5rgtr\u00fcki tehnikas.<\/span><\/p>\n","protected":false},"excerpt":{"rendered":"<p><b>Kas postkaardi saatmine tundub vanamoodne? Aga keskaegsetel meetoditel k\u00e4sitsi valmistatud postkaardi saatmine? M\u00f5nikord on tore olla vanamoodne &#8211; eriti tore on aga postkastist kaarti leida! <\/b><\/p>\n<p><b>\u00dcllata oma s\u00f5pru ja tuttavaid k\u00f5rgtr\u00fcki tehnikas valminud kaardiga, millele on iseloomulik nii rikkalik faktuur kui kujundus. Sellist postkaarti juba igalt t\u00e4navanurgalt ei leia!<\/b><\/p>\n","protected":false},"featured_media":3290,"comment_status":"closed","ping_status":"closed","template":"","meta":{"_et_pb_use_builder":"","_et_pb_old_content":"","_et_gb_content_width":""},"product_brand":[],"product_cat":[24],"product_tag":[121,122,126,127,75],"class_list":{"0":"post-964","1":"product","2":"type-product","3":"status-publish","4":"has-post-thumbnail","6":"product_cat-postcards","7":"product_tag-kasitoo","8":"product_tag-korgtrukk","9":"product_tag-postkaart","10":"product_tag-taaskasutatud-paber","11":"product_tag-tallinn","13":"first","14":"outofstock","15":"taxable","16":"shipping-taxable","17":"purchasable","18":"product-type-simple"},"_links":{"self":[{"href":"https:\/\/labora.ee\/et\/wp-json\/wp\/v2\/product\/964","targetHints":{"allow":["GET"]}}],"collection":[{"href":"https:\/\/labora.ee\/et\/wp-json\/wp\/v2\/product"}],"about":[{"href":"https:\/\/labora.ee\/et\/wp-json\/wp\/v2\/types\/product"}],"replies":[{"embeddable":true,"href":"https:\/\/labora.ee\/et\/wp-json\/wp\/v2\/comments?post=964"}],"wp:featuredmedia":[{"embeddable":true,"href":"https:\/\/labora.ee\/et\/wp-json\/wp\/v2\/media\/3290"}],"wp:attachment":[{"href":"https:\/\/labora.ee\/et\/wp-json\/wp\/v2\/media?parent=964"}],"wp:term":[{"taxonomy":"product_brand","embeddable":true,"href":"https:\/\/labora.ee\/et\/wp-json\/wp\/v2\/product_brand?post=964"},{"taxonomy":"product_cat","embeddable":true,"href":"https:\/\/labora.ee\/et\/wp-json\/wp\/v2\/product_cat?post=964"},{"taxonomy":"product_tag","embeddable":true,"href":"https:\/\/labora.ee\/et\/wp-json\/wp\/v2\/product_tag?post=964"}],"curies":[{"name":"wp","href":"https:\/\/api.w.org\/{rel}","templated":true}]}}