{"id":954,"date":"2016-08-16T15:32:07","date_gmt":"2016-08-16T12:32:07","guid":{"rendered":"http:\/\/labora.ee\/et\/shop\/emperor-dragonfly\/"},"modified":"2023-09-18T18:26:02","modified_gmt":"2023-09-18T15:26:02","slug":"emperor-dragonfly","status":"publish","type":"product","link":"https:\/\/labora.ee\/et\/shop\/postcards\/emperor-dragonfly\/","title":{"rendered":"Kuningkiil"},"content":{"rendered":"<p>Kuningkiil on \u00fcks suuremaid kiililiike Euroopas. Tegemist on \u00fcsna uue\u00a0 liigiga siinmail: esimene \u00a0isend Eestis p\u00fc\u00fcti 1989. aastal. Kuningkiil on \u00fcks kiireima lennuga putukad. \u00a0Imekauni v\u00e4rvusega isase kuningkiili n\u00e4gemine on erakordne elamus:\u00a0 helesisnine tagakeha, mille keskel jookseb musta v\u00e4rvi v\u00f6\u00f6t m\u00f6\u00f6da keha ning piki rohelist pead. Et kuningkiil on v\u00f5imeline sigima vaid puhta veega j\u00e4rvedes ja tiikides on ta hea lakmus n\u00e4itamaks meie looduse puhtust.<\/p>\n<p><span style=\"font-weight: 400;\">Meie postkaardid on valmistatud 100% taaskasutatud paberist ja tr\u00fckitud k\u00f5rgtr\u00fcki tehnikas.<\/span><\/p>\n","protected":false},"excerpt":{"rendered":"<p><b>Kas postkaardi saatmine tundub vanamoodne? Aga keskaegsetel meetoditel k\u00e4sitsi valmistatud postkaardi saatmine? M\u00f5nikord on tore olla vanamoodne &#8211; eriti tore on aga postkastist kaarti leida! <\/b><\/p>\n<p><b>\u00dcllata oma s\u00f5pru ja tuttavaid k\u00f5rgtr\u00fcki tehnikas valminud kaardiga, millele on iseloomulik nii rikkalik faktuur kui kujundus. Sellist postkaarti juba igalt t\u00e4navanurgalt ei leia!<\/b><\/p>\n","protected":false},"featured_media":3286,"comment_status":"closed","ping_status":"closed","template":"","meta":{"_et_pb_use_builder":"","_et_pb_old_content":"","_et_gb_content_width":""},"product_brand":[],"product_cat":[24],"product_tag":[121,138,122,126,127],"class_list":{"0":"post-954","1":"product","2":"type-product","3":"status-publish","4":"has-post-thumbnail","6":"product_cat-postcards","7":"product_tag-kasitoo","8":"product_tag-kasitsi-valmistatud-paber","9":"product_tag-korgtrukk","10":"product_tag-postkaart","11":"product_tag-taaskasutatud-paber","13":"first","14":"outofstock","15":"taxable","16":"shipping-taxable","17":"purchasable","18":"product-type-simple"},"_links":{"self":[{"href":"https:\/\/labora.ee\/et\/wp-json\/wp\/v2\/product\/954","targetHints":{"allow":["GET"]}}],"collection":[{"href":"https:\/\/labora.ee\/et\/wp-json\/wp\/v2\/product"}],"about":[{"href":"https:\/\/labora.ee\/et\/wp-json\/wp\/v2\/types\/product"}],"replies":[{"embeddable":true,"href":"https:\/\/labora.ee\/et\/wp-json\/wp\/v2\/comments?post=954"}],"wp:featuredmedia":[{"embeddable":true,"href":"https:\/\/labora.ee\/et\/wp-json\/wp\/v2\/media\/3286"}],"wp:attachment":[{"href":"https:\/\/labora.ee\/et\/wp-json\/wp\/v2\/media?parent=954"}],"wp:term":[{"taxonomy":"product_brand","embeddable":true,"href":"https:\/\/labora.ee\/et\/wp-json\/wp\/v2\/product_brand?post=954"},{"taxonomy":"product_cat","embeddable":true,"href":"https:\/\/labora.ee\/et\/wp-json\/wp\/v2\/product_cat?post=954"},{"taxonomy":"product_tag","embeddable":true,"href":"https:\/\/labora.ee\/et\/wp-json\/wp\/v2\/product_tag?post=954"}],"curies":[{"name":"wp","href":"https:\/\/api.w.org\/{rel}","templated":true}]}}