{"id":952,"date":"2016-08-16T15:30:36","date_gmt":"2016-08-16T12:30:36","guid":{"rendered":"http:\/\/labora.ee\/et\/shop\/alcedo-atthis\/"},"modified":"2023-09-18T18:26:02","modified_gmt":"2023-09-18T15:26:02","slug":"alcedo-atthis","status":"publish","type":"product","link":"https:\/\/labora.ee\/et\/shop\/postcards\/alcedo-atthis\/","title":{"rendered":"J\u00e4\u00e4lind"},"content":{"rendered":"<p>J\u00e4\u00e4lind valiti Eesti 2014. aasta linnuks. Meie looduses eksootilise ja erakordse sinise\u00a0seljasulestiku t\u00f5ttu kutsutakse teda p\u00f5hjamaade kalliskiviks Talvisel must-valgel maastikul m\u00f5jub j\u00e4\u00e4lind oma v\u00e4rvikireva sulestikuga\u00a0 t\u00f5elise v\u00e4rvipommina. Siinmaal on ta kaitsealune lind, talviseks perioodiks lendab enamus linde Vahemere ja P\u00e4rsia lahe rannikule talvituma. \u00a0\u00a0Eestis eelistab ta elada k\u00f5rgete kallaste, kiire voolu ja selge veega\u00a0<a href=\"https:\/\/et.wikipedia.org\/wiki\/J%C3%B5gi\">j\u00f5gede<\/a>\u00a0\u00e4\u00e4res. Klassikalisteks elupaikadeks on L\u00f5una- ja Kagu-Eesti j\u00f5ed, mille kallastes on palju liivakivi paljandeid, millesse j\u00e4\u00e4linnud oma pesak\u00e4igud kraabivad.\u00a0Nagu inglisekeelne nimetus kingfisher (kuningaskalur) \u00fctleb, on ta \u00a0oivaline kalap\u00fc\u00fcdja.<\/p>\n<p><span style=\"font-weight: 400;\">Meie postkaardid on valmistatud 100% taaskasutatud paberist ja tr\u00fckitud k\u00f5rgtr\u00fcki tehnikas.<\/span><\/p>\n","protected":false},"excerpt":{"rendered":"<p><b>Kas postkaardi saatmine tundub vanamoodne? Aga keskaegsetel meetoditel k\u00e4sitsi valmistatud postkaardi saatmine? M\u00f5nikord on tore olla vanamoodne &#8211; eriti tore on aga postkastist kaarti leida! <\/b><\/p>\n<p><b>\u00dcllata oma s\u00f5pru ja tuttavaid k\u00f5rgtr\u00fcki tehnikas valminud kaardiga, millele on iseloomulik nii rikkalik faktuur kui kujundus. Sellist postkaarti juba igalt t\u00e4navanurgalt ei leia!<\/b><\/p>\n","protected":false},"featured_media":3285,"comment_status":"closed","ping_status":"closed","template":"","meta":{"_et_pb_use_builder":"","_et_pb_old_content":"","_et_gb_content_width":""},"product_brand":[],"product_cat":[24],"product_tag":[121,138,122,126,127],"class_list":{"0":"post-952","1":"product","2":"type-product","3":"status-publish","4":"has-post-thumbnail","6":"product_cat-postcards","7":"product_tag-kasitoo","8":"product_tag-kasitsi-valmistatud-paber","9":"product_tag-korgtrukk","10":"product_tag-postkaart","11":"product_tag-taaskasutatud-paber","13":"first","14":"outofstock","15":"taxable","16":"shipping-taxable","17":"purchasable","18":"product-type-simple"},"_links":{"self":[{"href":"https:\/\/labora.ee\/et\/wp-json\/wp\/v2\/product\/952","targetHints":{"allow":["GET"]}}],"collection":[{"href":"https:\/\/labora.ee\/et\/wp-json\/wp\/v2\/product"}],"about":[{"href":"https:\/\/labora.ee\/et\/wp-json\/wp\/v2\/types\/product"}],"replies":[{"embeddable":true,"href":"https:\/\/labora.ee\/et\/wp-json\/wp\/v2\/comments?post=952"}],"wp:featuredmedia":[{"embeddable":true,"href":"https:\/\/labora.ee\/et\/wp-json\/wp\/v2\/media\/3285"}],"wp:attachment":[{"href":"https:\/\/labora.ee\/et\/wp-json\/wp\/v2\/media?parent=952"}],"wp:term":[{"taxonomy":"product_brand","embeddable":true,"href":"https:\/\/labora.ee\/et\/wp-json\/wp\/v2\/product_brand?post=952"},{"taxonomy":"product_cat","embeddable":true,"href":"https:\/\/labora.ee\/et\/wp-json\/wp\/v2\/product_cat?post=952"},{"taxonomy":"product_tag","embeddable":true,"href":"https:\/\/labora.ee\/et\/wp-json\/wp\/v2\/product_tag?post=952"}],"curies":[{"name":"wp","href":"https:\/\/api.w.org\/{rel}","templated":true}]}}