{"id":950,"date":"2016-08-16T15:29:10","date_gmt":"2016-08-16T15:29:10","guid":{"rendered":"http:\/\/labora.ee\/et\/shop\/chickadee-of-the-town-park\/"},"modified":"2023-09-18T18:26:02","modified_gmt":"2023-09-18T15:26:02","slug":"chickadee-of-the-town-park","status":"publish","type":"product","link":"https:\/\/labora.ee\/et\/shop\/postcards\/chickadee-of-the-town-park\/","title":{"rendered":"Tihane"},"content":{"rendered":"<p>Tihane on talvistel linnutoidulaudadel \u00fcks sagedasemaid k\u00fclalisi keda rasvapalli v\u00f5i pekit\u00fckki nokkimas n\u00e4eb. Suvisel ajal on ta t\u00e4nuv\u00e4\u00e4rne kahjurputukate h\u00e4vitaja. Rasvatihane on kena kollaka k\u00f5hualusega mis muudab ta \u00fches kergemini m\u00e4rgatavaks ning \u00e4ratuntavaks linnuks. Ta hakkab laulma juba kevadtalvel, tihase \u201esitsi- kleit, sitsi- kleit\u201c annab lootust et peagi on p\u00e4evad pikemad ning p\u00e4ike soojendab agaramalt.<\/p>\n<p><span style=\"font-weight: 400;\">Meie postkaardid on valmistatud 100% taaskasutatud paberist ja tr\u00fckitud k\u00f5rgtr\u00fcki tehnikas.<\/span><\/p>\n","protected":false},"excerpt":{"rendered":"<p><b>Kas postkaardi saatmine tundub vanamoodne? Aga keskaegsetel meetoditel k\u00e4sitsi valmistatud postkaardi saatmine? M\u00f5nikord on tore olla vanamoodne &#8211; eriti tore on aga postkastist kaarti leida! <\/b><\/p>\n<p><b>\u00dcllata oma s\u00f5pru ja tuttavaid k\u00f5rgtr\u00fcki tehnikas valminud kaardiga, millele on iseloomulik nii rikkalik faktuur kui kujundus. Sellist postkaarti juba igalt t\u00e4navanurgalt ei leia!<\/b><\/p>\n","protected":false},"featured_media":3305,"comment_status":"closed","ping_status":"closed","template":"","meta":{"_et_pb_use_builder":"","_et_pb_old_content":"","_et_gb_content_width":""},"product_brand":[],"product_cat":[24],"product_tag":[121,138,122,126,127],"class_list":{"0":"post-950","1":"product","2":"type-product","3":"status-publish","4":"has-post-thumbnail","6":"product_cat-postcards","7":"product_tag-kasitoo","8":"product_tag-kasitsi-valmistatud-paber","9":"product_tag-korgtrukk","10":"product_tag-postkaart","11":"product_tag-taaskasutatud-paber","13":"first","14":"outofstock","15":"taxable","16":"shipping-taxable","17":"purchasable","18":"product-type-simple"},"_links":{"self":[{"href":"https:\/\/labora.ee\/et\/wp-json\/wp\/v2\/product\/950","targetHints":{"allow":["GET"]}}],"collection":[{"href":"https:\/\/labora.ee\/et\/wp-json\/wp\/v2\/product"}],"about":[{"href":"https:\/\/labora.ee\/et\/wp-json\/wp\/v2\/types\/product"}],"replies":[{"embeddable":true,"href":"https:\/\/labora.ee\/et\/wp-json\/wp\/v2\/comments?post=950"}],"wp:featuredmedia":[{"embeddable":true,"href":"https:\/\/labora.ee\/et\/wp-json\/wp\/v2\/media\/3305"}],"wp:attachment":[{"href":"https:\/\/labora.ee\/et\/wp-json\/wp\/v2\/media?parent=950"}],"wp:term":[{"taxonomy":"product_brand","embeddable":true,"href":"https:\/\/labora.ee\/et\/wp-json\/wp\/v2\/product_brand?post=950"},{"taxonomy":"product_cat","embeddable":true,"href":"https:\/\/labora.ee\/et\/wp-json\/wp\/v2\/product_cat?post=950"},{"taxonomy":"product_tag","embeddable":true,"href":"https:\/\/labora.ee\/et\/wp-json\/wp\/v2\/product_tag?post=950"}],"curies":[{"name":"wp","href":"https:\/\/api.w.org\/{rel}","templated":true}]}}