{"id":946,"date":"2016-08-16T15:26:03","date_gmt":"2016-08-16T15:26:03","guid":{"rendered":"http:\/\/labora.ee\/et\/shop\/estonian-national-symbols\/"},"modified":"2020-04-21T12:29:06","modified_gmt":"2020-04-21T09:29:06","slug":"estonian-national-symbols","status":"publish","type":"product","link":"https:\/\/labora.ee\/et\/shop\/postcards\/estonian-national-symbols\/","title":{"rendered":"P\u00e4\u00e4suke"},"content":{"rendered":"<p>P\u00e4\u00e4suke on meie rahvuslind aastast 1962 . Ta on talu\u00f5uedel sagedasti kohatav lind, saades oma nime sellest et ka suitsusesse taresse elama kippus. P\u00e4\u00e4skese vidistavat laulu on eestlased lausa inimkeelsena kuulnud. Eestlased armastavad \u00f6elda et on sama t\u00f6\u00f6kad kui meie rahvuslind kes v\u00e4simatult poegadele putukaid p\u00fc\u00fcab.<\/p>\n<p><span style=\"font-weight: 400;\">Meie postkaardid on valmistatud 100% taaskasutatud paberist ja tr\u00fckitud k\u00f5rgtr\u00fcki tehnikas.<\/span><\/p>\n","protected":false},"excerpt":{"rendered":"<p><b>Kas postkaardi saatmine tundub vanamoodne? Aga keskaegsetel meetoditel k\u00e4sitsi valmistatud postkaardi saatmine? M\u00f5nikord on tore olla vanamoodne &#8211; eriti tore on aga postkastist kaarti leida! <\/b><\/p>\n<p><b>\u00dcllata oma s\u00f5pru ja tuttavaid k\u00f5rgtr\u00fcki tehnikas valminud kaardiga, millele on iseloomulik nii rikkalik faktuur kui kujundus. Sellist postkaarti juba igalt t\u00e4navanurgalt ei leia!<\/b><\/p>\n","protected":false},"featured_media":3306,"comment_status":"closed","ping_status":"closed","template":"","meta":{"_et_pb_use_builder":"","_et_pb_old_content":"","_et_gb_content_width":""},"product_brand":[],"product_cat":[24],"product_tag":[121,138,122,126,127],"class_list":{"0":"post-946","1":"product","2":"type-product","3":"status-publish","4":"has-post-thumbnail","6":"product_cat-postcards","7":"product_tag-kasitoo","8":"product_tag-kasitsi-valmistatud-paber","9":"product_tag-korgtrukk","10":"product_tag-postkaart","11":"product_tag-taaskasutatud-paber","13":"first","14":"instock","15":"taxable","16":"shipping-taxable","17":"purchasable","18":"product-type-simple"},"_links":{"self":[{"href":"https:\/\/labora.ee\/et\/wp-json\/wp\/v2\/product\/946","targetHints":{"allow":["GET"]}}],"collection":[{"href":"https:\/\/labora.ee\/et\/wp-json\/wp\/v2\/product"}],"about":[{"href":"https:\/\/labora.ee\/et\/wp-json\/wp\/v2\/types\/product"}],"replies":[{"embeddable":true,"href":"https:\/\/labora.ee\/et\/wp-json\/wp\/v2\/comments?post=946"}],"wp:featuredmedia":[{"embeddable":true,"href":"https:\/\/labora.ee\/et\/wp-json\/wp\/v2\/media\/3306"}],"wp:attachment":[{"href":"https:\/\/labora.ee\/et\/wp-json\/wp\/v2\/media?parent=946"}],"wp:term":[{"taxonomy":"product_brand","embeddable":true,"href":"https:\/\/labora.ee\/et\/wp-json\/wp\/v2\/product_brand?post=946"},{"taxonomy":"product_cat","embeddable":true,"href":"https:\/\/labora.ee\/et\/wp-json\/wp\/v2\/product_cat?post=946"},{"taxonomy":"product_tag","embeddable":true,"href":"https:\/\/labora.ee\/et\/wp-json\/wp\/v2\/product_tag?post=946"}],"curies":[{"name":"wp","href":"https:\/\/api.w.org\/{rel}","templated":true}]}}