{"id":944,"date":"2016-08-16T15:24:08","date_gmt":"2016-08-16T15:24:08","guid":{"rendered":"http:\/\/labora.ee\/et\/shop\/beet-from-the-city-gardens\/"},"modified":"2020-04-21T12:29:06","modified_gmt":"2020-04-21T09:29:06","slug":"beet-from-the-city-gardens","status":"publish","type":"product","link":"https:\/\/labora.ee\/et\/shop\/postcards\/beet-from-the-city-gardens\/","title":{"rendered":"Peet"},"content":{"rendered":"<p>Sarnaselt porgandiga on peet p\u00e4rit Vahemeremaadest ning Eestis kodunenud 19. sajandil. Viimastel aastatel on peet t\u00e4nu oma intensiivsele v\u00e4rvile ja magusale maitsele leidnud tee peente gurmee-restoranide men\u00fc\u00fcdesse ning t\u00f6\u00f6stustes valminud p\u00f5nevatesse toodetesse. Peolaudadel leiab seda\u00a0 rosolje v\u00f5i kasuka koostises, paljudes s\u00f6\u00f6gikohtades \u00fche p\u00f5hilise salatina. Ja muide, talut\u00fcdrukud h\u00f5\u00f5rusid\u00a0 peediviiluga oma p\u00f5ski ja huuli kena punaka tooni lisamiseks!<\/p>\n<p><span style=\"font-weight: 400;\">Meie postkaardid on valmistatud 100% taaskasutatud paberist ja tr\u00fckitud k\u00f5rgtr\u00fcki tehnikas.<\/span><\/p>\n","protected":false},"excerpt":{"rendered":"<p><b>Kas postkaardi saatmine tundub vanamoodne? Aga keskaegsetel meetoditel k\u00e4sitsi valmistatud postkaardi saatmine? M\u00f5nikord on tore olla vanamoodne &#8211; eriti tore on aga postkastist kaarti leida! <\/b><\/p>\n<p><b>\u00dcllata oma s\u00f5pru ja tuttavaid k\u00f5rgtr\u00fcki tehnikas valminud kaardiga, millele on iseloomulik nii rikkalik faktuur kui kujundus. Sellist postkaarti juba igalt t\u00e4navanurgalt ei leia!<\/b><\/p>\n","protected":false},"featured_media":3304,"comment_status":"closed","ping_status":"closed","template":"","meta":{"_et_pb_use_builder":"","_et_pb_old_content":"","_et_gb_content_width":""},"product_brand":[],"product_cat":[24],"product_tag":[121,122,126,127],"class_list":{"0":"post-944","1":"product","2":"type-product","3":"status-publish","4":"has-post-thumbnail","6":"product_cat-postcards","7":"product_tag-kasitoo","8":"product_tag-korgtrukk","9":"product_tag-postkaart","10":"product_tag-taaskasutatud-paber","12":"first","13":"instock","14":"taxable","15":"shipping-taxable","16":"purchasable","17":"product-type-simple"},"_links":{"self":[{"href":"https:\/\/labora.ee\/et\/wp-json\/wp\/v2\/product\/944","targetHints":{"allow":["GET"]}}],"collection":[{"href":"https:\/\/labora.ee\/et\/wp-json\/wp\/v2\/product"}],"about":[{"href":"https:\/\/labora.ee\/et\/wp-json\/wp\/v2\/types\/product"}],"replies":[{"embeddable":true,"href":"https:\/\/labora.ee\/et\/wp-json\/wp\/v2\/comments?post=944"}],"wp:featuredmedia":[{"embeddable":true,"href":"https:\/\/labora.ee\/et\/wp-json\/wp\/v2\/media\/3304"}],"wp:attachment":[{"href":"https:\/\/labora.ee\/et\/wp-json\/wp\/v2\/media?parent=944"}],"wp:term":[{"taxonomy":"product_brand","embeddable":true,"href":"https:\/\/labora.ee\/et\/wp-json\/wp\/v2\/product_brand?post=944"},{"taxonomy":"product_cat","embeddable":true,"href":"https:\/\/labora.ee\/et\/wp-json\/wp\/v2\/product_cat?post=944"},{"taxonomy":"product_tag","embeddable":true,"href":"https:\/\/labora.ee\/et\/wp-json\/wp\/v2\/product_tag?post=944"}],"curies":[{"name":"wp","href":"https:\/\/api.w.org\/{rel}","templated":true}]}}