{"id":942,"date":"2016-08-16T15:21:01","date_gmt":"2016-08-16T15:21:01","guid":{"rendered":"http:\/\/labora.ee\/et\/shop\/flax-from-the-city-gardens\/"},"modified":"2023-09-18T18:26:03","modified_gmt":"2023-09-18T15:26:03","slug":"flax-from-the-city-gardens","status":"publish","type":"product","link":"https:\/\/labora.ee\/et\/shop\/postcards\/flax-from-the-city-gardens\/","title":{"rendered":"Lina"},"content":{"rendered":"<p>Eestimaal on kasvatatud kiulina rohkem kui 3000 aastat, seega k\u00e4isid \u00a0kiulinast valmistatud kangastest riietes\u00a0 meie esivanemad juba m\u00f5ni aastatuhat tagasi.\u00a0\u00a019. saj keskel hakkas linakasvatus v\u00e4ga kiiresti arenema, p\u00f5hjuseks tekstiilit\u00f6\u00f6stuse ja purjelaevanduse kiire areng- k\u00f6ite ja purjede jaoks vaja kvaliteetset lina. \u00a0Paljud talud L\u00f5una-Eestis osteti vabaks19. sajandil \u00a0just lina m\u00fc\u00fcgist saadud tuluga.\u00a0\u00a020. sajandi algul saabus linakasvatuse uus t\u00f5us ja 1919. aastal muretseti lina eest Vabaduss\u00f5jas vajalikku s\u00f5jamoona. Linaseemnetest saab teha \u00f5li, jahu ja linakooki mida s\u00f6\u00f6detakse kanadele munade omega-3 rasvhappega rikastamiseks.<\/p>\n<p><span style=\"font-weight: 400;\">Meie postkaardid on valmistatud 100% taaskasutatud paberist ja tr\u00fckitud k\u00f5rgtr\u00fcki tehnikas.<\/span><\/p>\n","protected":false},"excerpt":{"rendered":"<p><b>Kas postkaardi saatmine tundub vanamoodne? Aga keskaegsetel meetoditel k\u00e4sitsi valmistatud postkaardi saatmine? M\u00f5nikord on tore olla vanamoodne &#8211; eriti tore on aga postkastist kaarti leida! <\/b><\/p>\n<p><b>\u00dcllata oma s\u00f5pru ja tuttavaid k\u00f5rgtr\u00fcki tehnikas valminud kaardiga, millele on iseloomulik nii rikkalik faktuur kui kujundus. Sellist postkaarti juba igalt t\u00e4navanurgalt ei leia!<\/b><\/p>\n","protected":false},"featured_media":3288,"comment_status":"closed","ping_status":"closed","template":"","meta":{"_et_pb_use_builder":"","_et_pb_old_content":"","_et_gb_content_width":""},"product_brand":[],"product_cat":[24],"product_tag":[121,138,122,126,127],"class_list":{"0":"post-942","1":"product","2":"type-product","3":"status-publish","4":"has-post-thumbnail","6":"product_cat-postcards","7":"product_tag-kasitoo","8":"product_tag-kasitsi-valmistatud-paber","9":"product_tag-korgtrukk","10":"product_tag-postkaart","11":"product_tag-taaskasutatud-paber","13":"first","14":"outofstock","15":"taxable","16":"shipping-taxable","17":"purchasable","18":"product-type-simple"},"_links":{"self":[{"href":"https:\/\/labora.ee\/et\/wp-json\/wp\/v2\/product\/942","targetHints":{"allow":["GET"]}}],"collection":[{"href":"https:\/\/labora.ee\/et\/wp-json\/wp\/v2\/product"}],"about":[{"href":"https:\/\/labora.ee\/et\/wp-json\/wp\/v2\/types\/product"}],"replies":[{"embeddable":true,"href":"https:\/\/labora.ee\/et\/wp-json\/wp\/v2\/comments?post=942"}],"wp:featuredmedia":[{"embeddable":true,"href":"https:\/\/labora.ee\/et\/wp-json\/wp\/v2\/media\/3288"}],"wp:attachment":[{"href":"https:\/\/labora.ee\/et\/wp-json\/wp\/v2\/media?parent=942"}],"wp:term":[{"taxonomy":"product_brand","embeddable":true,"href":"https:\/\/labora.ee\/et\/wp-json\/wp\/v2\/product_brand?post=942"},{"taxonomy":"product_cat","embeddable":true,"href":"https:\/\/labora.ee\/et\/wp-json\/wp\/v2\/product_cat?post=942"},{"taxonomy":"product_tag","embeddable":true,"href":"https:\/\/labora.ee\/et\/wp-json\/wp\/v2\/product_tag?post=942"}],"curies":[{"name":"wp","href":"https:\/\/api.w.org\/{rel}","templated":true}]}}