{"id":738,"date":"2016-08-10T08:59:51","date_gmt":"2016-08-10T05:59:51","guid":{"rendered":"http:\/\/labora.ee\/et\/?post_type=product&#038;p=738"},"modified":"2020-03-26T15:52:24","modified_gmt":"2020-03-26T13:52:24","slug":"tallinn-legends-the-old-man-from-the-ulemiste-lake","status":"publish","type":"product","link":"https:\/\/labora.ee\/et\/shop\/muu\/tallinn-legends-the-old-man-from-the-ulemiste-lake\/","title":{"rendered":"Tallinna legendid: \u00dclemiste vanake"},"content":{"rendered":"<div>Keeled: eesti v\u00f5i inglise<\/div>\n<div>Legendid jutustas \u00fcmber Eve Ormisson<\/div>\n<div>Illustreerinud Anatoli Ljutjuk<\/div>\n<div>Kalligraafia: Tatiana Iakovleva<\/div>\n<div>Toimetanud: Veronika V\u00e1\u0148ov\u00e1<\/div>\n<div>Tr\u00fckkinud:\u00a0Tallinna Paber A.D. 2015<\/div>\n","protected":false},"excerpt":{"rendered":"<p><strong>Legendid &#8211; imelised lood, mida p\u00f5lvest p\u00f5lve edasi antakse. Neis on alati killuke t\u00f5tt. Avastage Tallinna legendid, mis on vanalinna sama palju kujundanud kui selle tugevad m\u00fc\u00fcrid. Vormilt unikaalsetena on need l\u00fchikesed legendid k\u00f5rgt\u00fcki tehnikas kvaliteetsele paberile tr\u00fckitud ja k\u00e4sitsi kokku k\u00f6idetud. <\/strong><\/p>\n<p><strong>\u00dclemiste vanake ehk lugu Tallinna kraaniveest on teine raamat Tallinna legendide sarjast. <\/strong><\/p>\n","protected":false},"featured_media":742,"comment_status":"closed","ping_status":"closed","template":"","meta":{"_et_pb_use_builder":"","_et_pb_old_content":"","_et_gb_content_width":""},"product_brand":[],"product_cat":[222],"product_tag":[120,141,142],"class_list":{"0":"post-738","1":"product","2":"type-product","3":"status-publish","4":"has-post-thumbnail","6":"product_cat-muu","7":"product_tag-kalligraafia","8":"product_tag-legendid","9":"product_tag-tallinna-legendid","11":"first","12":"instock","13":"taxable","14":"shipping-taxable","15":"purchasable","16":"product-type-variable","17":"has-default-attributes"},"_links":{"self":[{"href":"https:\/\/labora.ee\/et\/wp-json\/wp\/v2\/product\/738","targetHints":{"allow":["GET"]}}],"collection":[{"href":"https:\/\/labora.ee\/et\/wp-json\/wp\/v2\/product"}],"about":[{"href":"https:\/\/labora.ee\/et\/wp-json\/wp\/v2\/types\/product"}],"replies":[{"embeddable":true,"href":"https:\/\/labora.ee\/et\/wp-json\/wp\/v2\/comments?post=738"}],"wp:featuredmedia":[{"embeddable":true,"href":"https:\/\/labora.ee\/et\/wp-json\/wp\/v2\/media\/742"}],"wp:attachment":[{"href":"https:\/\/labora.ee\/et\/wp-json\/wp\/v2\/media?parent=738"}],"wp:term":[{"taxonomy":"product_brand","embeddable":true,"href":"https:\/\/labora.ee\/et\/wp-json\/wp\/v2\/product_brand?post=738"},{"taxonomy":"product_cat","embeddable":true,"href":"https:\/\/labora.ee\/et\/wp-json\/wp\/v2\/product_cat?post=738"},{"taxonomy":"product_tag","embeddable":true,"href":"https:\/\/labora.ee\/et\/wp-json\/wp\/v2\/product_tag?post=738"}],"curies":[{"name":"wp","href":"https:\/\/api.w.org\/{rel}","templated":true}]}}