{"id":698,"date":"2016-08-09T18:43:36","date_gmt":"2016-08-09T15:43:36","guid":{"rendered":"http:\/\/labora.ee\/et\/shop\/ole-tervitatud-maarja\/"},"modified":"2019-04-15T17:23:23","modified_gmt":"2019-04-15T14:23:23","slug":"ole-tervitatud-maarja","status":"publish","type":"product","link":"https:\/\/labora.ee\/et\/shop\/large_prints\/ole-tervitatud-maarja\/","title":{"rendered":"Ole tervitatud Maarja &#8211; kunstiteos (A3)"},"content":{"rendered":"<p>Kalligraafia on k\u00f5rtr\u00fcki tehnikas tr\u00fckitud k\u00e4sitsi valmistatud paberile. Paber on valmistatud puuvillast ja paberij\u00e4\u00e4kide segust. Iga tr\u00fckis on nummerdatud ja originaalkalligraafia autori Tatiana Iakovleva poolt signeeritud.<\/p>\n<p><em>A3 formaat, paberi paksus 2 mm.<\/em><\/p>\n","protected":false},"excerpt":{"rendered":"<p><strong>Tatiana Iakovleva kalligraafiast valminud limiteeritud k\u00f5rgtr\u00fckiseeria &#8211; ideaalne seinale riputamiseks!<\/strong><\/p>\n<p>&nbsp;<\/p>\n","protected":false},"featured_media":701,"comment_status":"closed","ping_status":"closed","template":"","meta":{"_et_pb_use_builder":"","_et_pb_old_content":"","_et_gb_content_width":""},"product_brand":[],"product_cat":[28],"product_tag":[120,143],"class_list":{"0":"post-698","1":"product","2":"type-product","3":"status-publish","4":"has-post-thumbnail","6":"product_cat-large_prints","7":"product_tag-kalligraafia","8":"product_tag-limiteeritud-korgtrukiseeria","9":"product_shipping_class-a3-prints","11":"first","12":"instock","13":"taxable","14":"shipping-taxable","15":"purchasable","16":"product-type-simple"},"_links":{"self":[{"href":"https:\/\/labora.ee\/et\/wp-json\/wp\/v2\/product\/698","targetHints":{"allow":["GET"]}}],"collection":[{"href":"https:\/\/labora.ee\/et\/wp-json\/wp\/v2\/product"}],"about":[{"href":"https:\/\/labora.ee\/et\/wp-json\/wp\/v2\/types\/product"}],"replies":[{"embeddable":true,"href":"https:\/\/labora.ee\/et\/wp-json\/wp\/v2\/comments?post=698"}],"wp:featuredmedia":[{"embeddable":true,"href":"https:\/\/labora.ee\/et\/wp-json\/wp\/v2\/media\/701"}],"wp:attachment":[{"href":"https:\/\/labora.ee\/et\/wp-json\/wp\/v2\/media?parent=698"}],"wp:term":[{"taxonomy":"product_brand","embeddable":true,"href":"https:\/\/labora.ee\/et\/wp-json\/wp\/v2\/product_brand?post=698"},{"taxonomy":"product_cat","embeddable":true,"href":"https:\/\/labora.ee\/et\/wp-json\/wp\/v2\/product_cat?post=698"},{"taxonomy":"product_tag","embeddable":true,"href":"https:\/\/labora.ee\/et\/wp-json\/wp\/v2\/product_tag?post=698"}],"curies":[{"name":"wp","href":"https:\/\/api.w.org\/{rel}","templated":true}]}}