{"id":446,"date":"2016-07-30T09:31:19","date_gmt":"2016-07-30T06:31:19","guid":{"rendered":"http:\/\/labora.ee\/et\/shop\/greeting_cards\/merry-christmas\/"},"modified":"2020-04-21T12:28:07","modified_gmt":"2020-04-21T09:28:07","slug":"merry-christmas","status":"publish","type":"product","link":"https:\/\/labora.ee\/et\/shop\/greeting_cards\/merry-christmas\/","title":{"rendered":"Merry Christmas"},"content":{"rendered":"<p>Sellel kaardil n\u00e4eme Portugali kalligraafi Manuel de Andrade de Figueiredo t\u00f6\u00f6 v\u00e4rvilisemaks kujundatud varianti. Hoolikamal vaatlemisel v\u00f5ime n\u00e4ha et kogu see imeline joonistus on tehtud joont katkestamata!<\/p>\n<p>\u00d5nnitluskaardiga on kaasas\u00a0vandlikarva \u00fcmbrik.<\/p>\n","protected":false},"excerpt":{"rendered":"<p>J\u00f5ulud on p\u00fcha, mil kaartide saatmine on ikka kombeks olnud. Hoidke seda imelist traditsiooni elus meie kalligraafilise j\u00f5ulukaardiga!<\/p>\n<p><span style=\"font-weight: 400\">Meie \u00f5nnitluskaardid on valmistatud 100% taaskasutatud materjalist. Unikaalne kalligraafiline kujundus pressitakse k\u00e4sitisi valmistatud paberi lihvimata pinda ajaloolises k\u00f5rgtr\u00fcki tehnikas. Tulemuseks on meeldej\u00e4\u00e4v ja soe kaart teie eriliste p\u00fchadesoovide edastamiseks! <\/span><\/p>\n","protected":false},"featured_media":3384,"comment_status":"closed","ping_status":"closed","template":"","meta":{"_et_pb_use_builder":"","_et_pb_old_content":"","_et_gb_content_width":""},"product_brand":[],"product_cat":[26,115],"product_tag":[123,145,120,144,132],"class_list":{"0":"post-446","1":"product","2":"type-product","3":"status-publish","4":"has-post-thumbnail","6":"product_cat-greeting_cards","7":"product_cat-christmas-cards","8":"product_tag-joulud","9":"product_tag-joulukaart","10":"product_tag-kalligraafia","11":"product_tag-korgtruki-tehnika","12":"product_tag-taaskasutatud","14":"first","15":"instock","16":"sold-individually","17":"taxable","18":"shipping-taxable","19":"purchasable","20":"product-type-simple"},"_links":{"self":[{"href":"https:\/\/labora.ee\/et\/wp-json\/wp\/v2\/product\/446","targetHints":{"allow":["GET"]}}],"collection":[{"href":"https:\/\/labora.ee\/et\/wp-json\/wp\/v2\/product"}],"about":[{"href":"https:\/\/labora.ee\/et\/wp-json\/wp\/v2\/types\/product"}],"replies":[{"embeddable":true,"href":"https:\/\/labora.ee\/et\/wp-json\/wp\/v2\/comments?post=446"}],"wp:featuredmedia":[{"embeddable":true,"href":"https:\/\/labora.ee\/et\/wp-json\/wp\/v2\/media\/3384"}],"wp:attachment":[{"href":"https:\/\/labora.ee\/et\/wp-json\/wp\/v2\/media?parent=446"}],"wp:term":[{"taxonomy":"product_brand","embeddable":true,"href":"https:\/\/labora.ee\/et\/wp-json\/wp\/v2\/product_brand?post=446"},{"taxonomy":"product_cat","embeddable":true,"href":"https:\/\/labora.ee\/et\/wp-json\/wp\/v2\/product_cat?post=446"},{"taxonomy":"product_tag","embeddable":true,"href":"https:\/\/labora.ee\/et\/wp-json\/wp\/v2\/product_tag?post=446"}],"curies":[{"name":"wp","href":"https:\/\/api.w.org\/{rel}","templated":true}]}}