{"id":408,"date":"2016-07-05T21:50:00","date_gmt":"2016-07-05T21:50:00","guid":{"rendered":"http:\/\/labora.ee\/et\/shop\/seed_paper_cards\/equisetum-arvense\/"},"modified":"2020-04-26T22:12:09","modified_gmt":"2020-04-26T19:12:09","slug":"equisetum-arvense","status":"publish","type":"product","link":"https:\/\/labora.ee\/et\/shop\/seed_paper_cards\/equisetum-arvense\/","title":{"rendered":"Equisetum arvense"},"content":{"rendered":"<p><span style=\"font-weight: 400\">Kuigi enamus riike lubab seemneid postiga saata, on siiski m\u00f5ned erandid. Riikide nimekirja, kuhu seemnete saatmisel kehtivad piirangud, leiate<\/span><span style=\"font-weight: 400\"><a href=\"http:\/\/labora.ee\/et\/seemnepaberi-impordipiirangud\/\"> siit<\/a>.<\/span><\/p>\n","protected":false},"excerpt":{"rendered":"<p><b>Kaart ja lilled on alati sobiv kingitus. Kuidas oleks, kui teie kaart ja lilled mahuksid \u00fchte ja samasse \u00fcmbrikusse? \u00dcmbrikusse, mille v\u00f5ite posti panna ja teise maailma otsa saata?<\/b><\/p>\n<p><b>Seemnepaberist kaart pakub teile just sellist v\u00f5imalust: valige lemmik meie kujunduste hulgast, kirjutage kaardile s\u00f5num ja saatke see endale olulistele inimestele. Kui kaardi saaja paberi maha istutab, v\u00f5ib ta m\u00f5ne kuu p\u00e4rast nautida teie saadetud \u00f5itsvaid p\u00f5llulilli.<\/b><\/p>\n<p><span style=\"font-weight: 400\">Seemnepaberist kaardid on valmistatud 100 % taaskasutatud paberist ja tr\u00fckitud k\u00f5rgtr\u00fcki tehnikas. Iga seemnepaberist kaardiga on kaasas vandlikarva \u00fcmbrik. Juhendi seemnepaberi istutamiseks leiate pakendi tagumiselt k\u00fcljelt.<\/span><br \/>\n<span style=\"font-weight: 400\">Asetage seemnepaber mullale ja kastke seda regulaarselt. Seemned hakkavad idanema 1-2 n\u00e4dala p\u00e4rast. Lisainfo ja t\u00e4psemad juhised istutamiseks leiate <\/span><span style=\"font-weight: 400\"><a href=\"http:\/\/labora.ee\/et\/seemne-paber\/\">siit<\/a>. <\/span><\/p>\n","protected":false},"featured_media":3358,"comment_status":"closed","ping_status":"closed","template":"","meta":{"_et_pb_use_builder":"","_et_pb_old_content":"","_et_gb_content_width":""},"product_brand":[],"product_cat":[21],"product_tag":[154,153,144,130,151],"class_list":{"0":"post-408","1":"product","2":"type-product","3":"status-publish","4":"has-post-thumbnail","6":"product_cat-seed_paper_cards","7":"product_tag-kaart","8":"product_tag-kingitus","9":"product_tag-korgtruki-tehnika","10":"product_tag-seemnepaber","11":"product_tag-seemnepaberist-kaart","13":"first","14":"instock","15":"taxable","16":"shipping-taxable","17":"purchasable","18":"product-type-simple"},"_links":{"self":[{"href":"https:\/\/labora.ee\/et\/wp-json\/wp\/v2\/product\/408","targetHints":{"allow":["GET"]}}],"collection":[{"href":"https:\/\/labora.ee\/et\/wp-json\/wp\/v2\/product"}],"about":[{"href":"https:\/\/labora.ee\/et\/wp-json\/wp\/v2\/types\/product"}],"replies":[{"embeddable":true,"href":"https:\/\/labora.ee\/et\/wp-json\/wp\/v2\/comments?post=408"}],"wp:featuredmedia":[{"embeddable":true,"href":"https:\/\/labora.ee\/et\/wp-json\/wp\/v2\/media\/3358"}],"wp:attachment":[{"href":"https:\/\/labora.ee\/et\/wp-json\/wp\/v2\/media?parent=408"}],"wp:term":[{"taxonomy":"product_brand","embeddable":true,"href":"https:\/\/labora.ee\/et\/wp-json\/wp\/v2\/product_brand?post=408"},{"taxonomy":"product_cat","embeddable":true,"href":"https:\/\/labora.ee\/et\/wp-json\/wp\/v2\/product_cat?post=408"},{"taxonomy":"product_tag","embeddable":true,"href":"https:\/\/labora.ee\/et\/wp-json\/wp\/v2\/product_tag?post=408"}],"curies":[{"name":"wp","href":"https:\/\/api.w.org\/{rel}","templated":true}]}}