{"id":4067,"date":"2020-11-27T10:55:41","date_gmt":"2020-11-27T08:55:41","guid":{"rendered":"https:\/\/labora.ee\/et\/?post_type=product&#038;p=4067"},"modified":"2020-11-27T12:36:46","modified_gmt":"2020-11-27T10:36:46","slug":"jeesus-loomad","status":"publish","type":"product","link":"https:\/\/labora.ee\/et\/shop\/postcards\/jeesus-loomad\/","title":{"rendered":"Jeesuslaps"},"content":{"rendered":"<p>Meie postkaardid on valmistatud 100% taaskasutatud paberist ja tr\u00fckitud k\u00f5rgtr\u00fcki tehnikas.<\/p>\n","protected":false},"excerpt":{"rendered":"<p><strong>Kogu loodu r\u00f5\u00f5mutseb! See j\u00f5uluime kaart on kujundatud Isa Anatoli poolt, (kes on Tallinna Kolmek\u00e4lise Jumalaemakiriku looja.)<\/strong><\/p>\n","protected":false},"featured_media":4068,"comment_status":"closed","ping_status":"closed","template":"","meta":{"_et_pb_use_builder":"","_et_pb_old_content":"","_et_gb_content_width":""},"product_brand":[],"product_cat":[24,115],"product_tag":[121,125,122,126,127],"class_list":{"0":"post-4067","1":"product","2":"type-product","3":"status-publish","4":"has-post-thumbnail","6":"product_cat-postcards","7":"product_cat-christmas-cards","8":"product_tag-kasitoo","9":"product_tag-kasitsi-trukitud","10":"product_tag-korgtrukk","11":"product_tag-postkaart","12":"product_tag-taaskasutatud-paber","14":"first","15":"instock","16":"taxable","17":"shipping-taxable","18":"purchasable","19":"product-type-simple"},"_links":{"self":[{"href":"https:\/\/labora.ee\/et\/wp-json\/wp\/v2\/product\/4067","targetHints":{"allow":["GET"]}}],"collection":[{"href":"https:\/\/labora.ee\/et\/wp-json\/wp\/v2\/product"}],"about":[{"href":"https:\/\/labora.ee\/et\/wp-json\/wp\/v2\/types\/product"}],"replies":[{"embeddable":true,"href":"https:\/\/labora.ee\/et\/wp-json\/wp\/v2\/comments?post=4067"}],"wp:featuredmedia":[{"embeddable":true,"href":"https:\/\/labora.ee\/et\/wp-json\/wp\/v2\/media\/4068"}],"wp:attachment":[{"href":"https:\/\/labora.ee\/et\/wp-json\/wp\/v2\/media?parent=4067"}],"wp:term":[{"taxonomy":"product_brand","embeddable":true,"href":"https:\/\/labora.ee\/et\/wp-json\/wp\/v2\/product_brand?post=4067"},{"taxonomy":"product_cat","embeddable":true,"href":"https:\/\/labora.ee\/et\/wp-json\/wp\/v2\/product_cat?post=4067"},{"taxonomy":"product_tag","embeddable":true,"href":"https:\/\/labora.ee\/et\/wp-json\/wp\/v2\/product_tag?post=4067"}],"curies":[{"name":"wp","href":"https:\/\/api.w.org\/{rel}","templated":true}]}}