{"id":4065,"date":"2020-11-26T11:18:16","date_gmt":"2020-11-26T09:18:16","guid":{"rendered":"https:\/\/labora.ee\/et\/?post_type=product&#038;p=4065"},"modified":"2020-11-27T12:36:56","modified_gmt":"2020-11-27T10:36:56","slug":"beibijeesus","status":"publish","type":"product","link":"https:\/\/labora.ee\/et\/shop\/postcards\/beibijeesus\/","title":{"rendered":"Petlemma t\u00e4ht"},"content":{"rendered":"<p>Meie postkaardid on valmistatud 100% taaskasutatud paberist ja tr\u00fckitud k\u00f5rgtr\u00fcki tehnikas.<\/p>\n","protected":false},"excerpt":{"rendered":"<div dir=\"auto\">Petlemma t\u00e4ht.\u00a0 Lk. 2:8-14 &#8220;&#8230;ja see on teile tunnust\u00e4heks: te leiate lapsukese m\u00e4hitud ja s\u00f5imes magavat.&#8221;<\/div>\n<div dir=\"auto\">Isa Anatoli k\u00e4sitsi joonistatud s\u00fcmboliteeohke kaart on ilus viis j\u00f5ulutervitused teele saata.<\/div>\n<p><strong>\u00a0<\/strong><\/p>\n","protected":false},"featured_media":4066,"comment_status":"closed","ping_status":"closed","template":"","meta":{"_et_pb_use_builder":"","_et_pb_old_content":"","_et_gb_content_width":""},"product_brand":[],"product_cat":[24,115],"product_tag":[121,125,122,126,127],"class_list":{"0":"post-4065","1":"product","2":"type-product","3":"status-publish","4":"has-post-thumbnail","6":"product_cat-postcards","7":"product_cat-christmas-cards","8":"product_tag-kasitoo","9":"product_tag-kasitsi-trukitud","10":"product_tag-korgtrukk","11":"product_tag-postkaart","12":"product_tag-taaskasutatud-paber","14":"first","15":"instock","16":"taxable","17":"shipping-taxable","18":"purchasable","19":"product-type-simple"},"_links":{"self":[{"href":"https:\/\/labora.ee\/et\/wp-json\/wp\/v2\/product\/4065","targetHints":{"allow":["GET"]}}],"collection":[{"href":"https:\/\/labora.ee\/et\/wp-json\/wp\/v2\/product"}],"about":[{"href":"https:\/\/labora.ee\/et\/wp-json\/wp\/v2\/types\/product"}],"replies":[{"embeddable":true,"href":"https:\/\/labora.ee\/et\/wp-json\/wp\/v2\/comments?post=4065"}],"wp:featuredmedia":[{"embeddable":true,"href":"https:\/\/labora.ee\/et\/wp-json\/wp\/v2\/media\/4066"}],"wp:attachment":[{"href":"https:\/\/labora.ee\/et\/wp-json\/wp\/v2\/media?parent=4065"}],"wp:term":[{"taxonomy":"product_brand","embeddable":true,"href":"https:\/\/labora.ee\/et\/wp-json\/wp\/v2\/product_brand?post=4065"},{"taxonomy":"product_cat","embeddable":true,"href":"https:\/\/labora.ee\/et\/wp-json\/wp\/v2\/product_cat?post=4065"},{"taxonomy":"product_tag","embeddable":true,"href":"https:\/\/labora.ee\/et\/wp-json\/wp\/v2\/product_tag?post=4065"}],"curies":[{"name":"wp","href":"https:\/\/api.w.org\/{rel}","templated":true}]}}