{"id":4029,"date":"2020-11-11T12:10:31","date_gmt":"2020-11-11T10:10:31","guid":{"rendered":"https:\/\/labora.ee\/et\/?post_type=product&#038;p=4029"},"modified":"2020-11-18T16:39:48","modified_gmt":"2020-11-18T14:39:48","slug":"soojad-tervitused","status":"publish","type":"product","link":"https:\/\/labora.ee\/et\/shop\/greeting_cards\/soojad-tervitused\/","title":{"rendered":"Soojad tervitused"},"content":{"rendered":"<p>Unikaalne kujundus pressitakse k\u00e4sitisi valmistatud paberi lihvimata pinda ajaloolises k\u00f5rgtr\u00fcki tehnikas.<\/p>\n<p>Meie \u00f5nnitluskaardid on valmistatud 100% taaskasutatud materjalist.<\/p>\n","protected":false},"excerpt":{"rendered":"<p><strong>Kui ei saa p\u00e4riselt kallistada, siis saada oma kallistusest pakatavad soovid just selle k\u00e4sit\u00f6\u00f6paberist kaardiga. Kaart on kujundatud meie printmeister Hannah poolt.<\/strong><\/p>\n<p>Labora \u00f5nnitluskaardid on k\u00f5ik valmistatud 100% taaskasutatud paberist. Ainulaadsed kujundused on teostatud k\u00f5rgtr\u00fcki tehnikas, mis m\u00e4ngib ideaalselt kokku k\u00e4sit\u00f6\u00f6paberi faktuurse pinnaga. Sellise kaardiga saabuvad \u00f5nnitlused muudavad iga s\u00fcndmuse veel r\u00f5\u00f5msamaks ja pidulikumaks.<\/p>\n","protected":false},"featured_media":4030,"comment_status":"open","ping_status":"closed","template":"","meta":{"_et_pb_use_builder":"","_et_pb_old_content":"","_et_gb_content_width":""},"product_brand":[],"product_cat":[26,115],"product_tag":[254,138,124],"class_list":{"0":"post-4029","1":"product","2":"type-product","3":"status-publish","4":"has-post-thumbnail","6":"product_cat-greeting_cards","7":"product_cat-christmas-cards","8":"product_tag-congratulations","9":"product_tag-kasitsi-valmistatud-paber","10":"product_tag-onnitluskaart","12":"first","13":"instock","14":"taxable","15":"shipping-taxable","16":"purchasable","17":"product-type-simple"},"_links":{"self":[{"href":"https:\/\/labora.ee\/et\/wp-json\/wp\/v2\/product\/4029","targetHints":{"allow":["GET"]}}],"collection":[{"href":"https:\/\/labora.ee\/et\/wp-json\/wp\/v2\/product"}],"about":[{"href":"https:\/\/labora.ee\/et\/wp-json\/wp\/v2\/types\/product"}],"replies":[{"embeddable":true,"href":"https:\/\/labora.ee\/et\/wp-json\/wp\/v2\/comments?post=4029"}],"wp:featuredmedia":[{"embeddable":true,"href":"https:\/\/labora.ee\/et\/wp-json\/wp\/v2\/media\/4030"}],"wp:attachment":[{"href":"https:\/\/labora.ee\/et\/wp-json\/wp\/v2\/media?parent=4029"}],"wp:term":[{"taxonomy":"product_brand","embeddable":true,"href":"https:\/\/labora.ee\/et\/wp-json\/wp\/v2\/product_brand?post=4029"},{"taxonomy":"product_cat","embeddable":true,"href":"https:\/\/labora.ee\/et\/wp-json\/wp\/v2\/product_cat?post=4029"},{"taxonomy":"product_tag","embeddable":true,"href":"https:\/\/labora.ee\/et\/wp-json\/wp\/v2\/product_tag?post=4029"}],"curies":[{"name":"wp","href":"https:\/\/api.w.org\/{rel}","templated":true}]}}