{"id":4013,"date":"2020-10-15T13:53:07","date_gmt":"2020-10-15T10:53:07","guid":{"rendered":"https:\/\/labora.ee\/et\/?post_type=product&#038;p=4013"},"modified":"2021-04-19T14:32:40","modified_gmt":"2021-04-19T11:32:40","slug":"karvasjalg-kakk-helkur-kott","status":"publish","type":"product","link":"https:\/\/labora.ee\/et\/shop\/tarvikud\/karvasjalg-kakk-helkur-kott\/","title":{"rendered":"Karvasjalg-kakk Helkur kott"},"content":{"rendered":"<p>K\u00e4sitsi tr\u00fckitud k\u00f5rgtr\u00fcki tehnikas. K\u00e4sitsi pestav.<\/p>\n<p>&nbsp;<\/p>\n","protected":false},"excerpt":{"rendered":"<p><span style=\"color: #ff0000;\"><strong><span class=\"tojvnm2t a6sixzi8 abs2jz4q a8s20v7p t1p8iaqh k5wvi7nf q3lfd5jv pk4s997a bipmatt0 cebpdrjk qowsmv63 owwhemhu dp1hu0rb dhp61c6y iyyx5f41\">LAOST OTSAS<\/span><\/strong><\/span><\/p>\n<p><strong><span id=\"cch_f312a07e8681f\" class=\"_mh6 _wsc\"><span class=\"_3oh- _58nk\">Labora soovib teile turvalist s\u00fcgise saabumist! Proovige meie v\u00e4rsket toodet &#8211; helkurkangast veekindlat poekotti. Meie \u00f6\u00f6kull kaitseb teid nii pimedatel kui ka vihmastel \u00f6\u00f6del!<\/span><\/span><\/strong><\/p>\n<p>Illustratsioon on tehtud Nestor Ljutjuki.<\/p>\n","protected":false},"featured_media":4014,"comment_status":"open","ping_status":"closed","template":"","meta":{"_et_pb_use_builder":"","_et_pb_old_content":"","_et_gb_content_width":""},"product_brand":[],"product_cat":[238],"product_tag":[257,258,256],"class_list":{"0":"post-4013","1":"product","2":"type-product","3":"status-publish","4":"has-post-thumbnail","6":"product_cat-tarvikud","7":"product_tag-helkur","8":"product_tag-kott","9":"product_tag-ookull","11":"first","12":"outofstock","13":"taxable","14":"shipping-taxable","15":"purchasable","16":"product-type-simple"},"_links":{"self":[{"href":"https:\/\/labora.ee\/et\/wp-json\/wp\/v2\/product\/4013","targetHints":{"allow":["GET"]}}],"collection":[{"href":"https:\/\/labora.ee\/et\/wp-json\/wp\/v2\/product"}],"about":[{"href":"https:\/\/labora.ee\/et\/wp-json\/wp\/v2\/types\/product"}],"replies":[{"embeddable":true,"href":"https:\/\/labora.ee\/et\/wp-json\/wp\/v2\/comments?post=4013"}],"wp:featuredmedia":[{"embeddable":true,"href":"https:\/\/labora.ee\/et\/wp-json\/wp\/v2\/media\/4014"}],"wp:attachment":[{"href":"https:\/\/labora.ee\/et\/wp-json\/wp\/v2\/media?parent=4013"}],"wp:term":[{"taxonomy":"product_brand","embeddable":true,"href":"https:\/\/labora.ee\/et\/wp-json\/wp\/v2\/product_brand?post=4013"},{"taxonomy":"product_cat","embeddable":true,"href":"https:\/\/labora.ee\/et\/wp-json\/wp\/v2\/product_cat?post=4013"},{"taxonomy":"product_tag","embeddable":true,"href":"https:\/\/labora.ee\/et\/wp-json\/wp\/v2\/product_tag?post=4013"}],"curies":[{"name":"wp","href":"https:\/\/api.w.org\/{rel}","templated":true}]}}