{"id":400,"date":"2016-07-05T16:30:36","date_gmt":"2016-07-05T16:30:36","guid":{"rendered":"http:\/\/labora.ee\/et\/shop\/postcards\/potato-from-the-city-wall-gardens\/"},"modified":"2020-04-21T12:29:06","modified_gmt":"2020-04-21T09:29:06","slug":"potato-from-the-city-wall-gardens","status":"publish","type":"product","link":"https:\/\/labora.ee\/et\/shop\/postcards\/potato-from-the-city-wall-gardens\/","title":{"rendered":"Kartul"},"content":{"rendered":"<p>Kartul j\u00f5udis Eestisse 1740-50-ndatel aastatel ning muutus 19. sajandi l\u00f5pupoole eestlase toidulaual pea asendamatuks, kujutades endast tihti p\u00e4eva tugevaima s\u00f6\u00f6gikorra p\u00f5hilist osa. Seet\u00f5ttu hakati kartulit nimetama \u201eteiseks leivaks\u201c. Lisaks sai kartul oluliseks toormeks m\u00f5isate piiritust\u00f6\u00f6stustele. Viimase k\u00fcmne aasta jooksul on kartulitarbimine v\u00e4henenud umbes poole v\u00f5rra kuid on endiselt t\u00e4htsal kohal eestlase toidulaual. Kartulisalat, ahjukartulid, praekartul, kartulipuder kuuluvad paljude eestlaste lemmiks\u00f6\u00f6kide hulka.<\/p>\n<p><span style=\"font-weight: 400;\">Meie postkaardid on valmistatud 100% taaskasutatud paberist ja tr\u00fckitud k\u00f5rgtr\u00fcki tehnikas.<\/span><\/p>\n","protected":false},"excerpt":{"rendered":"<p><b>Kas postkaardi saatmine tundub vanamoodne? Aga keskaegsetel meetoditel k\u00e4sitsi valmistatud postkaardi saatmine? M\u00f5nikord on tore olla vanamoodne &#8211; eriti tore on aga postkastist kaarti leida! <\/b><\/p>\n<p><b>\u00dcllata oma s\u00f5pru ja tuttavaid k\u00f5rgtr\u00fcki tehnikas valminud kaardiga, millele on iseloomulik nii rikkalik faktuur kui kujundus. Sellist postkaarti juba igalt t\u00e4navanurgalt ei leia!<\/b><\/p>\n","protected":false},"featured_media":3302,"comment_status":"closed","ping_status":"closed","template":"","meta":{"_et_pb_use_builder":"","_et_pb_old_content":"","_et_gb_content_width":""},"product_brand":[],"product_cat":[24],"product_tag":[157,158,126,150],"class_list":{"0":"post-400","1":"product","2":"type-product","3":"status-publish","4":"has-post-thumbnail","6":"product_cat-postcards","7":"product_tag-kasitis-valmistatud","8":"product_tag-korgtruki-tehnikas","9":"product_tag-postkaart","10":"product_tag-taaskasutatud-paberist","12":"first","13":"instock","14":"taxable","15":"shipping-taxable","16":"purchasable","17":"product-type-simple"},"_links":{"self":[{"href":"https:\/\/labora.ee\/et\/wp-json\/wp\/v2\/product\/400","targetHints":{"allow":["GET"]}}],"collection":[{"href":"https:\/\/labora.ee\/et\/wp-json\/wp\/v2\/product"}],"about":[{"href":"https:\/\/labora.ee\/et\/wp-json\/wp\/v2\/types\/product"}],"replies":[{"embeddable":true,"href":"https:\/\/labora.ee\/et\/wp-json\/wp\/v2\/comments?post=400"}],"wp:featuredmedia":[{"embeddable":true,"href":"https:\/\/labora.ee\/et\/wp-json\/wp\/v2\/media\/3302"}],"wp:attachment":[{"href":"https:\/\/labora.ee\/et\/wp-json\/wp\/v2\/media?parent=400"}],"wp:term":[{"taxonomy":"product_brand","embeddable":true,"href":"https:\/\/labora.ee\/et\/wp-json\/wp\/v2\/product_brand?post=400"},{"taxonomy":"product_cat","embeddable":true,"href":"https:\/\/labora.ee\/et\/wp-json\/wp\/v2\/product_cat?post=400"},{"taxonomy":"product_tag","embeddable":true,"href":"https:\/\/labora.ee\/et\/wp-json\/wp\/v2\/product_tag?post=400"}],"curies":[{"name":"wp","href":"https:\/\/api.w.org\/{rel}","templated":true}]}}