{"id":398,"date":"2016-07-05T16:27:13","date_gmt":"2016-07-05T16:27:13","guid":{"rendered":"http:\/\/labora.ee\/et\/shop\/postcards\/carrot-from-the-city-gardens\/"},"modified":"2023-09-18T18:26:58","modified_gmt":"2023-09-18T15:26:58","slug":"carrot-from-the-city-gardens","status":"publish","type":"product","link":"https:\/\/labora.ee\/et\/shop\/postcards\/carrot-from-the-city-gardens\/","title":{"rendered":"Porgand"},"content":{"rendered":"<p>Porgand on Eestis \u00fcks levinumaid juurvilju. <a href=\"https:\/\/et.wikipedia.org\/wiki\/Eesti\">Eestisse<\/a>\u00a0levis selle \u00a0kasvatamine m\u00f5isaaedade kaudu, j\u00f5udes\u00a0<a href=\"https:\/\/et.wikipedia.org\/wiki\/19._sajand\">19. sajandi<\/a>\u00a0l\u00f5puks paljudesse taluaedadesse. Toiduvalmistamises peetakse porgandit koos kurgiga valge peakapsa j\u00e4rel Eestis t\u00e4htsuselt teiseks-kolmandaks oluliseks k\u00f6\u00f6giviljaks. Porgand kuulub paljude klassikaks saanud hoidiste koostisesse. Mitmed salatid, supip\u00f5hjad ja kastmed pole ilma porgandita m\u00f5eldavad, samuti v\u00f5ib teda marineerida v\u00f5i hapendada koos teiste k\u00f6\u00f6giviljadega.<\/p>\n<p><span style=\"font-weight: 400;\">Meie postkaardid on valmistatud 100% taaskasutatud paberist ja tr\u00fckitud k\u00f5rgtr\u00fcki tehnikas.<\/span><\/p>\n","protected":false},"excerpt":{"rendered":"<p><b>Kas postkaardi saatmine tundub vanamoodne? Aga keskaegsetel meetoditel k\u00e4sitsi valmistatud postkaardi saatmine? M\u00f5nikord on tore olla vanamoodne &#8211; eriti tore on aga postkastist kaarti leida! <\/b><\/p>\n<p><b>\u00dcllata oma s\u00f5pru ja tuttavaid k\u00f5rgtr\u00fcki tehnikas valminud kaardiga, millele on iseloomulik nii rikkalik faktuur kui kujundus. Sellist postkaarti juba igalt t\u00e4navanurgalt ei leia!<\/b><\/p>\n","protected":false},"featured_media":3308,"comment_status":"closed","ping_status":"closed","template":"","meta":{"_et_pb_use_builder":"","_et_pb_old_content":"","_et_gb_content_width":""},"product_brand":[],"product_cat":[24],"product_tag":[144,147,126],"class_list":{"0":"post-398","1":"product","2":"type-product","3":"status-publish","4":"has-post-thumbnail","6":"product_cat-postcards","7":"product_tag-korgtruki-tehnika","8":"product_tag-porgand","9":"product_tag-postkaart","11":"first","12":"outofstock","13":"taxable","14":"shipping-taxable","15":"purchasable","16":"product-type-simple"},"_links":{"self":[{"href":"https:\/\/labora.ee\/et\/wp-json\/wp\/v2\/product\/398","targetHints":{"allow":["GET"]}}],"collection":[{"href":"https:\/\/labora.ee\/et\/wp-json\/wp\/v2\/product"}],"about":[{"href":"https:\/\/labora.ee\/et\/wp-json\/wp\/v2\/types\/product"}],"replies":[{"embeddable":true,"href":"https:\/\/labora.ee\/et\/wp-json\/wp\/v2\/comments?post=398"}],"wp:featuredmedia":[{"embeddable":true,"href":"https:\/\/labora.ee\/et\/wp-json\/wp\/v2\/media\/3308"}],"wp:attachment":[{"href":"https:\/\/labora.ee\/et\/wp-json\/wp\/v2\/media?parent=398"}],"wp:term":[{"taxonomy":"product_brand","embeddable":true,"href":"https:\/\/labora.ee\/et\/wp-json\/wp\/v2\/product_brand?post=398"},{"taxonomy":"product_cat","embeddable":true,"href":"https:\/\/labora.ee\/et\/wp-json\/wp\/v2\/product_cat?post=398"},{"taxonomy":"product_tag","embeddable":true,"href":"https:\/\/labora.ee\/et\/wp-json\/wp\/v2\/product_tag?post=398"}],"curies":[{"name":"wp","href":"https:\/\/api.w.org\/{rel}","templated":true}]}}