{"id":396,"date":"2016-07-05T16:21:04","date_gmt":"2016-07-05T16:21:04","guid":{"rendered":"http:\/\/labora.ee\/et\/?post_type=product&#038;p=396"},"modified":"2023-09-18T18:26:59","modified_gmt":"2023-09-18T15:26:59","slug":"rukkilill","status":"publish","type":"product","link":"https:\/\/labora.ee\/et\/shop\/postcards\/rukkilill\/","title":{"rendered":"Rukkilill"},"content":{"rendered":"<p>Rukkilill valiti Eesti rahvuslilleks 1968. aastal. Ta armastab kasvada talivilja p\u00f5ldudel koos rukki ja nisuga ja seemnedki meenutavad rukkiterasid- k\u00fcllp seet\u00f5ttu on ta eestlastele v\u00e4ga hingel\u00e4hedane. Rukkilille imeilusad \u00f5ied on sinist v\u00e4rvi millest t\u00fcdrukud suvel meelsasi koos karikakardega kauneid p\u00e4rgi punuvad. Muide, nendest \u00f5ietest on v\u00f5imalik saada ka sinist v\u00e4rvi, samuti v\u00f5ib neid korjata ja kuivatada raviteede tegemiseks. Intensiivse p\u00f5llumajanduse tingimustes on rukkilill meie p\u00f5ldudel palju haruldasemaks vaatepildiks muutunud.<\/p>\n<p><span style=\"font-weight: 400;\">Meie postkaardid on valmistatud 100% taaskasutatud paberist ja tr\u00fckitud k\u00f5rgtr\u00fcki tehnikas.<\/span><\/p>\n","protected":false},"excerpt":{"rendered":"<p><b>Kas postkaardi saatmine tundub vanamoodne? Aga keskaegsetel meetoditel k\u00e4sitsi valmistatud postkaardi saatmine? M\u00f5nikord on tore olla vanamoodne &#8211; eriti tore on aga postkastist kaarti leida! <\/b><\/p>\n<p><b>\u00dcllata oma s\u00f5pru ja tuttavaid k\u00f5rgtr\u00fcki tehnikas valminud kaardiga, millele on iseloomulik nii rikkalik faktuur kui kujundus. Sellist postkaarti juba igalt t\u00e4navanurgalt ei leia!<\/b><\/p>\n","protected":false},"featured_media":3296,"comment_status":"closed","ping_status":"closed","template":"","meta":{"_et_pb_use_builder":"","_et_pb_old_content":"","_et_gb_content_width":""},"product_brand":[],"product_cat":[24],"product_tag":[144,148],"class_list":{"0":"post-396","1":"product","2":"type-product","3":"status-publish","4":"has-post-thumbnail","6":"product_cat-postcards","7":"product_tag-korgtruki-tehnika","8":"product_tag-postkaart-kasitsi-valmistatud","10":"first","11":"outofstock","12":"taxable","13":"shipping-taxable","14":"purchasable","15":"product-type-simple"},"_links":{"self":[{"href":"https:\/\/labora.ee\/et\/wp-json\/wp\/v2\/product\/396","targetHints":{"allow":["GET"]}}],"collection":[{"href":"https:\/\/labora.ee\/et\/wp-json\/wp\/v2\/product"}],"about":[{"href":"https:\/\/labora.ee\/et\/wp-json\/wp\/v2\/types\/product"}],"replies":[{"embeddable":true,"href":"https:\/\/labora.ee\/et\/wp-json\/wp\/v2\/comments?post=396"}],"wp:featuredmedia":[{"embeddable":true,"href":"https:\/\/labora.ee\/et\/wp-json\/wp\/v2\/media\/3296"}],"wp:attachment":[{"href":"https:\/\/labora.ee\/et\/wp-json\/wp\/v2\/media?parent=396"}],"wp:term":[{"taxonomy":"product_brand","embeddable":true,"href":"https:\/\/labora.ee\/et\/wp-json\/wp\/v2\/product_brand?post=396"},{"taxonomy":"product_cat","embeddable":true,"href":"https:\/\/labora.ee\/et\/wp-json\/wp\/v2\/product_cat?post=396"},{"taxonomy":"product_tag","embeddable":true,"href":"https:\/\/labora.ee\/et\/wp-json\/wp\/v2\/product_tag?post=396"}],"curies":[{"name":"wp","href":"https:\/\/api.w.org\/{rel}","templated":true}]}}