{"id":3885,"date":"2020-05-04T12:57:59","date_gmt":"2020-05-04T09:57:59","guid":{"rendered":"https:\/\/labora.ee\/et\/?post_type=product&#038;p=3885"},"modified":"2020-05-12T19:51:29","modified_gmt":"2020-05-12T16:51:29","slug":"mustikad","status":"publish","type":"product","link":"https:\/\/labora.ee\/et\/shop\/greeting_cards\/mustikad\/","title":{"rendered":"Emadep\u00e4eva mustikad"},"content":{"rendered":"<p>Unikaalne kalligraafiline kujundus pressitakse k\u00e4sitisi valmistatud paberi lihvimata pinda ajaloolises k\u00f5rgtr\u00fcki tehnikas.<\/p>\n<p>Meie \u00f5nnitluskaardid on valmistatud 100% taaskasutatud materjalist.<\/p>\n","protected":false},"excerpt":{"rendered":"<p><strong>Saada maitsvad \u00f5nnitlused emadep\u00e4evaks!<\/strong><\/p>\n<p>Labora \u00f5nnitluskaardid on k\u00f5ik valmistatud 100% taaskasutatud paberist. Ainulaadsed kujundused on teostatud k\u00f5rgtr\u00fcki tehnikas, mis m\u00e4ngib ideaalselt kokku k\u00e4sit\u00f6\u00f6paberi faktuurse pinnaga. Sellise kaardiga saabuvad \u00f5nnitlused muudavad iga s\u00fcndmuse veel r\u00f5\u00f5msamaks ja pidulikumaks.<\/p>\n","protected":false},"featured_media":3900,"comment_status":"open","ping_status":"closed","template":"","meta":{"_et_pb_use_builder":"","_et_pb_old_content":"","_et_gb_content_width":""},"product_brand":[],"product_cat":[26],"product_tag":[254,138,255,124],"class_list":{"0":"post-3885","1":"product","2":"type-product","3":"status-publish","4":"has-post-thumbnail","6":"product_cat-greeting_cards","7":"product_tag-congratulations","8":"product_tag-kasitsi-valmistatud-paber","9":"product_tag-linnud","10":"product_tag-onnitluskaart","12":"first","13":"instock","14":"taxable","15":"shipping-taxable","16":"purchasable","17":"product-type-simple"},"_links":{"self":[{"href":"https:\/\/labora.ee\/et\/wp-json\/wp\/v2\/product\/3885","targetHints":{"allow":["GET"]}}],"collection":[{"href":"https:\/\/labora.ee\/et\/wp-json\/wp\/v2\/product"}],"about":[{"href":"https:\/\/labora.ee\/et\/wp-json\/wp\/v2\/types\/product"}],"replies":[{"embeddable":true,"href":"https:\/\/labora.ee\/et\/wp-json\/wp\/v2\/comments?post=3885"}],"wp:featuredmedia":[{"embeddable":true,"href":"https:\/\/labora.ee\/et\/wp-json\/wp\/v2\/media\/3900"}],"wp:attachment":[{"href":"https:\/\/labora.ee\/et\/wp-json\/wp\/v2\/media?parent=3885"}],"wp:term":[{"taxonomy":"product_brand","embeddable":true,"href":"https:\/\/labora.ee\/et\/wp-json\/wp\/v2\/product_brand?post=3885"},{"taxonomy":"product_cat","embeddable":true,"href":"https:\/\/labora.ee\/et\/wp-json\/wp\/v2\/product_cat?post=3885"},{"taxonomy":"product_tag","embeddable":true,"href":"https:\/\/labora.ee\/et\/wp-json\/wp\/v2\/product_tag?post=3885"}],"curies":[{"name":"wp","href":"https:\/\/api.w.org\/{rel}","templated":true}]}}