{"id":3881,"date":"2020-05-04T12:43:27","date_gmt":"2020-05-04T09:43:27","guid":{"rendered":"https:\/\/labora.ee\/et\/?post_type=product&#038;p=3881"},"modified":"2021-04-19T14:27:24","modified_gmt":"2021-04-19T11:27:24","slug":"wheelbarrow","status":"publish","type":"product","link":"https:\/\/labora.ee\/et\/shop\/seed_paper_cards\/wheelbarrow\/","title":{"rendered":"K\u00e4rut\u00e4is armastust"},"content":{"rendered":"<p><span style=\"font-weight: 400;\">Seemnepaberist kaardid on valmistatud 100 % taaskasutatud paberist ja tr\u00fckitud k\u00f5rgtr\u00fcki tehnikas. Iga seemnepaberist kaardiga on kaasas vandlikarva \u00fcmbrik.\u00a0<\/span><\/p>\n<p>&nbsp;<\/p>\n","protected":false},"excerpt":{"rendered":"<p><strong>Saada tohutult palju armastust sinu kallile rohen\u00e4pust emale!<\/strong><\/p>\n<p><span style=\"font-weight: 400;\">See kaart sisaldab kress-salati seemneid, mis hakkavad idanema juba 1-2 p\u00e4eva jooksul.<\/span><\/p>\n","protected":false},"featured_media":3902,"comment_status":"closed","ping_status":"closed","template":"","meta":{"_et_pb_use_builder":"","_et_pb_old_content":"","_et_gb_content_width":""},"product_brand":[],"product_cat":[21],"product_tag":[144,130],"class_list":{"0":"post-3881","1":"product","2":"type-product","3":"status-publish","4":"has-post-thumbnail","6":"product_cat-seed_paper_cards","7":"product_tag-korgtruki-tehnika","8":"product_tag-seemnepaber","10":"first","11":"instock","12":"taxable","13":"shipping-taxable","14":"purchasable","15":"product-type-simple"},"_links":{"self":[{"href":"https:\/\/labora.ee\/et\/wp-json\/wp\/v2\/product\/3881","targetHints":{"allow":["GET"]}}],"collection":[{"href":"https:\/\/labora.ee\/et\/wp-json\/wp\/v2\/product"}],"about":[{"href":"https:\/\/labora.ee\/et\/wp-json\/wp\/v2\/types\/product"}],"replies":[{"embeddable":true,"href":"https:\/\/labora.ee\/et\/wp-json\/wp\/v2\/comments?post=3881"}],"wp:featuredmedia":[{"embeddable":true,"href":"https:\/\/labora.ee\/et\/wp-json\/wp\/v2\/media\/3902"}],"wp:attachment":[{"href":"https:\/\/labora.ee\/et\/wp-json\/wp\/v2\/media?parent=3881"}],"wp:term":[{"taxonomy":"product_brand","embeddable":true,"href":"https:\/\/labora.ee\/et\/wp-json\/wp\/v2\/product_brand?post=3881"},{"taxonomy":"product_cat","embeddable":true,"href":"https:\/\/labora.ee\/et\/wp-json\/wp\/v2\/product_cat?post=3881"},{"taxonomy":"product_tag","embeddable":true,"href":"https:\/\/labora.ee\/et\/wp-json\/wp\/v2\/product_tag?post=3881"}],"curies":[{"name":"wp","href":"https:\/\/api.w.org\/{rel}","templated":true}]}}