{"id":3670,"date":"2020-03-05T17:21:27","date_gmt":"2020-03-05T15:21:27","guid":{"rendered":"https:\/\/labora.ee\/et\/?post_type=product&#038;p=3670"},"modified":"2023-09-18T18:19:25","modified_gmt":"2023-09-18T15:19:25","slug":"aitah-et-oled-olemas","status":"publish","type":"product","link":"https:\/\/labora.ee\/et\/shop\/seed_paper_cards\/aitah-et-oled-olemas\/","title":{"rendered":"Ait\u00e4h, et oled olemas!"},"content":{"rendered":"<p><span style=\"font-weight: 400;\">Seemnepaberist kaardid on valmistatud 100 % taaskasutatud paberist ja tr\u00fckitud k\u00f5rgtr\u00fcki tehnikas. Iga seemnepaberist kaardiga on kaasas vandlikarva \u00fcmbrik.\u00a0<\/span><\/p>\n<p>&nbsp;<\/p>\n","protected":false},"excerpt":{"rendered":"<p><span style=\"color: #ff0000;\"><strong><span class=\"tojvnm2t a6sixzi8 abs2jz4q a8s20v7p t1p8iaqh k5wvi7nf q3lfd5jv pk4s997a bipmatt0 cebpdrjk qowsmv63 owwhemhu dp1hu0rb dhp61c6y iyyx5f41\">LAOST OTSAS<\/span><\/strong><\/span><\/p>\n<p><strong>Kingi meie kaart kui soovid n\u00e4idata kellelegi et ta on sinu jaoks oluline.\u00a0P\u00fchenda see kaart neile, kes on alati olemas kui teda vajad. Keegi kes tingimusteta seisab sinu k\u00f5rval.<\/strong><\/p>\n<p><span style=\"font-weight: 400;\">See kaart sisaldab kress-salati seemneid, mis hakkavad idanema juba 1-2 p\u00e4eva jooksul.<\/span><\/p>\n","protected":false},"featured_media":3673,"comment_status":"closed","ping_status":"closed","template":"","meta":{"_et_pb_use_builder":"","_et_pb_old_content":"","_et_gb_content_width":""},"product_brand":[],"product_cat":[21],"product_tag":[213,144,130],"class_list":{"0":"post-3670","1":"product","2":"type-product","3":"status-publish","4":"has-post-thumbnail","6":"product_cat-seed_paper_cards","7":"product_tag-armastus","8":"product_tag-korgtruki-tehnika","9":"product_tag-seemnepaber","11":"first","12":"outofstock","13":"taxable","14":"shipping-taxable","15":"purchasable","16":"product-type-simple"},"_links":{"self":[{"href":"https:\/\/labora.ee\/et\/wp-json\/wp\/v2\/product\/3670","targetHints":{"allow":["GET"]}}],"collection":[{"href":"https:\/\/labora.ee\/et\/wp-json\/wp\/v2\/product"}],"about":[{"href":"https:\/\/labora.ee\/et\/wp-json\/wp\/v2\/types\/product"}],"replies":[{"embeddable":true,"href":"https:\/\/labora.ee\/et\/wp-json\/wp\/v2\/comments?post=3670"}],"wp:featuredmedia":[{"embeddable":true,"href":"https:\/\/labora.ee\/et\/wp-json\/wp\/v2\/media\/3673"}],"wp:attachment":[{"href":"https:\/\/labora.ee\/et\/wp-json\/wp\/v2\/media?parent=3670"}],"wp:term":[{"taxonomy":"product_brand","embeddable":true,"href":"https:\/\/labora.ee\/et\/wp-json\/wp\/v2\/product_brand?post=3670"},{"taxonomy":"product_cat","embeddable":true,"href":"https:\/\/labora.ee\/et\/wp-json\/wp\/v2\/product_cat?post=3670"},{"taxonomy":"product_tag","embeddable":true,"href":"https:\/\/labora.ee\/et\/wp-json\/wp\/v2\/product_tag?post=3670"}],"curies":[{"name":"wp","href":"https:\/\/api.w.org\/{rel}","templated":true}]}}