{"id":3657,"date":"2020-02-13T12:13:37","date_gmt":"2020-02-13T10:13:37","guid":{"rendered":"https:\/\/labora.ee\/et\/?post_type=product&#038;p=3657"},"modified":"2023-09-18T18:19:42","modified_gmt":"2023-09-18T15:19:42","slug":"metsjanesed","status":"publish","type":"product","link":"https:\/\/labora.ee\/et\/shop\/seed_paper_cards\/metsjanesed\/","title":{"rendered":"Metsj\u00e4nesed"},"content":{"rendered":"<p><span style=\"font-weight: 400;\">Seemnepaberist kaardid on valmistatud 100 % taaskasutatud paberist ja tr\u00fckitud k\u00f5rgtr\u00fcki tehnikas. Iga seemnepaberist kaardiga on kaasas vandlikarva \u00fcmbrik.\u00a0<\/span><\/p>\n<p>&nbsp;<\/p>\n","protected":false},"excerpt":{"rendered":"<p><strong>Mis oleks parem, kui nautida meeldej\u00e4\u00e4vaid hetki koos enda k\u00f5ige kallimaga!<\/strong><\/p>\n<p><span style=\"font-weight: 400;\">See kaart sisaldab kress-salati seemneid, mis hakkavad idanema juba 1-2 p\u00e4eva jooksul.<\/span><\/p>\n","protected":false},"featured_media":3658,"comment_status":"closed","ping_status":"closed","template":"","meta":{"_et_pb_use_builder":"","_et_pb_old_content":"","_et_gb_content_width":""},"product_brand":[],"product_cat":[21],"product_tag":[213,153,144,130],"class_list":{"0":"post-3657","1":"product","2":"type-product","3":"status-publish","4":"has-post-thumbnail","6":"product_cat-seed_paper_cards","7":"product_tag-armastus","8":"product_tag-kingitus","9":"product_tag-korgtruki-tehnika","10":"product_tag-seemnepaber","12":"first","13":"outofstock","14":"taxable","15":"shipping-taxable","16":"purchasable","17":"product-type-simple"},"_links":{"self":[{"href":"https:\/\/labora.ee\/et\/wp-json\/wp\/v2\/product\/3657","targetHints":{"allow":["GET"]}}],"collection":[{"href":"https:\/\/labora.ee\/et\/wp-json\/wp\/v2\/product"}],"about":[{"href":"https:\/\/labora.ee\/et\/wp-json\/wp\/v2\/types\/product"}],"replies":[{"embeddable":true,"href":"https:\/\/labora.ee\/et\/wp-json\/wp\/v2\/comments?post=3657"}],"wp:featuredmedia":[{"embeddable":true,"href":"https:\/\/labora.ee\/et\/wp-json\/wp\/v2\/media\/3658"}],"wp:attachment":[{"href":"https:\/\/labora.ee\/et\/wp-json\/wp\/v2\/media?parent=3657"}],"wp:term":[{"taxonomy":"product_brand","embeddable":true,"href":"https:\/\/labora.ee\/et\/wp-json\/wp\/v2\/product_brand?post=3657"},{"taxonomy":"product_cat","embeddable":true,"href":"https:\/\/labora.ee\/et\/wp-json\/wp\/v2\/product_cat?post=3657"},{"taxonomy":"product_tag","embeddable":true,"href":"https:\/\/labora.ee\/et\/wp-json\/wp\/v2\/product_tag?post=3657"}],"curies":[{"name":"wp","href":"https:\/\/api.w.org\/{rel}","templated":true}]}}