{"id":3654,"date":"2020-02-11T16:33:17","date_gmt":"2020-02-11T14:33:17","guid":{"rendered":"https:\/\/labora.ee\/et\/?post_type=product&#038;p=3654"},"modified":"2020-05-28T12:16:33","modified_gmt":"2020-05-28T09:16:33","slug":"armastus-on-pikameelne-armastus-on-tais-heldust","status":"publish","type":"product","link":"https:\/\/labora.ee\/et\/shop\/postcards\/armastus-on-pikameelne-armastus-on-tais-heldust\/","title":{"rendered":"Armastus on pikameelne, armastus on t\u00e4is heldust (inglise keeles)"},"content":{"rendered":"<p>Meie postkaardid on valmistatud 100% taaskasutatud paberist ja tr\u00fckitud k\u00f5rgtr\u00fcki tehnikas.<\/p>\n","protected":false},"excerpt":{"rendered":"<p><strong>Tatiana Iakovleva kaasaegses kalligraafias kirjutatud inspireeriv tsitaat armastusest.<\/strong><\/p>\n","protected":false},"featured_media":3655,"comment_status":"closed","ping_status":"closed","template":"","meta":{"_et_pb_use_builder":"","_et_pb_old_content":"","_et_gb_content_width":""},"product_brand":[],"product_cat":[24],"product_tag":[213,121,125,122,126,127],"class_list":{"0":"post-3654","1":"product","2":"type-product","3":"status-publish","4":"has-post-thumbnail","6":"product_cat-postcards","7":"product_tag-armastus","8":"product_tag-kasitoo","9":"product_tag-kasitsi-trukitud","10":"product_tag-korgtrukk","11":"product_tag-postkaart","12":"product_tag-taaskasutatud-paber","14":"first","15":"instock","16":"taxable","17":"shipping-taxable","18":"purchasable","19":"product-type-simple"},"_links":{"self":[{"href":"https:\/\/labora.ee\/et\/wp-json\/wp\/v2\/product\/3654","targetHints":{"allow":["GET"]}}],"collection":[{"href":"https:\/\/labora.ee\/et\/wp-json\/wp\/v2\/product"}],"about":[{"href":"https:\/\/labora.ee\/et\/wp-json\/wp\/v2\/types\/product"}],"replies":[{"embeddable":true,"href":"https:\/\/labora.ee\/et\/wp-json\/wp\/v2\/comments?post=3654"}],"wp:featuredmedia":[{"embeddable":true,"href":"https:\/\/labora.ee\/et\/wp-json\/wp\/v2\/media\/3655"}],"wp:attachment":[{"href":"https:\/\/labora.ee\/et\/wp-json\/wp\/v2\/media?parent=3654"}],"wp:term":[{"taxonomy":"product_brand","embeddable":true,"href":"https:\/\/labora.ee\/et\/wp-json\/wp\/v2\/product_brand?post=3654"},{"taxonomy":"product_cat","embeddable":true,"href":"https:\/\/labora.ee\/et\/wp-json\/wp\/v2\/product_cat?post=3654"},{"taxonomy":"product_tag","embeddable":true,"href":"https:\/\/labora.ee\/et\/wp-json\/wp\/v2\/product_tag?post=3654"}],"curies":[{"name":"wp","href":"https:\/\/api.w.org\/{rel}","templated":true}]}}