{"id":3629,"date":"2019-11-29T11:08:17","date_gmt":"2019-11-29T09:08:17","guid":{"rendered":"https:\/\/labora.ee\/et\/?post_type=product&#038;p=3629"},"modified":"2020-12-10T10:31:27","modified_gmt":"2020-12-10T08:31:27","slug":"haid-puhi","status":"publish","type":"product","link":"https:\/\/labora.ee\/et\/shop\/seed_paper_cards\/haid-puhi\/","title":{"rendered":"H\u00e4id p\u00fchi"},"content":{"rendered":"<p><span style=\"font-weight: 400;\">Seemnepaberist kaardid on valmistatud 100 % taaskasutatud paberist ja tr\u00fckitud k\u00f5rgtr\u00fcki tehnikas. Iga seemnepaberist kaardiga on kaasas vandlikarva \u00fcmbrik.\u00a0<\/span><\/p>\n<p>&nbsp;<\/p>\n","protected":false},"excerpt":{"rendered":"<p><strong>J\u00f5ulud on p\u00fcha, mil kaartide saatmine on ikka kombeks olnud. Hoidke seda imelist traditsiooni elus meie j\u00f5ulukaardiga!<\/strong><\/p>\n<p><span style=\"font-weight: 400;\">See kaart sisaldab kress-salati seemneid, mis hakkavad idanema juba 1-2 p\u00e4eva jooksul.<\/span><\/p>\n","protected":false},"featured_media":3631,"comment_status":"closed","ping_status":"closed","template":"","meta":{"_et_pb_use_builder":"","_et_pb_old_content":"","_et_gb_content_width":""},"product_brand":[],"product_cat":[21,115],"product_tag":[123,153,144,130],"class_list":{"0":"post-3629","1":"product","2":"type-product","3":"status-publish","4":"has-post-thumbnail","6":"product_cat-seed_paper_cards","7":"product_cat-christmas-cards","8":"product_tag-joulud","9":"product_tag-kingitus","10":"product_tag-korgtruki-tehnika","11":"product_tag-seemnepaber","13":"first","14":"instock","15":"taxable","16":"shipping-taxable","17":"purchasable","18":"product-type-simple"},"_links":{"self":[{"href":"https:\/\/labora.ee\/et\/wp-json\/wp\/v2\/product\/3629","targetHints":{"allow":["GET"]}}],"collection":[{"href":"https:\/\/labora.ee\/et\/wp-json\/wp\/v2\/product"}],"about":[{"href":"https:\/\/labora.ee\/et\/wp-json\/wp\/v2\/types\/product"}],"replies":[{"embeddable":true,"href":"https:\/\/labora.ee\/et\/wp-json\/wp\/v2\/comments?post=3629"}],"wp:featuredmedia":[{"embeddable":true,"href":"https:\/\/labora.ee\/et\/wp-json\/wp\/v2\/media\/3631"}],"wp:attachment":[{"href":"https:\/\/labora.ee\/et\/wp-json\/wp\/v2\/media?parent=3629"}],"wp:term":[{"taxonomy":"product_brand","embeddable":true,"href":"https:\/\/labora.ee\/et\/wp-json\/wp\/v2\/product_brand?post=3629"},{"taxonomy":"product_cat","embeddable":true,"href":"https:\/\/labora.ee\/et\/wp-json\/wp\/v2\/product_cat?post=3629"},{"taxonomy":"product_tag","embeddable":true,"href":"https:\/\/labora.ee\/et\/wp-json\/wp\/v2\/product_tag?post=3629"}],"curies":[{"name":"wp","href":"https:\/\/api.w.org\/{rel}","templated":true}]}}