{"id":3616,"date":"2019-11-18T12:42:28","date_gmt":"2019-11-18T10:42:28","guid":{"rendered":"https:\/\/labora.ee\/et\/?post_type=product&#038;p=3616"},"modified":"2020-04-21T12:28:05","modified_gmt":"2020-04-21T09:28:05","slug":"christmas-mittens","status":"publish","type":"product","link":"https:\/\/labora.ee\/et\/shop\/greeting_cards\/christmas-mittens\/","title":{"rendered":"Christmas mittens"},"content":{"rendered":"<p><span style=\"font-weight: 400;\">Meie postkaardid on valmistatud 100% taaskasutatud paberist ja tr\u00fckitud k\u00f5rgtr\u00fcki tehnik<\/span><\/p>\n","protected":false},"excerpt":{"rendered":"<p><strong>Meie tr\u00fckimeistri Hannah poolt valminud kaart on t\u00e4is eestimaist j\u00f5uluh\u00f5ngu. Kaardil kujutatud kindad on kootud 1955. aastal Lobotka k\u00fclas. L\u00e4bivat j\u00f5ulut\u00e4he motiivi on \u00fchtlasi peetud ka \u00f5nnetoovaks.\u00a0<\/strong><\/p>\n<p>\u00dcllata oma s\u00f5pru ja tuttavaid k\u00f5rgtr\u00fcki tehnikas valminud kaardiga, mis on rikkalik nii faktuurilt kui kujunduselt. Sellist \u00f5nnitluskaarti juba igalt t\u00e4navanurgalt ei leia!<\/p>\n","protected":false},"featured_media":3619,"comment_status":"closed","ping_status":"closed","template":"","meta":{"_et_pb_use_builder":"","_et_pb_old_content":"","_et_gb_content_width":""},"product_brand":[],"product_cat":[26,115],"product_tag":[123,121,122,124,127],"class_list":{"0":"post-3616","1":"product","2":"type-product","3":"status-publish","4":"has-post-thumbnail","6":"product_cat-greeting_cards","7":"product_cat-christmas-cards","8":"product_tag-joulud","9":"product_tag-kasitoo","10":"product_tag-korgtrukk","11":"product_tag-onnitluskaart","12":"product_tag-taaskasutatud-paber","14":"first","15":"instock","16":"taxable","17":"shipping-taxable","18":"purchasable","19":"product-type-simple"},"_links":{"self":[{"href":"https:\/\/labora.ee\/et\/wp-json\/wp\/v2\/product\/3616","targetHints":{"allow":["GET"]}}],"collection":[{"href":"https:\/\/labora.ee\/et\/wp-json\/wp\/v2\/product"}],"about":[{"href":"https:\/\/labora.ee\/et\/wp-json\/wp\/v2\/types\/product"}],"replies":[{"embeddable":true,"href":"https:\/\/labora.ee\/et\/wp-json\/wp\/v2\/comments?post=3616"}],"wp:featuredmedia":[{"embeddable":true,"href":"https:\/\/labora.ee\/et\/wp-json\/wp\/v2\/media\/3619"}],"wp:attachment":[{"href":"https:\/\/labora.ee\/et\/wp-json\/wp\/v2\/media?parent=3616"}],"wp:term":[{"taxonomy":"product_brand","embeddable":true,"href":"https:\/\/labora.ee\/et\/wp-json\/wp\/v2\/product_brand?post=3616"},{"taxonomy":"product_cat","embeddable":true,"href":"https:\/\/labora.ee\/et\/wp-json\/wp\/v2\/product_cat?post=3616"},{"taxonomy":"product_tag","embeddable":true,"href":"https:\/\/labora.ee\/et\/wp-json\/wp\/v2\/product_tag?post=3616"}],"curies":[{"name":"wp","href":"https:\/\/api.w.org\/{rel}","templated":true}]}}