{"id":3607,"date":"2019-11-13T12:45:05","date_gmt":"2019-11-13T10:45:05","guid":{"rendered":"https:\/\/labora.ee\/et\/?post_type=product&#038;p=3607"},"modified":"2020-04-21T12:28:05","modified_gmt":"2020-04-21T09:28:05","slug":"kauneid-joulupuhi","status":"publish","type":"product","link":"https:\/\/labora.ee\/et\/shop\/greeting_cards\/kauneid-joulupuhi\/","title":{"rendered":"Kauneid j\u00f5ulup\u00fchi"},"content":{"rendered":"<p>See kalligraafiline p\u00fchadekaart on inspireeritud William Morrise ornamentidest. Soovi kauneid p\u00fchi ning edukat uut aastat koos kalligraaf Tatiana poolt valminud \u00f5nnitluskaardiga.<\/p>\n<p><span style=\"font-weight: 400;\">Meie postkaardid on valmistatud 100% taaskasutatud paberist ja tr\u00fckitud k\u00f5rgtr\u00fcki tehnikas.<\/span><\/p>\n","protected":false},"excerpt":{"rendered":"<p><strong>Kas \u00f5nnitluskaardi saatmine tundub vanamoodne? Aga keskaegsetel meetoditel k\u00e4sitsi valmistatud \u00f5nnitluskaardi saatmine? M\u00f5nikord on tore olla vanamoodne &#8211; eriti tore on aga postkastist kaarti leida! <\/strong><\/p>\n<p><strong>\u00dcllata oma s\u00f5pru ja tuttavaid k\u00f5rgtr\u00fcki tehnikas valminud kaardiga, mis on rikkalik nii faktuurilt kui kujunduselt. Sellist \u00f5nnitluskaarti juba igalt t\u00e4navanurgalt ei leia!<\/strong><\/p>\n","protected":false},"featured_media":3610,"comment_status":"closed","ping_status":"closed","template":"","meta":{"_et_pb_use_builder":"","_et_pb_old_content":"","_et_gb_content_width":""},"product_brand":[],"product_cat":[26,115],"product_tag":[123,121,122,124,127],"class_list":{"0":"post-3607","1":"product","2":"type-product","3":"status-publish","4":"has-post-thumbnail","6":"product_cat-greeting_cards","7":"product_cat-christmas-cards","8":"product_tag-joulud","9":"product_tag-kasitoo","10":"product_tag-korgtrukk","11":"product_tag-onnitluskaart","12":"product_tag-taaskasutatud-paber","14":"first","15":"instock","16":"taxable","17":"shipping-taxable","18":"purchasable","19":"product-type-simple"},"_links":{"self":[{"href":"https:\/\/labora.ee\/et\/wp-json\/wp\/v2\/product\/3607","targetHints":{"allow":["GET"]}}],"collection":[{"href":"https:\/\/labora.ee\/et\/wp-json\/wp\/v2\/product"}],"about":[{"href":"https:\/\/labora.ee\/et\/wp-json\/wp\/v2\/types\/product"}],"replies":[{"embeddable":true,"href":"https:\/\/labora.ee\/et\/wp-json\/wp\/v2\/comments?post=3607"}],"wp:featuredmedia":[{"embeddable":true,"href":"https:\/\/labora.ee\/et\/wp-json\/wp\/v2\/media\/3610"}],"wp:attachment":[{"href":"https:\/\/labora.ee\/et\/wp-json\/wp\/v2\/media?parent=3607"}],"wp:term":[{"taxonomy":"product_brand","embeddable":true,"href":"https:\/\/labora.ee\/et\/wp-json\/wp\/v2\/product_brand?post=3607"},{"taxonomy":"product_cat","embeddable":true,"href":"https:\/\/labora.ee\/et\/wp-json\/wp\/v2\/product_cat?post=3607"},{"taxonomy":"product_tag","embeddable":true,"href":"https:\/\/labora.ee\/et\/wp-json\/wp\/v2\/product_tag?post=3607"}],"curies":[{"name":"wp","href":"https:\/\/api.w.org\/{rel}","templated":true}]}}