{"id":3549,"date":"2019-08-28T11:54:38","date_gmt":"2019-08-28T08:54:38","guid":{"rendered":"https:\/\/labora.ee\/et\/?post_type=product&#038;p=3549"},"modified":"2021-04-19T14:31:54","modified_gmt":"2021-04-19T11:31:54","slug":"riidest-kott","status":"publish","type":"product","link":"https:\/\/labora.ee\/et\/shop\/tarvikud\/riidest-kott\/","title":{"rendered":"Riidest kott"},"content":{"rendered":"<p>K\u00e4sitsi tr\u00fckitud k\u00f5rgtr\u00fcki tehnikas. 100% puuvill. K\u00e4sitsi pestav.<\/p>\n<p>&nbsp;<\/p>\n","protected":false},"excerpt":{"rendered":"<p><span style=\"color: #ff0000;\"><strong><span class=\"tojvnm2t a6sixzi8 abs2jz4q a8s20v7p t1p8iaqh k5wvi7nf q3lfd5jv pk4s997a bipmatt0 cebpdrjk qowsmv63 owwhemhu dp1hu0rb dhp61c6y iyyx5f41\">LAOST OTSAS<\/span><\/strong><\/span><\/p>\n<p><strong>See kott on tore kaaslane nautimaks metsaseiklust, rannap\u00e4eva v\u00f5i poesk\u00e4iku. <\/strong><\/p>\n<p>Illustratsioon on tehtud Nestor Ljutjuki poolt ning esmakordselt esitleti seda raamatus \u201c<a href=\"https:\/\/labora.ee\/et\/shop\/poeetiline-punane-raamat\/poeetiline-punane-raamat-eesti\/\" target=\"_blank\" rel=\"noopener noreferrer\">Poeetiline Punane Raamat: Eesti<\/a>\u201c.<\/p>\n","protected":false},"featured_media":3560,"comment_status":"open","ping_status":"closed","template":"","meta":{"_et_pb_use_builder":"","_et_pb_old_content":"","_et_gb_content_width":""},"product_brand":[],"product_cat":[238],"product_tag":[],"class_list":{"0":"post-3549","1":"product","2":"type-product","3":"status-publish","4":"has-post-thumbnail","6":"product_cat-tarvikud","8":"first","9":"outofstock","10":"taxable","11":"shipping-taxable","12":"purchasable","13":"product-type-variable"},"_links":{"self":[{"href":"https:\/\/labora.ee\/et\/wp-json\/wp\/v2\/product\/3549","targetHints":{"allow":["GET"]}}],"collection":[{"href":"https:\/\/labora.ee\/et\/wp-json\/wp\/v2\/product"}],"about":[{"href":"https:\/\/labora.ee\/et\/wp-json\/wp\/v2\/types\/product"}],"replies":[{"embeddable":true,"href":"https:\/\/labora.ee\/et\/wp-json\/wp\/v2\/comments?post=3549"}],"wp:featuredmedia":[{"embeddable":true,"href":"https:\/\/labora.ee\/et\/wp-json\/wp\/v2\/media\/3560"}],"wp:attachment":[{"href":"https:\/\/labora.ee\/et\/wp-json\/wp\/v2\/media?parent=3549"}],"wp:term":[{"taxonomy":"product_brand","embeddable":true,"href":"https:\/\/labora.ee\/et\/wp-json\/wp\/v2\/product_brand?post=3549"},{"taxonomy":"product_cat","embeddable":true,"href":"https:\/\/labora.ee\/et\/wp-json\/wp\/v2\/product_cat?post=3549"},{"taxonomy":"product_tag","embeddable":true,"href":"https:\/\/labora.ee\/et\/wp-json\/wp\/v2\/product_tag?post=3549"}],"curies":[{"name":"wp","href":"https:\/\/api.w.org\/{rel}","templated":true}]}}