{"id":3491,"date":"2019-06-21T16:21:45","date_gmt":"2019-06-21T13:21:45","guid":{"rendered":"https:\/\/labora.ee\/et\/?post_type=product&#038;p=3491"},"modified":"2020-03-26T15:50:47","modified_gmt":"2020-03-26T13:50:47","slug":"retseptiraamat","status":"publish","type":"product","link":"https:\/\/labora.ee\/et\/shop\/muu\/retseptiraamat\/","title":{"rendered":"Retseptiraamat"},"content":{"rendered":"<p>Antud retseptiraamat on illustreeritud ja kokku pandud Veronika V\u00e1\u0148ov\u00e1 poolt! Prinditud k\u00f5rgtr\u00fcki tehnikas k\u00e4sit\u00f6\u00f6na valminud paberile Laboras 2019. aastal.<\/p>\n<p>&nbsp;<\/p>\n","protected":false},"excerpt":{"rendered":"<p><strong>Kokaraamat on Veronika illustreeritud ning t\u00e4is tema lemmik retsepte. Raamat on tr\u00fckitud mitme v\u00e4rviga k\u00e4sit\u00f6\u00f6paberile. Ole kiire sest raamatuid on vaid 30 t\u00fckki!<\/strong><\/p>\n<p>Retseptiraamatust leiad:<\/p>\n<ul>\n<li>Brownies<\/li>\n<li>Banana pear bread<\/li>\n<li>Cinnamon rolls<\/li>\n<li>Easter \u201clamb\u201d cake<\/li>\n<li>Tuna pie<\/li>\n<li>Chocolate chip cookies<\/li>\n<li>Chocolate cupcakes<\/li>\n<li>Pumpkin cheesecake<\/li>\n<li>Lemon pie<\/li>\n<li>Buttermilk pie<\/li>\n<li>Chocolate cake with dates<\/li>\n<li>Pumpkin muffins<\/li>\n<li>One bowl cinnamon banana muffins<\/li>\n<li>Ginger vodka<\/li>\n<\/ul>\n","protected":false},"featured_media":3492,"comment_status":"open","ping_status":"closed","template":"","meta":{"_et_pb_use_builder":"","_et_pb_old_content":"","_et_gb_content_width":""},"product_brand":[],"product_cat":[222],"product_tag":[],"class_list":{"0":"post-3491","1":"product","2":"type-product","3":"status-publish","4":"has-post-thumbnail","6":"product_cat-muu","8":"first","9":"instock","10":"taxable","11":"shipping-taxable","12":"purchasable","13":"product-type-simple"},"_links":{"self":[{"href":"https:\/\/labora.ee\/et\/wp-json\/wp\/v2\/product\/3491","targetHints":{"allow":["GET"]}}],"collection":[{"href":"https:\/\/labora.ee\/et\/wp-json\/wp\/v2\/product"}],"about":[{"href":"https:\/\/labora.ee\/et\/wp-json\/wp\/v2\/types\/product"}],"replies":[{"embeddable":true,"href":"https:\/\/labora.ee\/et\/wp-json\/wp\/v2\/comments?post=3491"}],"wp:featuredmedia":[{"embeddable":true,"href":"https:\/\/labora.ee\/et\/wp-json\/wp\/v2\/media\/3492"}],"wp:attachment":[{"href":"https:\/\/labora.ee\/et\/wp-json\/wp\/v2\/media?parent=3491"}],"wp:term":[{"taxonomy":"product_brand","embeddable":true,"href":"https:\/\/labora.ee\/et\/wp-json\/wp\/v2\/product_brand?post=3491"},{"taxonomy":"product_cat","embeddable":true,"href":"https:\/\/labora.ee\/et\/wp-json\/wp\/v2\/product_cat?post=3491"},{"taxonomy":"product_tag","embeddable":true,"href":"https:\/\/labora.ee\/et\/wp-json\/wp\/v2\/product_tag?post=3491"}],"curies":[{"name":"wp","href":"https:\/\/api.w.org\/{rel}","templated":true}]}}