{"id":3485,"date":"2019-06-14T15:51:42","date_gmt":"2019-06-14T12:51:42","guid":{"rendered":"https:\/\/labora.ee\/et\/?post_type=product&#038;p=3485"},"modified":"2020-04-21T12:28:05","modified_gmt":"2020-04-21T09:28:05","slug":"paljuonneraps","status":"publish","type":"product","link":"https:\/\/labora.ee\/et\/shop\/greeting_cards\/paljuonneraps\/","title":{"rendered":"Palju \u00d5nne Raps"},"content":{"rendered":"<p>Unikaalne kalligraafiline kujundus pressitakse k\u00e4sitisi valmistatud paberi lihvimata pinda ajaloolises k\u00f5rgtr\u00fcki tehnikas.<\/p>\n<p>Meie \u00f5nnitluskaardid on valmistatud 100% taaskasutatud materjalist.<\/p>\n","protected":false},"excerpt":{"rendered":"<p><b>Meie uus kalligraafiline \u00f5nnitluskaart on inspireeritud suvistest p\u00f5ldudest.\u00a0<\/b><\/p>\n<p>Labora \u00f5nnitluskaardid on k\u00f5ik valmistatud 100% taaskasutatud paberist. Ainulaadsed kujundused on teostatud k\u00f5rgtr\u00fcki tehnikas, mis m\u00e4ngib ideaalselt kokku k\u00e4sit\u00f6\u00f6paberi faktuurse pinnaga. Sellise kaardiga saabuvad \u00f5nnitlused muudavad iga s\u00fcndmuse veel r\u00f5\u00f5msamaks ja pidulikumaks.<\/p>\n","protected":false},"featured_media":3486,"comment_status":"open","ping_status":"closed","template":"","meta":{"_et_pb_use_builder":"","_et_pb_old_content":"","_et_gb_content_width":""},"product_brand":[],"product_cat":[26],"product_tag":[138,124,252],"class_list":{"0":"post-3485","1":"product","2":"type-product","3":"status-publish","4":"has-post-thumbnail","6":"product_cat-greeting_cards","7":"product_tag-kasitsi-valmistatud-paber","8":"product_tag-onnitluskaart","9":"product_tag-paljuonne","11":"first","12":"instock","13":"taxable","14":"shipping-taxable","15":"purchasable","16":"product-type-simple"},"_links":{"self":[{"href":"https:\/\/labora.ee\/et\/wp-json\/wp\/v2\/product\/3485","targetHints":{"allow":["GET"]}}],"collection":[{"href":"https:\/\/labora.ee\/et\/wp-json\/wp\/v2\/product"}],"about":[{"href":"https:\/\/labora.ee\/et\/wp-json\/wp\/v2\/types\/product"}],"replies":[{"embeddable":true,"href":"https:\/\/labora.ee\/et\/wp-json\/wp\/v2\/comments?post=3485"}],"wp:featuredmedia":[{"embeddable":true,"href":"https:\/\/labora.ee\/et\/wp-json\/wp\/v2\/media\/3486"}],"wp:attachment":[{"href":"https:\/\/labora.ee\/et\/wp-json\/wp\/v2\/media?parent=3485"}],"wp:term":[{"taxonomy":"product_brand","embeddable":true,"href":"https:\/\/labora.ee\/et\/wp-json\/wp\/v2\/product_brand?post=3485"},{"taxonomy":"product_cat","embeddable":true,"href":"https:\/\/labora.ee\/et\/wp-json\/wp\/v2\/product_cat?post=3485"},{"taxonomy":"product_tag","embeddable":true,"href":"https:\/\/labora.ee\/et\/wp-json\/wp\/v2\/product_tag?post=3485"}],"curies":[{"name":"wp","href":"https:\/\/api.w.org\/{rel}","templated":true}]}}