{"id":3465,"date":"2019-05-17T14:59:48","date_gmt":"2019-05-17T11:59:48","guid":{"rendered":"https:\/\/labora.ee\/et\/?post_type=product&#038;p=3465"},"modified":"2020-04-21T12:28:05","modified_gmt":"2020-04-21T09:28:05","slug":"happy-birthday-2","status":"publish","type":"product","link":"https:\/\/labora.ee\/et\/shop\/greeting_cards\/happy-birthday-2\/","title":{"rendered":"Happy Birthday"},"content":{"rendered":"<p>\u00d5nnitluskaardiga on kaasas\u00a0vandlikarva \u00fcmbrik.<\/p>\n","protected":false},"excerpt":{"rendered":"<p><strong>Tatiana Iakovleva sulest on voolanud paberile v\u00e4rsked, kevadv\u00e4rvides s\u00fcnnip\u00e4evasoovid.<\/strong><span style=\"font-weight: 400\"><br \/>\n<\/span><\/p>\n<p>Labora \u00f5nnitluskaardid on k\u00f5ik valmistatud 100% taaskasutatud paberist. Ainulaadsed kujundused on teostatud k\u00f5rgtr\u00fcki tehnikas, mis m\u00e4ngib ideaalselt kokku k\u00e4sit\u00f6\u00f6paberi faktuurse pinnaga. Sellise kaardiga saabuvad \u00f5nnitlused muudavad iga s\u00fcndmuse veel r\u00f5\u00f5msamaks ja pidulikumaks.<\/p>\n","protected":false},"featured_media":3467,"comment_status":"open","ping_status":"closed","template":"","meta":{"_et_pb_use_builder":"","_et_pb_old_content":"","_et_gb_content_width":""},"product_brand":[],"product_cat":[26],"product_tag":[249,138,124],"class_list":{"0":"post-3465","1":"product","2":"type-product","3":"status-publish","4":"has-post-thumbnail","6":"product_cat-greeting_cards","7":"product_tag-happy-birthday","8":"product_tag-kasitsi-valmistatud-paber","9":"product_tag-onnitluskaart","11":"first","12":"instock","13":"taxable","14":"shipping-taxable","15":"purchasable","16":"product-type-simple"},"_links":{"self":[{"href":"https:\/\/labora.ee\/et\/wp-json\/wp\/v2\/product\/3465","targetHints":{"allow":["GET"]}}],"collection":[{"href":"https:\/\/labora.ee\/et\/wp-json\/wp\/v2\/product"}],"about":[{"href":"https:\/\/labora.ee\/et\/wp-json\/wp\/v2\/types\/product"}],"replies":[{"embeddable":true,"href":"https:\/\/labora.ee\/et\/wp-json\/wp\/v2\/comments?post=3465"}],"wp:featuredmedia":[{"embeddable":true,"href":"https:\/\/labora.ee\/et\/wp-json\/wp\/v2\/media\/3467"}],"wp:attachment":[{"href":"https:\/\/labora.ee\/et\/wp-json\/wp\/v2\/media?parent=3465"}],"wp:term":[{"taxonomy":"product_brand","embeddable":true,"href":"https:\/\/labora.ee\/et\/wp-json\/wp\/v2\/product_brand?post=3465"},{"taxonomy":"product_cat","embeddable":true,"href":"https:\/\/labora.ee\/et\/wp-json\/wp\/v2\/product_cat?post=3465"},{"taxonomy":"product_tag","embeddable":true,"href":"https:\/\/labora.ee\/et\/wp-json\/wp\/v2\/product_tag?post=3465"}],"curies":[{"name":"wp","href":"https:\/\/api.w.org\/{rel}","templated":true}]}}