{"id":3449,"date":"2019-05-10T18:12:43","date_gmt":"2019-05-10T15:12:43","guid":{"rendered":"https:\/\/labora.ee\/et\/?post_type=product&#038;p=3449"},"modified":"2019-09-17T13:21:13","modified_gmt":"2019-09-17T10:21:13","slug":"pinal","status":"publish","type":"product","link":"https:\/\/labora.ee\/et\/shop\/tarvikud\/pinal\/","title":{"rendered":"Pinal"},"content":{"rendered":"<p><span style=\"font-weight: 400;\">Kokku sai pinaleid nelik\u00fcmmend &#8211; k\u00fcmme neist on saadaval meie e-poes, \u00fclej\u00e4\u00e4nud leiab Labora poest Vene tn 18, Tallinn.<br \/>\n<\/span><span style=\"font-weight: 400;\">Tr\u00fckitud 100% looduslikule puuvillasele kangale.<\/span><\/p>\n<p>\u2018T\u00eate-\u00e0-t\u00eate istme kasutusjuhend\u2019 on Hannah Harkesi 2019. kunstiteos, mis on tr\u00fckitud linooll\u00f5ike ja fotopol\u00fcmeeri tehnikas ning kolmes eksemplaris. Liiga suur, et korraga pressi alla mahtuda, sai t\u00f6\u00f6 tr\u00fckitud 35 eraldiseisva paneelina.\u00a0See\u00a0pinal\u00a0on proovit\u00f5mmis \u00fchest\u00a0nendest tr\u00fckkidest.<\/p>\n<p><a href=\"http:\/\/www.hannahharkes.com\/tete\">www.hannahharkes.com\/tete<\/a><\/p>\n<p>&nbsp;<\/p>\n","protected":false},"excerpt":{"rendered":"<p><span style=\"font-weight: 400;\">K\u00f5ik kaartide kirjutajad, kunstnikud ja illustraatorid on \u00e4ra teeninud \u00fche ainulaadse pinali oma lemmikpliiatsite ja sulepeade tarvis. Iga pinal on erineva ja kordumatu kujunduse ning v\u00e4rvikombinatsiooniga. Kokku sai neid 40 ja kui saavad otsa, siis ongi otsas!<\/span><\/p>\n<p>&nbsp;<\/p>\n","protected":false},"featured_media":3434,"comment_status":"open","ping_status":"closed","template":"","meta":{"_et_pb_use_builder":"","_et_pb_old_content":"","_et_gb_content_width":""},"product_brand":[],"product_cat":[238],"product_tag":[],"class_list":{"0":"post-3449","1":"product","2":"type-product","3":"status-publish","4":"has-post-thumbnail","6":"product_cat-tarvikud","8":"first","9":"instock","10":"taxable","11":"shipping-taxable","12":"purchasable","13":"product-type-variable"},"_links":{"self":[{"href":"https:\/\/labora.ee\/et\/wp-json\/wp\/v2\/product\/3449","targetHints":{"allow":["GET"]}}],"collection":[{"href":"https:\/\/labora.ee\/et\/wp-json\/wp\/v2\/product"}],"about":[{"href":"https:\/\/labora.ee\/et\/wp-json\/wp\/v2\/types\/product"}],"replies":[{"embeddable":true,"href":"https:\/\/labora.ee\/et\/wp-json\/wp\/v2\/comments?post=3449"}],"wp:featuredmedia":[{"embeddable":true,"href":"https:\/\/labora.ee\/et\/wp-json\/wp\/v2\/media\/3434"}],"wp:attachment":[{"href":"https:\/\/labora.ee\/et\/wp-json\/wp\/v2\/media?parent=3449"}],"wp:term":[{"taxonomy":"product_brand","embeddable":true,"href":"https:\/\/labora.ee\/et\/wp-json\/wp\/v2\/product_brand?post=3449"},{"taxonomy":"product_cat","embeddable":true,"href":"https:\/\/labora.ee\/et\/wp-json\/wp\/v2\/product_cat?post=3449"},{"taxonomy":"product_tag","embeddable":true,"href":"https:\/\/labora.ee\/et\/wp-json\/wp\/v2\/product_tag?post=3449"}],"curies":[{"name":"wp","href":"https:\/\/api.w.org\/{rel}","templated":true}]}}