{"id":3412,"date":"2019-05-03T17:59:31","date_gmt":"2019-05-03T14:59:31","guid":{"rendered":"https:\/\/labora.ee\/et\/?post_type=product&#038;p=3412"},"modified":"2020-12-05T14:45:04","modified_gmt":"2020-12-05T12:45:04","slug":"elevant-ja-pardike","status":"publish","type":"product","link":"https:\/\/labora.ee\/et\/shop\/greeting_cards\/elevant-ja-pardike\/","title":{"rendered":"Elevant ja pardike"},"content":{"rendered":"<p><span style=\"font-weight: 400;\">Elevant ja pardike kuumal suvep\u00e4eval <\/span><span style=\"font-weight: 400;\">veem\u00f5nusid<\/span><span style=\"font-weight: 400;\"> nautimas. Nad on valmis \u00fches sinuga iga edusammu t\u00e4histama, nii et saada s\u00f5brale innustuskaart<\/span><span style=\"font-weight: 400;\">!<\/span><\/p>\n","protected":false},"excerpt":{"rendered":"<p><strong><span style=\"color: #ff0000;\">LAOS OTSAS<\/span><br \/>\nElevant ja pardike kuumal suvep\u00e4eval veem\u00f5nusid nautimas. Nad on valmis \u00fches sinuga iga edusammu t\u00e4histama, nii et saada s\u00f5brale innustuskaart!<\/strong><\/p>\n<p>Labora \u00f5nnitluskaardid on k\u00f5ik valmistatud 100% taaskasutatud paberist. Ainulaadsed kujundused on teostatud k\u00f5rgtr\u00fcki tehnikas, mis m\u00e4ngib ideaalselt kokku k\u00e4sit\u00f6\u00f6paberi faktuurse pinnaga. Sellise kaardiga saabuvad \u00f5nnitlused muudavad iga s\u00fcndmuse veel r\u00f5\u00f5msamaks ja pidulikumaks.<\/p>\n","protected":false},"featured_media":3414,"comment_status":"open","ping_status":"closed","template":"","meta":{"_et_pb_use_builder":"","_et_pb_old_content":"","_et_gb_content_width":""},"product_brand":[],"product_cat":[26],"product_tag":[138,237,122,124],"class_list":{"0":"post-3412","1":"product","2":"type-product","3":"status-publish","4":"has-post-thumbnail","6":"product_cat-greeting_cards","7":"product_tag-kasitsi-valmistatud-paber","8":"product_tag-koer","9":"product_tag-korgtrukk","10":"product_tag-onnitluskaart","12":"first","13":"outofstock","14":"taxable","15":"shipping-taxable","16":"purchasable","17":"product-type-simple"},"_links":{"self":[{"href":"https:\/\/labora.ee\/et\/wp-json\/wp\/v2\/product\/3412","targetHints":{"allow":["GET"]}}],"collection":[{"href":"https:\/\/labora.ee\/et\/wp-json\/wp\/v2\/product"}],"about":[{"href":"https:\/\/labora.ee\/et\/wp-json\/wp\/v2\/types\/product"}],"replies":[{"embeddable":true,"href":"https:\/\/labora.ee\/et\/wp-json\/wp\/v2\/comments?post=3412"}],"wp:featuredmedia":[{"embeddable":true,"href":"https:\/\/labora.ee\/et\/wp-json\/wp\/v2\/media\/3414"}],"wp:attachment":[{"href":"https:\/\/labora.ee\/et\/wp-json\/wp\/v2\/media?parent=3412"}],"wp:term":[{"taxonomy":"product_brand","embeddable":true,"href":"https:\/\/labora.ee\/et\/wp-json\/wp\/v2\/product_brand?post=3412"},{"taxonomy":"product_cat","embeddable":true,"href":"https:\/\/labora.ee\/et\/wp-json\/wp\/v2\/product_cat?post=3412"},{"taxonomy":"product_tag","embeddable":true,"href":"https:\/\/labora.ee\/et\/wp-json\/wp\/v2\/product_tag?post=3412"}],"curies":[{"name":"wp","href":"https:\/\/api.w.org\/{rel}","templated":true}]}}