{"id":3350,"date":"2019-04-12T18:33:01","date_gmt":"2019-04-12T15:33:01","guid":{"rendered":"https:\/\/labora.ee\/et\/?post_type=product&#038;p=3350"},"modified":"2023-09-18T18:21:20","modified_gmt":"2023-09-18T15:21:20","slug":"kobras","status":"publish","type":"product","link":"https:\/\/labora.ee\/et\/shop\/greeting_cards\/kobras\/","title":{"rendered":"Kobras"},"content":{"rendered":"<p>Labora \u00f5nnitluskaardid on k\u00f5ik valmistatud 100% taaskasutatud paberist. Ainulaadsed kujundused on teostatud k\u00f5rgtr\u00fcki tehnikas, mis m\u00e4ngib ideaalselt kokku k\u00e4sit\u00f6\u00f6paberi faktuurse pinnaga. Sellise kaardiga saabuvad \u00f5nnitlused muudavad iga s\u00fcndmuse veel r\u00f5\u00f5msamaks ja pidulikumaks.<\/p>\n","protected":false},"excerpt":{"rendered":"<p><strong>Kui soovid s\u00f5brale \u00f6elda, et tunned uhkust nende saavutuste \u00fcle, siis kobras on just see \u00f5ige loom head s\u00f5nad kohale toimetama!<\/strong><\/p>\n<p><span style=\"font-weight: 400;\">Kobras on aasta loom 2019.<\/span><\/p>\n","protected":false},"featured_media":3355,"comment_status":"open","ping_status":"closed","template":"","meta":{"_et_pb_use_builder":"","_et_pb_old_content":"","_et_gb_content_width":""},"product_brand":[],"product_cat":[26],"product_tag":[138,237,122,124],"class_list":{"0":"post-3350","1":"product","2":"type-product","3":"status-publish","4":"has-post-thumbnail","6":"product_cat-greeting_cards","7":"product_tag-kasitsi-valmistatud-paber","8":"product_tag-koer","9":"product_tag-korgtrukk","10":"product_tag-onnitluskaart","12":"first","13":"outofstock","14":"taxable","15":"shipping-taxable","16":"purchasable","17":"product-type-simple"},"_links":{"self":[{"href":"https:\/\/labora.ee\/et\/wp-json\/wp\/v2\/product\/3350","targetHints":{"allow":["GET"]}}],"collection":[{"href":"https:\/\/labora.ee\/et\/wp-json\/wp\/v2\/product"}],"about":[{"href":"https:\/\/labora.ee\/et\/wp-json\/wp\/v2\/types\/product"}],"replies":[{"embeddable":true,"href":"https:\/\/labora.ee\/et\/wp-json\/wp\/v2\/comments?post=3350"}],"wp:featuredmedia":[{"embeddable":true,"href":"https:\/\/labora.ee\/et\/wp-json\/wp\/v2\/media\/3355"}],"wp:attachment":[{"href":"https:\/\/labora.ee\/et\/wp-json\/wp\/v2\/media?parent=3350"}],"wp:term":[{"taxonomy":"product_brand","embeddable":true,"href":"https:\/\/labora.ee\/et\/wp-json\/wp\/v2\/product_brand?post=3350"},{"taxonomy":"product_cat","embeddable":true,"href":"https:\/\/labora.ee\/et\/wp-json\/wp\/v2\/product_cat?post=3350"},{"taxonomy":"product_tag","embeddable":true,"href":"https:\/\/labora.ee\/et\/wp-json\/wp\/v2\/product_tag?post=3350"}],"curies":[{"name":"wp","href":"https:\/\/api.w.org\/{rel}","templated":true}]}}