{"id":2780,"date":"2018-12-18T11:30:05","date_gmt":"2018-12-18T09:30:05","guid":{"rendered":"https:\/\/labora.ee\/et\/?post_type=product&#038;p=2780"},"modified":"2023-09-18T18:22:34","modified_gmt":"2023-09-18T15:22:34","slug":"euroopa-naarits","status":"publish","type":"product","link":"https:\/\/labora.ee\/et\/shop\/greeting_cards\/euroopa-naarits\/","title":{"rendered":"Euroopa naarits"},"content":{"rendered":"<p>\u00d5nnitluskaardiga on kaasas\u00a0vandlikarva \u00fcmbrik.<\/p>\n","protected":false},"excerpt":{"rendered":"<div><b>Kas \u00f5nnitluskaardi saatmine tundub vanamoodne? Aga traditsioonilisel meetoditel k\u00e4sitsi valmistatud postkaardi saatmine? M\u00f5nikord on tore olla vanamoodne \u2013 eriti tore on aga postkastist kaarti leida!<\/b><\/div>\n<div><\/div>\n<div>Unikaalne kujundus pressitakse k\u00e4sitisi valmistatud paberi lihvimata pinda ajaloolises k\u00f5rgtr\u00fcki tehnikas.\u00a0Meie \u00f5nnitluskaardid on valmistatud 100% taaskasutatud materjalist.<\/div>\n<div><\/div>\n<p>Illustratsioon on tehtud Nestor Ljutjuki poolt ning esmakordselt esitleti seda raamatus \u201c<a href=\"https:\/\/labora.ee\/et\/shop\/poeetiline-punane-raamat\/poeetiline-punane-raamat-eesti\/\" target=\"_blank\" rel=\"noopener noreferrer\">Poeetiline Punane Raamat: Eesti<\/a>\u201c.<\/p>\n","protected":false},"featured_media":3156,"comment_status":"open","ping_status":"closed","template":"","meta":{"_et_pb_use_builder":"","_et_pb_old_content":"","_et_gb_content_width":""},"product_brand":[],"product_cat":[221,26],"product_tag":[],"class_list":{"0":"post-2780","1":"product","2":"type-product","3":"status-publish","4":"has-post-thumbnail","6":"product_cat-poeetiline-punane-raamat","7":"product_cat-greeting_cards","9":"first","10":"outofstock","11":"taxable","12":"shipping-taxable","13":"purchasable","14":"product-type-simple"},"_links":{"self":[{"href":"https:\/\/labora.ee\/et\/wp-json\/wp\/v2\/product\/2780","targetHints":{"allow":["GET"]}}],"collection":[{"href":"https:\/\/labora.ee\/et\/wp-json\/wp\/v2\/product"}],"about":[{"href":"https:\/\/labora.ee\/et\/wp-json\/wp\/v2\/types\/product"}],"replies":[{"embeddable":true,"href":"https:\/\/labora.ee\/et\/wp-json\/wp\/v2\/comments?post=2780"}],"wp:featuredmedia":[{"embeddable":true,"href":"https:\/\/labora.ee\/et\/wp-json\/wp\/v2\/media\/3156"}],"wp:attachment":[{"href":"https:\/\/labora.ee\/et\/wp-json\/wp\/v2\/media?parent=2780"}],"wp:term":[{"taxonomy":"product_brand","embeddable":true,"href":"https:\/\/labora.ee\/et\/wp-json\/wp\/v2\/product_brand?post=2780"},{"taxonomy":"product_cat","embeddable":true,"href":"https:\/\/labora.ee\/et\/wp-json\/wp\/v2\/product_cat?post=2780"},{"taxonomy":"product_tag","embeddable":true,"href":"https:\/\/labora.ee\/et\/wp-json\/wp\/v2\/product_tag?post=2780"}],"curies":[{"name":"wp","href":"https:\/\/api.w.org\/{rel}","templated":true}]}}