{"id":2711,"date":"2018-12-15T12:32:10","date_gmt":"2018-12-15T10:32:10","guid":{"rendered":"https:\/\/labora.ee\/et\/?post_type=product&#038;p=2711"},"modified":"2020-04-21T12:28:34","modified_gmt":"2020-04-21T09:28:34","slug":"kasvav-kalender-2019","status":"publish","type":"product","link":"https:\/\/labora.ee\/et\/shop\/seed_paper_cards\/kasvav-kalender-2019\/","title":{"rendered":"Kasvav kalender 2019"},"content":{"rendered":"<p><span class=\"fontstyle0\">Lauakalender koosneb 12 seemnepaberile tr\u00fckitud kaardist. Kuu l\u00f5pus k\u00fclva kaart v\u00f5i hoia see kevadisteks aiat\u00f6\u00f6deks!<\/span><\/p>\n<p>Asetage seemnepaber mullale ja kastke seda regulaarselt. Seemned hakkavad idanema 1-2 n\u00e4dala p\u00e4rast. Lisainfo ja t\u00e4psemad juhised istutamiseks leiate\u00a0<a href=\"http:\/\/labora.ee\/et\/seemne-paber\/\">siit<\/a>.<\/p>\n<p><span class=\"fontstyle0\">Meie seemnepaberis on segu j\u00e4rgmistest p\u00f5llulilledest: moon, kirikakar ja meelespea. Seemnepaberist kaardid on valmistatud 100% taaskasutatud paberist ja tr\u00fckitud k\u00f5rgtr\u00fcki tehnikas.<\/span><\/p>\n","protected":false},"excerpt":{"rendered":"<p>Kasvav kalender sinu t\u00f6\u00f6lauale! Naudi minimalistliku disainiga mitmek\u00fclgset kalendrit, mida saad p\u00e4rast iga kuu m\u00f6\u00f6dumist maha istutada.<\/p>\n","protected":false},"featured_media":2759,"comment_status":"open","ping_status":"closed","template":"","meta":{"_et_pb_use_builder":"","_et_pb_old_content":"","_et_gb_content_width":""},"product_brand":[],"product_cat":[21,222],"product_tag":[],"class_list":{"0":"post-2711","1":"product","2":"type-product","3":"status-publish","4":"has-post-thumbnail","6":"product_cat-seed_paper_cards","7":"product_cat-muu","9":"first","10":"outofstock","11":"taxable","12":"shipping-taxable","13":"purchasable","14":"product-type-simple"},"_links":{"self":[{"href":"https:\/\/labora.ee\/et\/wp-json\/wp\/v2\/product\/2711","targetHints":{"allow":["GET"]}}],"collection":[{"href":"https:\/\/labora.ee\/et\/wp-json\/wp\/v2\/product"}],"about":[{"href":"https:\/\/labora.ee\/et\/wp-json\/wp\/v2\/types\/product"}],"replies":[{"embeddable":true,"href":"https:\/\/labora.ee\/et\/wp-json\/wp\/v2\/comments?post=2711"}],"wp:featuredmedia":[{"embeddable":true,"href":"https:\/\/labora.ee\/et\/wp-json\/wp\/v2\/media\/2759"}],"wp:attachment":[{"href":"https:\/\/labora.ee\/et\/wp-json\/wp\/v2\/media?parent=2711"}],"wp:term":[{"taxonomy":"product_brand","embeddable":true,"href":"https:\/\/labora.ee\/et\/wp-json\/wp\/v2\/product_brand?post=2711"},{"taxonomy":"product_cat","embeddable":true,"href":"https:\/\/labora.ee\/et\/wp-json\/wp\/v2\/product_cat?post=2711"},{"taxonomy":"product_tag","embeddable":true,"href":"https:\/\/labora.ee\/et\/wp-json\/wp\/v2\/product_tag?post=2711"}],"curies":[{"name":"wp","href":"https:\/\/api.w.org\/{rel}","templated":true}]}}