{"id":2655,"date":"2018-11-29T16:15:31","date_gmt":"2018-11-29T14:15:31","guid":{"rendered":"https:\/\/labora.ee\/et\/?post_type=product&#038;p=2655"},"modified":"2023-09-18T18:23:17","modified_gmt":"2023-09-18T15:23:17","slug":"pohjapoder","status":"publish","type":"product","link":"https:\/\/labora.ee\/et\/shop\/postcards\/pohjapoder\/","title":{"rendered":"P\u00f5hjap\u00f5der"},"content":{"rendered":"<p>Meie postkaardid on valmistatud 100% taaskasutatud paberist ja tr\u00fckitud k\u00f5rgtr\u00fcki tehnikas.<\/p>\n","protected":false},"excerpt":{"rendered":"<p><strong>Kas postkaardi saatmine tundub vanamoodne? Aga keskaegsetel meetoditel k\u00e4sitsi valmistatud postkaardi saatmine? M\u00f5nikord on tore olla vanamoodne &#8211; eriti tore on aga postkastist kaarti leida! <\/strong><\/p>\n<p><strong>\u00dcllata oma s\u00f5pru ja tuttavaid k\u00f5rgtr\u00fcki tehnikas valminud kaardiga, mis on rikkalik nii faktuurilt kui kujunduselt. Sellist postkaarti juba igalt t\u00e4navanurgalt ei leia!<\/strong><\/p>\n","protected":false},"featured_media":2656,"comment_status":"closed","ping_status":"closed","template":"","meta":{"_et_pb_use_builder":"","_et_pb_old_content":"","_et_gb_content_width":""},"product_brand":[],"product_cat":[24,115],"product_tag":[121,125,122,126,127],"class_list":{"0":"post-2655","1":"product","2":"type-product","3":"status-publish","4":"has-post-thumbnail","6":"product_cat-postcards","7":"product_cat-christmas-cards","8":"product_tag-kasitoo","9":"product_tag-kasitsi-trukitud","10":"product_tag-korgtrukk","11":"product_tag-postkaart","12":"product_tag-taaskasutatud-paber","14":"first","15":"instock","16":"taxable","17":"shipping-taxable","18":"purchasable","19":"product-type-simple"},"_links":{"self":[{"href":"https:\/\/labora.ee\/et\/wp-json\/wp\/v2\/product\/2655","targetHints":{"allow":["GET"]}}],"collection":[{"href":"https:\/\/labora.ee\/et\/wp-json\/wp\/v2\/product"}],"about":[{"href":"https:\/\/labora.ee\/et\/wp-json\/wp\/v2\/types\/product"}],"replies":[{"embeddable":true,"href":"https:\/\/labora.ee\/et\/wp-json\/wp\/v2\/comments?post=2655"}],"wp:featuredmedia":[{"embeddable":true,"href":"https:\/\/labora.ee\/et\/wp-json\/wp\/v2\/media\/2656"}],"wp:attachment":[{"href":"https:\/\/labora.ee\/et\/wp-json\/wp\/v2\/media?parent=2655"}],"wp:term":[{"taxonomy":"product_brand","embeddable":true,"href":"https:\/\/labora.ee\/et\/wp-json\/wp\/v2\/product_brand?post=2655"},{"taxonomy":"product_cat","embeddable":true,"href":"https:\/\/labora.ee\/et\/wp-json\/wp\/v2\/product_cat?post=2655"},{"taxonomy":"product_tag","embeddable":true,"href":"https:\/\/labora.ee\/et\/wp-json\/wp\/v2\/product_tag?post=2655"}],"curies":[{"name":"wp","href":"https:\/\/api.w.org\/{rel}","templated":true}]}}