{"id":2377,"date":"2018-10-12T19:37:44","date_gmt":"2018-10-12T16:37:44","guid":{"rendered":"https:\/\/labora.ee\/et\/?post_type=product&#038;p=2377"},"modified":"2019-04-15T17:23:22","modified_gmt":"2019-04-15T14:23:22","slug":"jarvekaur-kunstiteos-a3","status":"publish","type":"product","link":"https:\/\/labora.ee\/et\/shop\/large_prints\/jarvekaur-kunstiteos-a3\/","title":{"rendered":"J\u00e4rvekaur &#8211; kunstiteos (A3)"},"content":{"rendered":"<p>Labora paber on k\u00e4sitsi valmistatud spetsiaalsest puuvilla ja abaka segust.<\/p>\n<p>Paberi omadused (paksus ja tekstuur) v\u00f5imaldavad sellele k\u00f5rgtr\u00fckimasinat kasutades vajutada s\u00fcgava j\u00e4ljendi. Selline meetod muudab iga tr\u00fckise ainulaadseks.<\/p>\n","protected":false},"excerpt":{"rendered":"<div>Loodusest inspireeritud graafikateos kaunistamaks teie seina!<\/div>\n<div><\/div>\n<div>Illustratsioon on tehtud Nestor Ljutjuki poolt ning esmakordselt esitleti seda raamatus &#8220;<a href=\"https:\/\/labora.ee\/et\/shop\/poeetiline-punane-raamat\/poeetiline-punane-raamat-eesti\/\">Poeetiline Punane Raamat<\/a>: Eesti&#8221;.<\/div>\n<div><\/div>\n<div>Saadaval n\u00fc\u00fcd ka eraldi kunstiteosena, tr\u00fckitud limiteeritud viiek\u00fcmneses tiraa\u017eis k\u00f5rgtr\u00fcki tehnikas. Iga pilt on nummerdatud ja kunstniku poolt allkirjastatud.<\/div>\n<p>&nbsp;<br \/>\n<em>\u00dcksikutel laidudel, unustatud<\/em><br \/>\n<em>rabasaartel huikan. Keegi ei kuule,<\/em><br \/>\n<em>keegi ei vasta.<\/em><br \/>\n&nbsp;<br \/>\n<em>Luuletus Timo Maran<\/em><\/p>\n","protected":false},"featured_media":2378,"comment_status":"closed","ping_status":"closed","template":"","meta":{"_et_pb_use_builder":"","_et_pb_old_content":"","_et_gb_content_width":""},"product_brand":[],"product_cat":[221,28],"product_tag":[228,227],"class_list":{"0":"post-2377","1":"product","2":"type-product","3":"status-publish","4":"has-post-thumbnail","6":"product_cat-poeetiline-punane-raamat","7":"product_cat-large_prints","8":"product_tag-illustratsioon","9":"product_tag-jarvekaur","10":"product_shipping_class-a3-prints","12":"first","13":"instock","14":"taxable","15":"shipping-taxable","16":"purchasable","17":"product-type-simple"},"_links":{"self":[{"href":"https:\/\/labora.ee\/et\/wp-json\/wp\/v2\/product\/2377","targetHints":{"allow":["GET"]}}],"collection":[{"href":"https:\/\/labora.ee\/et\/wp-json\/wp\/v2\/product"}],"about":[{"href":"https:\/\/labora.ee\/et\/wp-json\/wp\/v2\/types\/product"}],"replies":[{"embeddable":true,"href":"https:\/\/labora.ee\/et\/wp-json\/wp\/v2\/comments?post=2377"}],"wp:featuredmedia":[{"embeddable":true,"href":"https:\/\/labora.ee\/et\/wp-json\/wp\/v2\/media\/2378"}],"wp:attachment":[{"href":"https:\/\/labora.ee\/et\/wp-json\/wp\/v2\/media?parent=2377"}],"wp:term":[{"taxonomy":"product_brand","embeddable":true,"href":"https:\/\/labora.ee\/et\/wp-json\/wp\/v2\/product_brand?post=2377"},{"taxonomy":"product_cat","embeddable":true,"href":"https:\/\/labora.ee\/et\/wp-json\/wp\/v2\/product_cat?post=2377"},{"taxonomy":"product_tag","embeddable":true,"href":"https:\/\/labora.ee\/et\/wp-json\/wp\/v2\/product_tag?post=2377"}],"curies":[{"name":"wp","href":"https:\/\/api.w.org\/{rel}","templated":true}]}}