{"id":2376,"date":"2018-10-12T16:08:02","date_gmt":"2018-10-12T13:08:02","guid":{"rendered":"https:\/\/labora.ee\/et\/?post_type=product&#038;p=2376"},"modified":"2019-04-15T17:27:50","modified_gmt":"2019-04-15T14:27:50","slug":"ora-et-lege-et-labora","status":"publish","type":"product","link":"https:\/\/labora.ee\/et\/shop\/large_prints\/ora-et-lege-et-labora\/","title":{"rendered":"Ora et Lege et Labora &#8211; kunstiteos (A4)"},"content":{"rendered":"<p>Labora paber on k\u00e4sitsi valmistatud spetsiaalsest puuvilla ja abaka segust.<\/p>\n<p>Paberi omadused (paksus ja tekstuur) v\u00f5imaldavad sellele k\u00f5rgtr\u00fckimasinat kasutades vajutada s\u00fcgava j\u00e4ljendi. Selline meetod muudab iga tr\u00fckise ainulaadseks.<\/p>\n","protected":false},"excerpt":{"rendered":"<div>Tatiana Iakovleva kaasaegses kalligraafias kirjutatud benediktiini moto &#8220;Ora et lege et labora&#8221; &#8211; &#8220;Palveta, loe ja t\u00f6\u00f6ta&#8221;.<\/div>\n<div><\/div>\n<div>Tr\u00fckised on piiratud tiraa\u017eiga, k\u00f5igest 50 tk. K\u00f5ik eksemplarid on nummeratud ja allkirjastatud. Suuruseks on A4.<\/div>\n","protected":false},"featured_media":2395,"comment_status":"closed","ping_status":"closed","template":"","meta":{"_et_pb_use_builder":"","_et_pb_old_content":"","_et_gb_content_width":""},"product_brand":[],"product_cat":[28],"product_tag":[138,122,211],"class_list":{"0":"post-2376","1":"product","2":"type-product","3":"status-publish","4":"has-post-thumbnail","6":"product_cat-large_prints","7":"product_tag-kasitsi-valmistatud-paber","8":"product_tag-korgtrukk","9":"product_tag-peet","10":"product_shipping_class-a3-prints","12":"first","13":"instock","14":"taxable","15":"shipping-taxable","16":"purchasable","17":"product-type-simple"},"_links":{"self":[{"href":"https:\/\/labora.ee\/et\/wp-json\/wp\/v2\/product\/2376","targetHints":{"allow":["GET"]}}],"collection":[{"href":"https:\/\/labora.ee\/et\/wp-json\/wp\/v2\/product"}],"about":[{"href":"https:\/\/labora.ee\/et\/wp-json\/wp\/v2\/types\/product"}],"replies":[{"embeddable":true,"href":"https:\/\/labora.ee\/et\/wp-json\/wp\/v2\/comments?post=2376"}],"wp:featuredmedia":[{"embeddable":true,"href":"https:\/\/labora.ee\/et\/wp-json\/wp\/v2\/media\/2395"}],"wp:attachment":[{"href":"https:\/\/labora.ee\/et\/wp-json\/wp\/v2\/media?parent=2376"}],"wp:term":[{"taxonomy":"product_brand","embeddable":true,"href":"https:\/\/labora.ee\/et\/wp-json\/wp\/v2\/product_brand?post=2376"},{"taxonomy":"product_cat","embeddable":true,"href":"https:\/\/labora.ee\/et\/wp-json\/wp\/v2\/product_cat?post=2376"},{"taxonomy":"product_tag","embeddable":true,"href":"https:\/\/labora.ee\/et\/wp-json\/wp\/v2\/product_tag?post=2376"}],"curies":[{"name":"wp","href":"https:\/\/api.w.org\/{rel}","templated":true}]}}