{"id":2332,"date":"2018-09-21T16:39:46","date_gmt":"2018-09-21T13:39:46","guid":{"rendered":"https:\/\/labora.ee\/et\/?post_type=product&#038;p=2332"},"modified":"2022-05-18T20:33:40","modified_gmt":"2022-05-18T17:33:40","slug":"poeetiline-punane-raamat-eesti","status":"publish","type":"product","link":"https:\/\/labora.ee\/et\/shop\/poeetiline-punane-raamat\/poeetiline-punane-raamat-eesti\/","title":{"rendered":"Poeetiline Punane Raamat: Eesti"},"content":{"rendered":"<div>Autorid:<\/div>\n<div>\n<div>Idee autor &#8211; Anatoli Ljutjuk<\/div>\n<div>\n<p>Luule &#8211; Timo Maran<br \/>\nIllustratsioon &#8211; Nestor Ljutjuk<br \/>\nKalligraafia &#8211; Tatiana Iakovleva<br \/>\nIkoon &#8211; Mara Maria Ljutjuk<\/p>\n<div>Poeetiline Punane Raamat: Eesti\u00a0k\u00e4sitsi valmistatud originaalversioon valmistati Labora poolt 2018. aastal.<\/div>\n<div>K\u00e4esoleva raamatu faksiimilekoopia tr\u00fckiti Tallinna Raamatutr\u00fckikojas.<\/div>\n<div><\/div>\n<div>Loe rohkem Poeetilisest Punasest Raamatust\u00a0<a href=\"https:\/\/deepbaltic.com\/2018\/09\/14\/answering-the-call-of-the-bonfire-estonias-poetics-of-endangered-species\/\">siit<\/a>.<\/div>\n<\/div>\n<\/div>\n<div><\/div>\n<div>\u00a9 Ukraina Kultuurikeskus 2007 &amp; 2018<br \/>\nISBN: 978-9949-88-636-4<\/div>\n","protected":false},"excerpt":{"rendered":"<p><span style=\"color: #ff0000;\"><strong><span class=\"tojvnm2t a6sixzi8 abs2jz4q a8s20v7p t1p8iaqh k5wvi7nf q3lfd5jv pk4s997a bipmatt0 cebpdrjk qowsmv63 owwhemhu dp1hu0rb dhp61c6y iyyx5f41\">LAOST OTSAS<\/span><\/strong><\/span><\/p>\n<p>Poeetiline Punane Raamat: Eesti kajastab Eesti ohustatud liikide habrast olemasolu l\u00e4bi luule, illustratsiooni ja kalligraafia. Raamat \u00fclistab Eesti looduse mitmekesisust, p\u00fc\u00fcdes anda h\u00e4\u00e4le h\u00e4\u00e4letutele. Raamatus on esile toodud kolmk\u00fcmmend kuus taime-ja loomaliiki, mida \u00e4hvardab v\u00e4ljasuremisoht.<\/p>\n","protected":false},"featured_media":2326,"comment_status":"open","ping_status":"closed","template":"","meta":{"_et_pb_use_builder":"","_et_pb_old_content":"","_et_gb_content_width":""},"product_brand":[],"product_cat":[221],"product_tag":[226],"class_list":{"0":"post-2332","1":"product","2":"type-product","3":"status-publish","4":"has-post-thumbnail","6":"product_cat-poeetiline-punane-raamat","7":"product_tag-poeetilise-punane-raamat","8":"product_shipping_class-raamat","10":"first","11":"outofstock","12":"taxable","13":"shipping-taxable","14":"purchasable","15":"product-type-simple"},"_links":{"self":[{"href":"https:\/\/labora.ee\/et\/wp-json\/wp\/v2\/product\/2332","targetHints":{"allow":["GET"]}}],"collection":[{"href":"https:\/\/labora.ee\/et\/wp-json\/wp\/v2\/product"}],"about":[{"href":"https:\/\/labora.ee\/et\/wp-json\/wp\/v2\/types\/product"}],"replies":[{"embeddable":true,"href":"https:\/\/labora.ee\/et\/wp-json\/wp\/v2\/comments?post=2332"}],"wp:featuredmedia":[{"embeddable":true,"href":"https:\/\/labora.ee\/et\/wp-json\/wp\/v2\/media\/2326"}],"wp:attachment":[{"href":"https:\/\/labora.ee\/et\/wp-json\/wp\/v2\/media?parent=2332"}],"wp:term":[{"taxonomy":"product_brand","embeddable":true,"href":"https:\/\/labora.ee\/et\/wp-json\/wp\/v2\/product_brand?post=2332"},{"taxonomy":"product_cat","embeddable":true,"href":"https:\/\/labora.ee\/et\/wp-json\/wp\/v2\/product_cat?post=2332"},{"taxonomy":"product_tag","embeddable":true,"href":"https:\/\/labora.ee\/et\/wp-json\/wp\/v2\/product_tag?post=2332"}],"curies":[{"name":"wp","href":"https:\/\/api.w.org\/{rel}","templated":true}]}}