{"id":2237,"date":"2018-07-06T21:21:38","date_gmt":"2018-07-06T18:21:38","guid":{"rendered":"https:\/\/labora.ee\/et\/?post_type=product&#038;p=2237"},"modified":"2019-04-15T17:23:23","modified_gmt":"2019-04-15T14:23:23","slug":"armastus","status":"publish","type":"product","link":"https:\/\/labora.ee\/et\/shop\/large_prints\/armastus\/","title":{"rendered":"Armastus on pikameelne, armastus on t\u00e4is heldust \u2013 kunstiteos (A3)"},"content":{"rendered":"<p><strong>Kalligraafia tekst:\u00a0<\/strong><\/p>\n<p style=\"font-weight: 400;\">Armastus on pikameelne, armastus on t\u00e4is heldust;\u00a0\u00a0ta ei ole kade, armastus ei suurustle, ta ei ole iseennast t\u00e4is; ta ei ole viisakuseta, ta ei otsi omakasu, ta ei \u00e4rritu, ta ei pea meeles paha; ta ei r\u00f5\u00f5mutse \u00fclekohtust, aga ta r\u00f5\u00f5mutseb \u00fches t\u00f5ega; tema vabandab k\u00f5ik, usub k\u00f5ik, loodab k\u00f5ik, sallib k\u00f5ik! (Pauluse esimene kiri korintlastele 13:4-7)<\/p>\n<p>Kalligraafia on k\u00f5rtr\u00fcki tehnikas tr\u00fckitud k\u00e4sitsi valmistatud paberile. Paber on valmistatud puuvillast ja abaka segust. Iga tr\u00fckis on nummerdatud ja originaalkalligraafia autori Tatiana Iakovleva poolt signeeritud.<\/p>\n","protected":false},"excerpt":{"rendered":"<p style=\"font-weight: 400;\"><strong>Tatiana Iakovleva kaasaegses kalligraafias kirjutatud inspireeriv tsitaat armastusest.<\/strong><\/p>\n<p style=\"font-weight: 400;\">Tr\u00fckist on piiratud kogus, k\u00f5igest 50 allkirjastatud ja nummerdatud eksemplari. Tr\u00fckise suurus on A3.<\/p>\n<p>&nbsp;<\/p>\n","protected":false},"featured_media":2246,"comment_status":"closed","ping_status":"closed","template":"","meta":{"_et_pb_use_builder":"","_et_pb_old_content":"","_et_gb_content_width":""},"product_brand":[],"product_cat":[28],"product_tag":[213,120,143],"class_list":{"0":"post-2237","1":"product","2":"type-product","3":"status-publish","4":"has-post-thumbnail","6":"product_cat-large_prints","7":"product_tag-armastus","8":"product_tag-kalligraafia","9":"product_tag-limiteeritud-korgtrukiseeria","10":"product_shipping_class-a3-prints","12":"first","13":"instock","14":"taxable","15":"shipping-taxable","16":"purchasable","17":"product-type-simple"},"_links":{"self":[{"href":"https:\/\/labora.ee\/et\/wp-json\/wp\/v2\/product\/2237","targetHints":{"allow":["GET"]}}],"collection":[{"href":"https:\/\/labora.ee\/et\/wp-json\/wp\/v2\/product"}],"about":[{"href":"https:\/\/labora.ee\/et\/wp-json\/wp\/v2\/types\/product"}],"replies":[{"embeddable":true,"href":"https:\/\/labora.ee\/et\/wp-json\/wp\/v2\/comments?post=2237"}],"wp:featuredmedia":[{"embeddable":true,"href":"https:\/\/labora.ee\/et\/wp-json\/wp\/v2\/media\/2246"}],"wp:attachment":[{"href":"https:\/\/labora.ee\/et\/wp-json\/wp\/v2\/media?parent=2237"}],"wp:term":[{"taxonomy":"product_brand","embeddable":true,"href":"https:\/\/labora.ee\/et\/wp-json\/wp\/v2\/product_brand?post=2237"},{"taxonomy":"product_cat","embeddable":true,"href":"https:\/\/labora.ee\/et\/wp-json\/wp\/v2\/product_cat?post=2237"},{"taxonomy":"product_tag","embeddable":true,"href":"https:\/\/labora.ee\/et\/wp-json\/wp\/v2\/product_tag?post=2237"}],"curies":[{"name":"wp","href":"https:\/\/api.w.org\/{rel}","templated":true}]}}