{"id":2215,"date":"2018-07-06T18:28:38","date_gmt":"2018-07-06T15:28:38","guid":{"rendered":"https:\/\/labora.ee\/et\/?post_type=product&#038;p=2215"},"modified":"2019-04-15T17:26:49","modified_gmt":"2019-04-15T14:26:49","slug":"porgand-kunstitrukk","status":"publish","type":"product","link":"https:\/\/labora.ee\/et\/shop\/large_prints\/porgand-kunstitrukk\/","title":{"rendered":"Porgand linnam\u00fc\u00fcri \u00e4\u00e4rselt peenralt &#8211; kunstiteos (A4)"},"content":{"rendered":"<p>Hankige <a href=\"https:\/\/labora.ee\/et\/shop\/large_prints\/juurviljad-taiskomplekt\/\">t\u00e4iskomplekt kolmest k\u00f6\u00f6giviljast linnam\u00fc\u00fcri \u00e4\u00e4rselt peenralt<\/a> ja lisage oma koju veelgi rohkem v\u00e4rvi!\u00a0Tellides t\u00e4iskomplekti juurvilju linnam\u00fc\u00fcri \u00e4\u00e4rselt peenralt, tuleb hind m\u00e4rksa soodsam.<\/p>\n","protected":false},"excerpt":{"rendered":"<p style=\"font-weight: 400;\">Linnam\u00fc\u00fcri \u00e4\u00e4rselt peenralt porgandid on loodud k\u00f5rgtr\u00fcki meetodil k\u00e4sit\u00f6\u00f6paberile. N\u00fc\u00fcd v\u00f5ivad need porgandid linnam\u00fc\u00fcride vahelt ka sinu koduseina kaunistada. Tr\u00fckised toovad v\u00e4rvi igasse ruumi, kuhu need riputada.<\/p>\n<p style=\"font-weight: 400;\">Labora paber on k\u00e4sitsi valmistatud spetsiaalsest puuvilla ja abaka segust.<\/p>\n<p style=\"font-weight: 400;\">Paberi omadused (paksus ja tekstuur) v\u00f5imaldavad sellele k\u00f5rgtr\u00fckimasinat kasutades vajutada s\u00fcgava j\u00e4ljendi. Selline meetod muudab iga tr\u00fckise ainulaadseks.<\/p>\n<p style=\"font-weight: 400;\">Tr\u00fckised on piiratud tiraa\u017eiga, k\u00f5igest 100 tk. K\u00f5ik eksemplarid on nummeratud ja allkirjastatud. Suuruseks on A4.<\/p>\n<p>&nbsp;<\/p>\n","protected":false},"featured_media":2225,"comment_status":"closed","ping_status":"closed","template":"","meta":{"_et_pb_use_builder":"","_et_pb_old_content":"","_et_gb_content_width":""},"product_brand":[],"product_cat":[28],"product_tag":[120,143],"class_list":{"0":"post-2215","1":"product","2":"type-product","3":"status-publish","4":"has-post-thumbnail","6":"product_cat-large_prints","7":"product_tag-kalligraafia","8":"product_tag-limiteeritud-korgtrukiseeria","9":"product_shipping_class-a3-prints","11":"first","12":"instock","13":"taxable","14":"shipping-taxable","15":"purchasable","16":"product-type-simple"},"_links":{"self":[{"href":"https:\/\/labora.ee\/et\/wp-json\/wp\/v2\/product\/2215","targetHints":{"allow":["GET"]}}],"collection":[{"href":"https:\/\/labora.ee\/et\/wp-json\/wp\/v2\/product"}],"about":[{"href":"https:\/\/labora.ee\/et\/wp-json\/wp\/v2\/types\/product"}],"replies":[{"embeddable":true,"href":"https:\/\/labora.ee\/et\/wp-json\/wp\/v2\/comments?post=2215"}],"wp:featuredmedia":[{"embeddable":true,"href":"https:\/\/labora.ee\/et\/wp-json\/wp\/v2\/media\/2225"}],"wp:attachment":[{"href":"https:\/\/labora.ee\/et\/wp-json\/wp\/v2\/media?parent=2215"}],"wp:term":[{"taxonomy":"product_brand","embeddable":true,"href":"https:\/\/labora.ee\/et\/wp-json\/wp\/v2\/product_brand?post=2215"},{"taxonomy":"product_cat","embeddable":true,"href":"https:\/\/labora.ee\/et\/wp-json\/wp\/v2\/product_cat?post=2215"},{"taxonomy":"product_tag","embeddable":true,"href":"https:\/\/labora.ee\/et\/wp-json\/wp\/v2\/product_tag?post=2215"}],"curies":[{"name":"wp","href":"https:\/\/api.w.org\/{rel}","templated":true}]}}