{"id":1767,"date":"2017-11-24T16:49:53","date_gmt":"2017-11-24T14:49:53","guid":{"rendered":"https:\/\/labora.ee\/et\/?post_type=product&#038;p=1767"},"modified":"2020-04-26T22:13:58","modified_gmt":"2020-04-26T19:13:58","slug":"joulu-siil-ingliskeelne","status":"publish","type":"product","link":"https:\/\/labora.ee\/et\/shop\/seed_paper_cards\/joulu-siil-ingliskeelne\/","title":{"rendered":"J\u00f5ulu siil (ingliskeelne)"},"content":{"rendered":"<p><span style=\"font-weight: 400;\">Seemnepaberist kaardid on valmistatud 100 % taaskasutatud paberist ja tr\u00fckitud k\u00f5rgtr\u00fcki tehnikas. Iga seemnepaberist kaardiga on kaasas vandlikarva \u00fcmbrik. Juhendi seemnepaberi istutamiseks leiate pakendi tagumiselt k\u00fcljelt.<\/span><br \/>\n<span style=\"font-weight: 400;\">Asetage seemnepaber mullale ja kastke seda regulaarselt. Seemned hakkavad idanema 1-2 n\u00e4dala p\u00e4rast. Lisainfo ja t\u00e4psemad juhised istutamiseks leiate <\/span><span style=\"font-weight: 400;\"><a href=\"http:\/\/labora.ee\/et\/seemne-paber\/\">siit<\/a>.<\/span><\/p>\n<p><span style=\"font-weight: 400;\">Kuigi enamus riike lubab seemneid postiga saata, on siiski m\u00f5ned erandid. Riikide nimekirja, kuhu seemnete saatmisel kehtivad piirangud, leiate<\/span><span style=\"font-weight: 400;\"><a href=\"http:\/\/labora.ee\/et\/seemnepaberi-impordipiirangud\/\"> siit<\/a>.<\/span><\/p>\n","protected":false},"excerpt":{"rendered":"<p><strong>J\u00f5ulud on p\u00fcha, mil kaartide saatmine on ikka kombeks olnud. Hoidke seda imelist traditsiooni elus meie j\u00f5ulukaardiga!<\/strong><\/p>\n<p>Kaart ja lilled on alati sobiv kingitus. Kuidas oleks, kui teie kaart ja lilled mahuksid \u00fchte ja samasse \u00fcmbrikusse? \u00dcmbrikusse, mille v\u00f5ite posti panna ja teise maailma otsa saata?\u00a0Seemnepaberist kaart pakub teile just sellist v\u00f5imalust: valige lemmik meie kujunduste hulgast, kirjutage kaardile s\u00f5num ja saatke see endale olulistele inimestele. Kui kaardi saaja paberi maha istutab, v\u00f5ib ta m\u00f5ne kuu p\u00e4rast nautida teie saadetud \u00f5itsvaid p\u00f5llulilli.<\/p>\n","protected":false},"featured_media":2706,"comment_status":"closed","ping_status":"closed","template":"","meta":{"_et_pb_use_builder":"","_et_pb_old_content":"","_et_gb_content_width":""},"product_brand":[],"product_cat":[21,115],"product_tag":[153,144,152,149,130],"class_list":{"0":"post-1767","1":"product","2":"type-product","3":"status-publish","4":"has-post-thumbnail","6":"product_cat-seed_paper_cards","7":"product_cat-christmas-cards","8":"product_tag-kingitus","9":"product_tag-korgtruki-tehnika","10":"product_tag-lilled","11":"product_tag-pollulilled","12":"product_tag-seemnepaber","14":"first","15":"instock","16":"taxable","17":"shipping-taxable","18":"purchasable","19":"product-type-simple"},"_links":{"self":[{"href":"https:\/\/labora.ee\/et\/wp-json\/wp\/v2\/product\/1767","targetHints":{"allow":["GET"]}}],"collection":[{"href":"https:\/\/labora.ee\/et\/wp-json\/wp\/v2\/product"}],"about":[{"href":"https:\/\/labora.ee\/et\/wp-json\/wp\/v2\/types\/product"}],"replies":[{"embeddable":true,"href":"https:\/\/labora.ee\/et\/wp-json\/wp\/v2\/comments?post=1767"}],"wp:featuredmedia":[{"embeddable":true,"href":"https:\/\/labora.ee\/et\/wp-json\/wp\/v2\/media\/2706"}],"wp:attachment":[{"href":"https:\/\/labora.ee\/et\/wp-json\/wp\/v2\/media?parent=1767"}],"wp:term":[{"taxonomy":"product_brand","embeddable":true,"href":"https:\/\/labora.ee\/et\/wp-json\/wp\/v2\/product_brand?post=1767"},{"taxonomy":"product_cat","embeddable":true,"href":"https:\/\/labora.ee\/et\/wp-json\/wp\/v2\/product_cat?post=1767"},{"taxonomy":"product_tag","embeddable":true,"href":"https:\/\/labora.ee\/et\/wp-json\/wp\/v2\/product_tag?post=1767"}],"curies":[{"name":"wp","href":"https:\/\/api.w.org\/{rel}","templated":true}]}}